{"id":994,"date":"2018-05-10T09:53:07","date_gmt":"2018-05-10T09:53:07","guid":{"rendered":"https:\/\/www.madridtourstickets.com\/?post_type=product&#038;p=994"},"modified":"2020-02-24T15:54:49","modified_gmt":"2020-02-24T15:54:49","slug":"cuenca-ciudad-encantada","status":"publish","type":"product","link":"https:\/\/www.madridtourstickets.com\/es\/tours\/cuenca-ciudad-encantada\/","title":{"rendered":"Cuenca &#038; Ciudad Encantada"},"content":{"rendered":"<h1 style=\"text-align: justify;\"><strong>Cuenca &amp; Ciudad Encantada<\/strong><\/h1>\n<p style=\"text-align: justify;\">La Ciudad de Cuenca, declarada Patrimonio de la Humanidad por la UNESCO, es una de las ciudades con m\u00e1s riqueza material e inmaterial de Espa\u00f1a. Se realizar\u00e1n una parada en Taranc\u00f3n, para posteriormente realizar la visita la Ciudad Encantada, un paraje natural que fue declarado en 1929 como Sitio Natural de Inter\u00e9s Nacional. Breve parada en el mirador del Ventano del Diablo, cueva natural desde la que se puede ver las hoces del r\u00edo J\u00facar en todo su esplendor.<\/p>\n<p style=\"text-align: justify;\">Almuerzo en el Auditorio de Cuenca, para continuar con una panor\u00e1mica por la Hoz del Jucar. Posteriormente se realizar\u00e1 la visita a la Cuenca Medieval, con sus Casas Colgadas, Catedral de Nuestra Se\u00f1ora de Gracia, el Puente de San Pablo. Tiempo libre para disfrutar de la ciudad.<\/p>\n<h5 style=\"text-align: justify;\"><strong>Punto de Encuentro y Finalizaci\u00f3n<\/strong><\/h5>\n<p style=\"text-align: justify;\">Salida desde Plaza de Espa\u00f1a, 5-7 (Cuesta de San Vicente)<\/p>\n<p style=\"text-align: justify;\">Se requiere reserva previa<\/p>\n<h5 style=\"text-align: justify;\"><strong>Horarios<\/strong><\/h5>\n<p style=\"text-align: justify;\">09:00\/ Lunes, jueves y s\u00e1bados.<\/p>\n<h5 style=\"text-align: justify;\"><strong>Incluye<\/strong><\/h5>\n<ul style=\"text-align: justify;\">\n<li style=\"list-style-type: none;\">\n<ul>\n<li>Transporte en autocar.<\/li>\n<li>Entradas a monumentos.<\/li>\n<li>Guias Locales<\/li>\n<\/ul>\n<\/li>\n<\/ul>\n<h5 style=\"text-align: justify;\"><strong>Excluye<\/strong><\/h5>\n<p style=\"text-align: justify;\">El regreso a los hoteles<\/p>\n<h5 style=\"text-align: justify;\"><strong>Informaci\u00f3n Adicional<\/strong><\/h5>\n<p style=\"text-align: justify;\"><strong>Duraci\u00f3n:\u00a0<\/strong>12 horas.<\/p>\n<p style=\"text-align: justify;\"><strong>Idiomas: <\/strong>Espa\u00f1ol e Ingl\u00e9s<\/p>\n<p style=\"text-align: justify;\"><strong>Lista de precios:<\/strong><\/p>\n<p style=\"text-align: justify;\">Sin almuerzo: Adulto 59\u20ac | Ni\u00f1os (6-15) 38\u20ac | Senior*(+65) 54\u20ac<\/p>\n<p style=\"text-align: justify;\">Con almuerzo tur\u00edstico: Adulto 73\u20ac | Ni\u00f1os (6-15) 45\u20ac | Senior*(+65) 68\u20ac<\/p>\n<p style=\"text-align: justify;\">Con almuerzo t\u00edpico : Adulto 83\u20ac | Ni\u00f1os (6-15) 45\u20ac | Senior* (+65) 78\u20ac<\/p>\n<p style=\"text-align: justify;\">Ni\u00f1os: gratis hasta 5 a\u00f1os (m\u00e1x. 1 ni\u00f1o x adulto. No incluidas consumiciones ni comidas)<\/p>\n<p style=\"text-align: justify;\">(*) Precios v\u00e1lidos para salidas a partir de Enero<\/p>\n<p style=\"text-align: justify;\"><strong><em>Nota: Tenga en cuenta que en esta atracci\u00f3n el voucher impreso es necesario (no son v\u00e1lidos los E-Ticket)<\/em><\/strong><\/p>\n<p style=\"text-align: justify;\">Para cualquier petici\u00f3n especial contacte con nosotros o env\u00edenos un mail <strong>info@tourstickets.com<\/strong><\/p>\n<p style=\"text-align: justify;\">\n","protected":false},"excerpt":{"rendered":"<p style=\"text-align: justify;\">La Ciudad de Cuenca, declarada Patrimonio de la Humanidad por la UNESCO, es una de las ciudades con m\u00e1s riqueza material e inmaterial de Espa\u00f1a. Se realizar\u00e1n una parada en Taranc\u00f3n, para posteriormente realizar la visita la Ciudad Encantada, un paraje natural que fue declarado en 1929 como Sitio Natural de Inter\u00e9s Nacional.<\/p>\n","protected":false},"featured_media":1918,"template":"","meta":{"generate_page_header":""},"product_brand":[],"product_cat":[36],"product_tag":[67,41,68],"class_list":{"0":"post-994","1":"product","2":"type-product","3":"status-publish","4":"has-post-thumbnail","6":"product_cat-desde-madrid","7":"product_tag-bus-tours-es","8":"product_tag-highlights-es","9":"product_tag-sightseeing-es","10":"sales-flash-overlay","11":"woocommerce-text-align-center","12":"woocommerce-image-align-center","13":"do-quantity-buttons","14":"wc-has-gallery","16":"first","17":"instock","18":"virtual","19":"sold-individually","20":"purchasable","21":"product-type-booking"},"_links":{"self":[{"href":"https:\/\/www.madridtourstickets.com\/es\/wp-json\/wp\/v2\/product\/994","targetHints":{"allow":["GET"]}}],"collection":[{"href":"https:\/\/www.madridtourstickets.com\/es\/wp-json\/wp\/v2\/product"}],"about":[{"href":"https:\/\/www.madridtourstickets.com\/es\/wp-json\/wp\/v2\/types\/product"}],"wp:featuredmedia":[{"embeddable":true,"href":"https:\/\/www.madridtourstickets.com\/es\/wp-json\/wp\/v2\/media\/1918"}],"wp:attachment":[{"href":"https:\/\/www.madridtourstickets.com\/es\/wp-json\/wp\/v2\/media?parent=994"}],"wp:term":[{"taxonomy":"product_brand","embeddable":true,"href":"https:\/\/www.madridtourstickets.com\/es\/wp-json\/wp\/v2\/product_brand?post=994"},{"taxonomy":"product_cat","embeddable":true,"href":"https:\/\/www.madridtourstickets.com\/es\/wp-json\/wp\/v2\/product_cat?post=994"},{"taxonomy":"product_tag","embeddable":true,"href":"https:\/\/www.madridtourstickets.com\/es\/wp-json\/wp\/v2\/product_tag?post=994"}],"curies":[{"name":"wp","href":"https:\/\/api.w.org\/{rel}","templated":true}]}}