{"id":958,"date":"2018-05-08T08:42:32","date_gmt":"2018-05-08T08:42:32","guid":{"rendered":"https:\/\/www.madridtourstickets.com\/?post_type=product&#038;p=958"},"modified":"2020-02-24T16:04:50","modified_gmt":"2020-02-24T16:04:50","slug":"avila-segovia-tour","status":"publish","type":"product","link":"https:\/\/www.madridtourstickets.com\/es\/tours\/avila-segovia-tour\/","title":{"rendered":"\u00c1vila &#038; Segovia Tour"},"content":{"rendered":"<h1><strong>\u00c1vila &amp; Segovia Tour<\/strong><\/h1>\n<p>\u00c1vila, ciudad hist\u00f3rica de Espa\u00f1a, con sus magn\u00edficas murallas del siglo XI. La ciudad es cuna de Santa Teresa de Jes\u00fas. Se visitan los exteriores de la Catedral, Plaza Mayor o Mercado Chico, Plaza de San Juan de la Cruz, y los interiores de la Bas\u00edlica Rom\u00e1nica de San Vicente, la Iglesia de San Juan Bautista y la Casa Convento de Santa Teresa de Jes\u00fas.<\/p>\n<p>Segovia es rica en monumentos hist\u00f3ricos, destacando su majestuoso Acueducto Romano. Se visitan los interiores de la Catedral G\u00f3tica, y el Alc\u00e1zar del siglo XII, espectacular construcci\u00f3n fortificada. Ambas ciudades son Ciudades Patrimonio de la Humanidad. La comida se realiza en Segovia.<\/p>\n<p>Tapa: Degustaci\u00f3n de una t\u00edpica \u201ctapa\u201d de tortilla espa\u00f1ola, acompa\u00f1a- da de un vino, agua o refresco.<\/p>\n<p>Almuerzo tur\u00edstico: Judiones \u201cLa Granja\u201d, ternera estofada al estilo se- goviano con guarnici\u00f3n y postre. Bebidas no incluidas.<\/p>\n<p>Almuerzo t\u00edpico: Judiones \u201cLa Granja\u201d, cochinillo asado, tarta ponche con helado. Vino y agua mineral.<\/p>\n<p>Men\u00fa infantil: macarrones con tomate, escalope con patatas y helado. Men\u00fa vegetariano disponible<\/p>\n<h5><strong>Punto de Encuentro y Finalizaci\u00f3n<\/strong><\/h5>\n<p>El Tour sale de la terminal de la Calle San Bernardo, 7. Madrid. Las estaciones de metro m\u00e1s cercanas son Santo Domingo (L\u00ednea 2) y Callao (L\u00edneas 3 y 5), situadas a 2 y 5 minutos a pie de la Terminal, respectivamente.<\/p>\n<h5><strong>Horarios<\/strong><\/h5>\n<p>09:00<\/p>\n<h5><strong>Incluye<\/strong><\/h5>\n<ul>\n<li style=\"list-style-type: none;\">\n<ul>\n<li>Transporte en autocar.<\/li>\n<li>Entradas a monumentos.<\/li>\n<li>Gu\u00eda oficial.<\/li>\n<\/ul>\n<\/li>\n<\/ul>\n<h5><strong>Excluye<\/strong><\/h5>\n<p>El regreso a los hoteles<\/p>\n<h5><strong>Informaci\u00f3n Adicional<\/strong><\/h5>\n<p><strong>Duraci\u00f3n:\u00a0<\/strong>9 hrs<\/p>\n<p><strong>Idiomas: <\/strong>Espa\u00f1ol e Ingl\u00e9s<\/p>\n<p><strong>Lista de precios:<\/strong><\/p>\n<ul>\n<li style=\"text-align: justify;\">Sin almuerzo, con \u201ctapa\u201d: Adulto 74\u20ac | Ni\u00f1os (6-15) 42\u20ac | Senior (+65) 62\u20ac<\/li>\n<li style=\"text-align: justify;\">Con almuerzo tur\u00edstico: Adulto 84\u20ac | Ni\u00f1os (6-15) 54\u20ac | Senior (+65) 74\u20ac<\/li>\n<li style=\"text-align: justify;\">Con almuerzo t\u00edpico : Adulto 93\u20ac | Ni\u00f1os (6-15) 58\u20ac | Senior (+65) 81\u20ac<\/li>\n<\/ul>\n<p>Ni\u00f1os: gratis hasta 5 a\u00f1os (m\u00e1x. 1 ni\u00f1o x adulto. No incluidas consumiciones ni comidas)<\/p>\n<p><strong><em>Nota: Tenga en cuenta que en esta atracci\u00f3n el voucher impreso es necesario (no son v\u00e1lidos los E-Ticket)<\/em><\/strong><\/p>\n<p>Para cualquier petici\u00f3n especial contacte con nosotros o env\u00edenos un mail a info@tourstickets.com<\/p>\n","protected":false},"excerpt":{"rendered":"<p style=\"text-align: justify;\">\u00c1vila, ciudad hist\u00f3rica de Espa\u00f1a, con sus magn\u00edficas murallas del siglo XI. La ciudad es cuna de Santa Teresa de Jes\u00fas. Se visitan los exteriores de la Catedral, Plaza Mayor o Mercado Chico, Plaza de San Juan de la Cruz, y los interiores de la Bas\u00edlica Rom\u00e1nica de San Vicente, la Iglesia de San Juan Bautista y la Casa Convento de Santa Teresa de Jes\u00fas.<\/p>\n","protected":false},"featured_media":1923,"template":"","meta":{"generate_page_header":""},"product_brand":[],"product_cat":[36],"product_tag":[94,67,41,95,68],"class_list":{"0":"post-958","1":"product","2":"type-product","3":"status-publish","4":"has-post-thumbnail","6":"product_cat-desde-madrid","7":"product_tag-avila-es","8":"product_tag-bus-tours-es","9":"product_tag-highlights-es","10":"product_tag-segovia-es","11":"product_tag-sightseeing-es","12":"sales-flash-overlay","13":"woocommerce-text-align-center","14":"woocommerce-image-align-center","15":"do-quantity-buttons","16":"wc-has-gallery","18":"first","19":"instock","20":"virtual","21":"sold-individually","22":"purchasable","23":"product-type-booking"},"_links":{"self":[{"href":"https:\/\/www.madridtourstickets.com\/es\/wp-json\/wp\/v2\/product\/958","targetHints":{"allow":["GET"]}}],"collection":[{"href":"https:\/\/www.madridtourstickets.com\/es\/wp-json\/wp\/v2\/product"}],"about":[{"href":"https:\/\/www.madridtourstickets.com\/es\/wp-json\/wp\/v2\/types\/product"}],"wp:featuredmedia":[{"embeddable":true,"href":"https:\/\/www.madridtourstickets.com\/es\/wp-json\/wp\/v2\/media\/1923"}],"wp:attachment":[{"href":"https:\/\/www.madridtourstickets.com\/es\/wp-json\/wp\/v2\/media?parent=958"}],"wp:term":[{"taxonomy":"product_brand","embeddable":true,"href":"https:\/\/www.madridtourstickets.com\/es\/wp-json\/wp\/v2\/product_brand?post=958"},{"taxonomy":"product_cat","embeddable":true,"href":"https:\/\/www.madridtourstickets.com\/es\/wp-json\/wp\/v2\/product_cat?post=958"},{"taxonomy":"product_tag","embeddable":true,"href":"https:\/\/www.madridtourstickets.com\/es\/wp-json\/wp\/v2\/product_tag?post=958"}],"curies":[{"name":"wp","href":"https:\/\/api.w.org\/{rel}","templated":true}]}}