{"id":683,"date":"2018-04-24T22:19:08","date_gmt":"2018-04-24T22:19:08","guid":{"rendered":"https:\/\/www.madridtourstickets.com\/?post_type=product&#038;p=683"},"modified":"2020-02-20T16:18:09","modified_gmt":"2020-02-20T16:18:09","slug":"toledo-a-su-aire","status":"publish","type":"product","link":"https:\/\/www.madridtourstickets.com\/es\/tours\/toledo-a-su-aire\/","title":{"rendered":"Toledo A Su Aire"},"content":{"rendered":"<h1 style=\"text-align: justify;\"><strong>Toledo A Su Aire<\/strong><\/h1>\n<p style=\"text-align: justify;\">Toledo a su aire: Para aquellos que prefieran descubrir la ciudad \u201ca su aire\u201d. Con bus tur\u00edstico: Incluye un recorrido en Bus Tur\u00edstico, por sus estrechas e hist\u00f3ricas calles y con comentarios por megafon\u00eda.<\/p>\n<h5 style=\"text-align: justify;\"><strong>Punto de Encuentro y Finalizaci\u00f3n<\/strong><\/h5>\n<p style=\"text-align: justify;\">El Tour sale de la terminal de Trapsatur, Calle San Bernardo, 7. Madrid. Las estaciones de metro m\u00e1s cercanas son Santo Domingo (L\u00ednea 2) y Callao (L\u00edneas 3 y 5), situadas a 2 y 5 minutos a pie de la Terminal, respectivamente.<\/p>\n<h5 style=\"text-align: justify;\"><strong>Horarios<\/strong><\/h5>\n<p style=\"text-align: justify;\">09:00 Diariamente<\/p>\n<h5 style=\"text-align: justify;\"><strong>Incluye<\/strong><\/h5>\n<ul style=\"text-align: justify;\">\n<li style=\"list-style-type: none;\">\n<ul>\n<li>Transporte en autocar.<\/li>\n<li>Entradas a monumentos.<\/li>\n<\/ul>\n<\/li>\n<\/ul>\n<h5 style=\"text-align: justify;\"><strong>Excluye<\/strong><\/h5>\n<p style=\"text-align: justify;\">El regreso a los hoteles<\/p>\n<h5 style=\"text-align: justify;\"><strong>Informaci\u00f3n Adicional<\/strong><\/h5>\n<p style=\"text-align: justify;\"><strong>Duraci\u00f3n: <\/strong>8 horas<\/p>\n<p style=\"text-align: justify;\"><strong>Idiomas: <\/strong>Espa\u00f1ol e Ingl\u00e9s<\/p>\n<p style=\"text-align: justify;\"><strong>Lista de precios:<\/strong><\/p>\n<p style=\"text-align: justify;\">Toledo a su aire: Adulto 24\u20ac | Ni\u00f1os (6-15) 13\u20ac | Senior (+65) 19\u20ac<\/p>\n<p style=\"text-align: justify;\">Con pulsera tur\u00edstica: Adulto 34\u20ac | Ni\u00f1os (6-15) 19\u20ac | Senior (+65) 25\u20ac<\/p>\n<p style=\"text-align: justify;\">Ni\u00f1os: gratis hasta 5 a\u00f1os (m\u00e1x. 1 ni\u00f1o x adulto. No incluidas consumiciones ni comidas)<\/p>\n<p style=\"text-align: justify;\"><strong><em>Nota: Tenga en cuenta que en esta atracci\u00f3n el voucher impreso es necesario (no son v\u00e1lidos los E-Ticket)<\/em><\/strong><\/p>\n<p style=\"text-align: justify;\">Para cualquier petici\u00f3n especial <a href=\"https:\/\/www.madridtourstickets.com\/es\/contacto\/\">contacte con nosotros<\/a> o env\u00edenos un mail a info@tourstickets.com<\/p>\n<p style=\"text-align: justify;\">\n","protected":false},"excerpt":{"rendered":"<p style=\"text-align: justify;\">Toledo a su aire: Para aquellos que prefieran descubrir la ciudad \u201ca su aire\u201d. Con bus tur\u00edstico: Incluye un recorrido en Bus Tur\u00edstico, por sus estrechas e hist\u00f3ricas calles y con comentarios por megafon\u00eda.<\/p>\n","protected":false},"featured_media":1935,"template":"","meta":{"generate_page_header":""},"product_brand":[],"product_cat":[36,103,39],"product_tag":[67,41,68,78,69],"class_list":{"0":"post-683","1":"product","2":"type-product","3":"status-publish","4":"has-post-thumbnail","6":"product_cat-desde-madrid","7":"product_cat-toledo-es","8":"product_cat-tours-a-pie","9":"product_tag-bus-tours-es","10":"product_tag-highlights-es","11":"product_tag-sightseeing-es","12":"product_tag-toledo-es","13":"product_tag-walking-tour-es","14":"sales-flash-overlay","15":"woocommerce-text-align-center","16":"woocommerce-image-align-center","17":"do-quantity-buttons","18":"wc-has-gallery","20":"first","21":"instock","22":"virtual","23":"sold-individually","24":"purchasable","25":"product-type-booking"},"_links":{"self":[{"href":"https:\/\/www.madridtourstickets.com\/es\/wp-json\/wp\/v2\/product\/683","targetHints":{"allow":["GET"]}}],"collection":[{"href":"https:\/\/www.madridtourstickets.com\/es\/wp-json\/wp\/v2\/product"}],"about":[{"href":"https:\/\/www.madridtourstickets.com\/es\/wp-json\/wp\/v2\/types\/product"}],"wp:featuredmedia":[{"embeddable":true,"href":"https:\/\/www.madridtourstickets.com\/es\/wp-json\/wp\/v2\/media\/1935"}],"wp:attachment":[{"href":"https:\/\/www.madridtourstickets.com\/es\/wp-json\/wp\/v2\/media?parent=683"}],"wp:term":[{"taxonomy":"product_brand","embeddable":true,"href":"https:\/\/www.madridtourstickets.com\/es\/wp-json\/wp\/v2\/product_brand?post=683"},{"taxonomy":"product_cat","embeddable":true,"href":"https:\/\/www.madridtourstickets.com\/es\/wp-json\/wp\/v2\/product_cat?post=683"},{"taxonomy":"product_tag","embeddable":true,"href":"https:\/\/www.madridtourstickets.com\/es\/wp-json\/wp\/v2\/product_tag?post=683"}],"curies":[{"name":"wp","href":"https:\/\/api.w.org\/{rel}","templated":true}]}}