{"id":658,"date":"2018-04-24T22:01:44","date_gmt":"2018-04-24T22:01:44","guid":{"rendered":"https:\/\/www.madridtourstickets.com\/?post_type=product&#038;p=658"},"modified":"2020-01-21T03:35:54","modified_gmt":"2020-01-21T03:35:54","slug":"consuegra-toledo-tours","status":"publish","type":"product","link":"https:\/\/www.madridtourstickets.com\/es\/tours\/consuegra-toledo-tours\/","title":{"rendered":"Consuegra &#038; Toledo Tours"},"content":{"rendered":"<h1 style=\"text-align: justify;\"><strong>Consuegra &amp; Toledo Tours<\/strong><\/h1>\n<p style=\"text-align: justify;\">Despu\u00e9s del almuerzo, se inicia la visita a pie de Toledo con un paseo por la ciudad para llegar a la Plaza del ayuntamiento y posibilidad de visitar al interior de la Catedral Primada. Caminaremos por las estrechas calles del antiguo Barrio Jud\u00edo para entrar en la Iglesia de Santo Tom\u00e9, y admirar el monumental cuadro \u201cEl entierro del Conde Orgaz\u201d. Continuaremos para visitar la Sinagoga de Santa Mar\u00eda la Blanca. Posteriormente visita a una f\u00e1brica de Damasquinado, conocido arte toledano heredado de los antiguos artesanos.<\/p>\n<ul style=\"text-align: justify;\">\n<li>Almuerzo tur\u00edstico: menestra de verduras, lomitos de ternera con guarnici\u00f3n y helado de vainilla con macedonia de frutas.<\/li>\n<li>Men\u00fa infantil tur\u00edstico: arroz a la cubana o espaguetis, escalope con patatas fritas y helado de vainilla con macedonia de frutas.<\/li>\n<li>Almuerzo t\u00edpico: aperitivos y tapas manchegas, paletilla de cordero asado con verduras, tarta de San Marcos con macedonia de frutas, vino, agua y caf\u00e9.<\/li>\n<li>Men\u00fa infantil t\u00edpico: aperitivos y tapas manchegas, escalope con patatas, tarta de San Marcos con macedonia de frutas y agua.<\/li>\n<li>Men\u00fa vegetariano disponible.<\/li>\n<\/ul>\n<h5 style=\"text-align: justify;\"><strong>Punto de Encuentro y Finalizaci\u00f3<\/strong><\/h5>\n<h5 style=\"text-align: justify;\"><strong>Punto de Encuentro y Finalizaci\u00f3n<\/strong><\/h5>\n<p style=\"text-align: justify;\">El Tour sale de la terminal de Trapsatur, Calle San Bernardo, 7. Madrid. Las estaciones de metro m\u00e1s cercanas son Santo Domingo (L\u00ednea 2) y Callao (L\u00edneas 3 y 5), situadas a 2 y 5 minutos a pie de la Terminal, respectivamente.<\/p>\n<h5 style=\"text-align: justify;\"><strong>Horarios<\/strong><\/h5>\n<p style=\"text-align: justify;\">09 am. \/S\u00e1bados (a partir del 09 Diciembre).<\/p>\n<h5 style=\"text-align: justify;\"><strong>Incluye<\/strong><\/h5>\n<ul style=\"text-align: justify;\">\n<li style=\"list-style-type: none;\">\n<ul>\n<li>Transporte en autocar.<\/li>\n<li>Entradas a monumentos.<\/li>\n<li>Almuerzo en los d\u00edas completos seg\u00fan programa y gu\u00eda oficial.<\/li>\n<\/ul>\n<\/li>\n<\/ul>\n<h5 style=\"text-align: justify;\"><strong>Excluye<\/strong><\/h5>\n<p style=\"text-align: justify;\">El regreso a los hoteles<\/p>\n<h5 style=\"text-align: justify;\"><strong>Informaci\u00f3n Adicional<\/strong><\/h5>\n<p style=\"text-align: justify;\"><strong>Duraci\u00f3n: <\/strong>11 hrs.<\/p>\n<p style=\"text-align: justify;\"><strong>Idiomas: <\/strong>Espa\u00f1ol e Ingl\u00e9s<\/p>\n<p style=\"text-align: justify;\"><strong>Lista de precios:<\/strong><\/p>\n<p style=\"text-align: justify;\">Sin Almuerzo: Adulto 85\u20ac | Ni\u00f1os (6-15) 65\u20ac | Senior (+65) 75\u20ac<\/p>\n<p style=\"text-align: justify;\">Con Almuerzo tur\u00edstico: Adulto 100\u20ac | Ni\u00f1os (6-15) 70\u20ac | Senior (+65) 89\u20ac<\/p>\n<p style=\"text-align: justify;\">Con Almuerzo t\u00edpico: Adulto 107\u20ac | Ni\u00f1os (6-15) 75\u20ac | Senior (+65) 93\u20ac<\/p>\n<p style=\"text-align: justify;\">Suplemento visita guiada Catedral Toledo\/ 10\u20ac por persona.<\/p>\n<p style=\"text-align: justify;\">Ni\u00f1os: gratis hasta 5 a\u00f1os (m\u00e1x. 1 ni\u00f1o x adulto. No incluidas consumiciones ni comidas)<\/p>\n<p style=\"text-align: justify;\"><strong><em>Nota: Tenga en cuenta que en esta atracci\u00f3n el voucher impreso es necesario (no son v\u00e1lidos los E-Ticket)<\/em><\/strong><\/p>\n<p style=\"text-align: justify;\">Para cualquier petici\u00f3n especial <a href=\"https:\/\/www.madridtourstickets.com\/es\/contacto\/\">contacte con nosotros<\/a> o env\u00edenos un mail a booking@madridtourstickets.com<\/p>\n<p style=\"text-align: justify;\">\n","protected":false},"excerpt":{"rendered":"<p style=\"text-align: justify;\">En Consuegra encontramos uno de los conjuntos de Molinos de Viento mejor conservados de toda Espa\u00f1a. Se realizar\u00e1 la visita al interior del Molino de Viento \u201cBolero\u201d. El Castillo de Consuegra se visita tal y como fue en origen. Posteriormente nos dirigiremos al Museo Arqueol\u00f3gico Municipal.<br \/>\nDespu\u00e9s del almuerzo, se inicia la visita a pie de Toledo.<\/p>\n","protected":false},"featured_media":1932,"template":"","meta":{"generate_page_header":""},"product_brand":[],"product_cat":[77,103],"product_tag":[67,41,68,78],"class_list":{"0":"post-658","1":"product","2":"type-product","3":"status-publish","4":"has-post-thumbnail","6":"product_cat-sin-categorizar","7":"product_cat-toledo-es","8":"product_tag-bus-tours-es","9":"product_tag-highlights-es","10":"product_tag-sightseeing-es","11":"product_tag-toledo-es","12":"sales-flash-overlay","13":"woocommerce-text-align-center","14":"woocommerce-image-align-center","15":"do-quantity-buttons","16":"wc-has-gallery","18":"first","19":"instock","20":"virtual","21":"sold-individually","22":"purchasable","23":"product-type-booking"},"_links":{"self":[{"href":"https:\/\/www.madridtourstickets.com\/es\/wp-json\/wp\/v2\/product\/658","targetHints":{"allow":["GET"]}}],"collection":[{"href":"https:\/\/www.madridtourstickets.com\/es\/wp-json\/wp\/v2\/product"}],"about":[{"href":"https:\/\/www.madridtourstickets.com\/es\/wp-json\/wp\/v2\/types\/product"}],"wp:featuredmedia":[{"embeddable":true,"href":"https:\/\/www.madridtourstickets.com\/es\/wp-json\/wp\/v2\/media\/1932"}],"wp:attachment":[{"href":"https:\/\/www.madridtourstickets.com\/es\/wp-json\/wp\/v2\/media?parent=658"}],"wp:term":[{"taxonomy":"product_brand","embeddable":true,"href":"https:\/\/www.madridtourstickets.com\/es\/wp-json\/wp\/v2\/product_brand?post=658"},{"taxonomy":"product_cat","embeddable":true,"href":"https:\/\/www.madridtourstickets.com\/es\/wp-json\/wp\/v2\/product_cat?post=658"},{"taxonomy":"product_tag","embeddable":true,"href":"https:\/\/www.madridtourstickets.com\/es\/wp-json\/wp\/v2\/product_tag?post=658"}],"curies":[{"name":"wp","href":"https:\/\/api.w.org\/{rel}","templated":true}]}}