{"id":635,"date":"2018-04-24T21:49:44","date_gmt":"2018-04-24T21:49:44","guid":{"rendered":"https:\/\/www.madridtourstickets.com\/?post_type=product&#038;p=635"},"modified":"2020-02-20T16:51:28","modified_gmt":"2020-02-20T16:51:28","slug":"toledo-dia-completo-con-catedral","status":"publish","type":"product","link":"https:\/\/www.madridtourstickets.com\/es\/tours\/toledo-dia-completo-con-catedral\/","title":{"rendered":"Toledo D\u00eda Completo con Catedral"},"content":{"rendered":"<h1 style=\"text-align: justify;\"><strong>Toledo D\u00eda Completo con Catedral<\/strong><\/h1>\n<p style=\"text-align: justify;\">Comenzamos una panor\u00e1mica de Toledo, y un paseo por la ciudad para llegar a la Plaza del ayuntamiento y visita al interior de la Catedral Primada. Caminaremos por el antiguo Barrio Jud\u00edo para entrar en la Iglesia de Santo Tom\u00e9, y admirar el monumental cuadro \u201cEl entierro del Conde Orgaz\u201d. Continuaremos para visitar la Sinagoga de Santa Mar\u00eda la Blanca, el Monasterio de San Juan de los Reyes y la Ermita del Cristo de la Luz. Visita panor\u00e1mica en el autob\u00fas, con parada para admirar el paisaje urbano desde el otro lado del r\u00edo. Posteriormente visita a una f\u00e1brica de Damasquinado.<\/p>\n<h5 style=\"text-align: justify;\"><strong>Punto de Encuentro y Finalizaci\u00f3n<\/strong><\/h5>\n<p style=\"text-align: justify;\">El Tour sale de la terminal de Trapsatur, Calle San Bernardo, 7. Madrid. Las estaciones de metro m\u00e1s cercanas son Santo Domingo (L\u00ednea 2) y Callao (L\u00edneas 3 y 5), situadas a 2 y 5 minutos a pie de la Terminal, respectivamente.<\/p>\n<h5 style=\"text-align: justify;\"><strong>Horarios<\/strong><\/h5>\n<p style=\"text-align: justify;\">09 am. \/ Diaria excepto lunes, mi\u00e9rcoles y viernes.<\/p>\n<h5 style=\"text-align: justify;\"><strong>Incluye<\/strong><\/h5>\n<ul style=\"text-align: justify;\">\n<li style=\"list-style-type: none;\">\n<ul>\n<li>Transporte en autob\u00fas.<\/li>\n<li>Entrada en la Catedral<\/li>\n<li>Entradas en monumentos<\/li>\n<li>Gu\u00eda<\/li>\n<li>Visita a la fabrica de Damasquinado<\/li>\n<\/ul>\n<\/li>\n<\/ul>\n<h5 style=\"text-align: justify;\"><strong>Excluye<\/strong><\/h5>\n<p style=\"text-align: justify;\">El regreso a los hoteles<\/p>\n<h5 style=\"text-align: justify;\"><strong>Informaci\u00f3n Adicional<\/strong><\/h5>\n<p style=\"text-align: justify;\"><strong>Duraci\u00f3n: <\/strong>8 horas.<\/p>\n<p style=\"text-align: justify;\"><strong>Idiomas: <\/strong>Espa\u00f1ol e Ingl\u00e9s<\/p>\n<p style=\"text-align: justify;\"><strong>Lista de precios:<\/strong><\/p>\n<p style=\"text-align: justify;\">Sin Almuerzo: Adulto 63\u20ac | Ni\u00f1os (6-15) 40\u20ac | Senior (+65) 54\u20ac<\/p>\n<p style=\"text-align: justify;\">Con Almuerzo Tur\u00edstico: Adulto 76\u20ac | Ni\u00f1os (6-15)50\u20ac | Senior (+65) 64\u20ac<\/p>\n<p style=\"text-align: justify;\">Con Almuerzo T\u00edpico: Adulto 80\u20ac | Ni\u00f1os (6-15) 56\u20ac | Senior (+65) 70\u20ac<\/p>\n<p><strong><em>Almuerzo no est\u00e1 disponible en la temporada baja<\/em><\/strong><\/p>\n<p style=\"text-align: justify;\">Ni\u00f1os: gratis hasta 5 a\u00f1os (m\u00e1x. 1 ni\u00f1o x adulto. No incluidas consumiciones ni comidas)<\/p>\n<p style=\"text-align: justify;\"><strong><em>Nota: Tenga en cuenta que en esta atracci\u00f3n el voucher impreso es necesario (no son v\u00e1lidos los E-Ticket)<\/em><\/strong><\/p>\n<p style=\"text-align: justify;\">Para cualquier petici\u00f3n especial <a href=\"https:\/\/www.madridtourstickets.com\/es\/contacto\/\">contacte con nosotros<\/a> o env\u00edenos un mail a info@tourstickets.com<\/p>\n<p style=\"text-align: justify;\">\n","protected":false},"excerpt":{"rendered":"<p style=\"text-align: justify;\">Comenzamos una panor\u00e1mica de Toledo, y un paseo por la ciudad para llegar a la Plaza del ayuntamiento y visita al interior de la Catedral Primada. Caminaremos por el antiguo Barrio Jud\u00edo para entrar en la Iglesia de Santo Tom\u00e9.<\/p>\n","protected":false},"featured_media":1928,"template":"","meta":{"generate_page_header":""},"product_brand":[],"product_cat":[36,103],"product_tag":[67,41,68,78],"class_list":{"0":"post-635","1":"product","2":"type-product","3":"status-publish","4":"has-post-thumbnail","6":"product_cat-desde-madrid","7":"product_cat-toledo-es","8":"product_tag-bus-tours-es","9":"product_tag-highlights-es","10":"product_tag-sightseeing-es","11":"product_tag-toledo-es","12":"sales-flash-overlay","13":"woocommerce-text-align-center","14":"woocommerce-image-align-center","15":"do-quantity-buttons","16":"wc-has-gallery","18":"first","19":"instock","20":"virtual","21":"sold-individually","22":"purchasable","23":"product-type-booking"},"_links":{"self":[{"href":"https:\/\/www.madridtourstickets.com\/es\/wp-json\/wp\/v2\/product\/635","targetHints":{"allow":["GET"]}}],"collection":[{"href":"https:\/\/www.madridtourstickets.com\/es\/wp-json\/wp\/v2\/product"}],"about":[{"href":"https:\/\/www.madridtourstickets.com\/es\/wp-json\/wp\/v2\/types\/product"}],"wp:featuredmedia":[{"embeddable":true,"href":"https:\/\/www.madridtourstickets.com\/es\/wp-json\/wp\/v2\/media\/1928"}],"wp:attachment":[{"href":"https:\/\/www.madridtourstickets.com\/es\/wp-json\/wp\/v2\/media?parent=635"}],"wp:term":[{"taxonomy":"product_brand","embeddable":true,"href":"https:\/\/www.madridtourstickets.com\/es\/wp-json\/wp\/v2\/product_brand?post=635"},{"taxonomy":"product_cat","embeddable":true,"href":"https:\/\/www.madridtourstickets.com\/es\/wp-json\/wp\/v2\/product_cat?post=635"},{"taxonomy":"product_tag","embeddable":true,"href":"https:\/\/www.madridtourstickets.com\/es\/wp-json\/wp\/v2\/product_tag?post=635"}],"curies":[{"name":"wp","href":"https:\/\/api.w.org\/{rel}","templated":true}]}}