{"id":616,"date":"2018-04-24T21:38:44","date_gmt":"2018-04-24T21:38:44","guid":{"rendered":"https:\/\/www.madridtourstickets.com\/?post_type=product&#038;p=616"},"modified":"2020-02-23T23:47:20","modified_gmt":"2020-02-23T23:47:20","slug":"toledo-medio-dia-tour","status":"publish","type":"product","link":"https:\/\/www.madridtourstickets.com\/es\/tours\/toledo-medio-dia-tour\/","title":{"rendered":"Toledo Medio D\u00eda Tour"},"content":{"rendered":"<h1 style=\"text-align: justify;\"><strong>Toledo Medio D\u00eda Tour<\/strong><\/h1>\n<p style=\"text-align: justify;\">A la llegada se inicia la visita a pie de Toledo con un paseo por la ciudad para llegar a la Plaza del ayuntamiento y visita al interior de la Catedral Primada. Si no tiene incluida la Catedral, tendr\u00e1 tiempo libre. Continuaci\u00f3n hacia el Palacio de Justicia y el ayuntamiento. Caminaremos por las estrechas calles del antiguo Barrio Jud\u00edo para entrar en la Iglesia de Santo Tom\u00e9, y admirar el monumental cuadro \u201cEl entierro del Conde Orgaz\u201d, obra cumbre de El Greco. Continuaremos para visitar la Sinagoga de Santa Mar\u00eda la Blanca, testigo de la convivencia de las \u201cTres Culturas\u201d, Posteriormente visita a una f\u00e1brica de Damasquinado, conocido arte toledano heredado de los antiguos artesanos.<\/p>\n<h2 style=\"text-align: justify;\">Visita de la Catedral<\/h2>\n<p style=\"text-align: justify;\">Es uno de los monumentos m\u00e1s impresionantes de Toledo y \u00fanica en Espa\u00f1a, la Gran Catedral de Santa Mar\u00eda de Toledo, opera magna del estilo g\u00f3tico en Espa\u00f1a. Es visita imprescindible en el coraz\u00f3n de Toledo. Una espectacular pieza de la arquitectura y el arte espa\u00f1ol.<\/p>\n<h5 style=\"text-align: justify;\"><strong>Punto de Encuentro y Finalizaci\u00f3n<\/strong><\/h5>\n<p style=\"text-align: justify;\">El Tour sale de la Calle San Bernardo, 7. Madrid. Las estaciones de metro m\u00e1s cercanas son Santo Domingo (L\u00ednea 2) y Callao (L\u00edneas 3 y 5), situadas a 2 y 5 minutos a pie de la Terminal, respectivamente.<\/p>\n<h5 style=\"text-align: justify;\"><strong>Horarios<\/strong><\/h5>\n<p style=\"text-align: justify;\">09:00 Diariamente<\/p>\n<p style=\"text-align: justify;\">*Catedral cerrada domingos por la ma\u00f1ana y festividades religiosas.<\/p>\n<h5 style=\"text-align: justify;\"><strong>Incluye<\/strong><\/h5>\n<ul style=\"text-align: justify;\">\n<li style=\"list-style-type: none;\">\n<ul>\n<li>Transporte en autocar.<\/li>\n<li>Entradas a monumentos.<\/li>\n<li>Visita guiada a pie.<\/li>\n<\/ul>\n<\/li>\n<\/ul>\n<h5 style=\"text-align: justify;\"><strong>Excluye<\/strong><\/h5>\n<p style=\"text-align: justify;\">El regreso a los hoteles<\/p>\n<h5 style=\"text-align: justify;\"><strong>Informaci\u00f3n Adicional<\/strong><\/h5>\n<p style=\"text-align: justify;\"><strong>Duraci\u00f3n: <\/strong>5 horas.<\/p>\n<p style=\"text-align: justify;\"><strong>Idiomas: <\/strong>Espa\u00f1ol e Ingl\u00e9s<\/p>\n<p style=\"text-align: justify;\"><strong>Lista de precios:<\/strong><\/p>\n<p style=\"text-align: justify;\">Sin Catedral: Adulto 47\u20ac | Ni\u00f1os (6-15) 29\u20ac | Senior (+65) 39\u20ac<\/p>\n<p style=\"text-align: justify;\">Con Catedral: Adulto 62\u20ac | Ni\u00f1os (6-15) 44\u20ac | Senior (+65) 54\u20ac<\/p>\n<p style=\"text-align: justify;\">Ni\u00f1os: gratis hasta 5 a\u00f1os (m\u00e1x. 1 ni\u00f1o x adulto. No incluidas consumiciones ni comidas)<\/p>\n<p style=\"text-align: justify;\"><strong><em>Nota: Tenga en cuenta que en esta atracci\u00f3n el voucher impreso y los E-Ticket son validos<\/em><\/strong><\/p>\n<p style=\"text-align: justify;\">Para cualquier petici\u00f3n especial <a href=\"https:\/\/www.madridtourstickets.com\/contac\/\" target=\"_blank\" rel=\"noopener noreferrer\">contacte<\/a> con nosotros o env\u00edenos un mail a info@tourstickets.com<\/p>\n","protected":false},"excerpt":{"rendered":"<p style=\"text-align: justify;\">A la llegada se inicia la visita a pie de Toledo con un paseo por la ciudad para llegar a la Plaza del ayuntamiento y visita al interior de la Catedral Primada. Si no tiene incluida la Catedral, tendr\u00e1 tiempo libre.<\/p>\n","protected":false},"featured_media":1938,"template":"","meta":{"generate_page_header":""},"product_brand":[],"product_cat":[36,103],"product_tag":[67,41,68,78],"class_list":{"0":"post-616","1":"product","2":"type-product","3":"status-publish","4":"has-post-thumbnail","6":"product_cat-desde-madrid","7":"product_cat-toledo-es","8":"product_tag-bus-tours-es","9":"product_tag-highlights-es","10":"product_tag-sightseeing-es","11":"product_tag-toledo-es","12":"sales-flash-overlay","13":"woocommerce-text-align-center","14":"woocommerce-image-align-center","15":"do-quantity-buttons","16":"wc-has-gallery","18":"first","19":"instock","20":"virtual","21":"sold-individually","22":"purchasable","23":"product-type-booking"},"_links":{"self":[{"href":"https:\/\/www.madridtourstickets.com\/es\/wp-json\/wp\/v2\/product\/616","targetHints":{"allow":["GET"]}}],"collection":[{"href":"https:\/\/www.madridtourstickets.com\/es\/wp-json\/wp\/v2\/product"}],"about":[{"href":"https:\/\/www.madridtourstickets.com\/es\/wp-json\/wp\/v2\/types\/product"}],"wp:featuredmedia":[{"embeddable":true,"href":"https:\/\/www.madridtourstickets.com\/es\/wp-json\/wp\/v2\/media\/1938"}],"wp:attachment":[{"href":"https:\/\/www.madridtourstickets.com\/es\/wp-json\/wp\/v2\/media?parent=616"}],"wp:term":[{"taxonomy":"product_brand","embeddable":true,"href":"https:\/\/www.madridtourstickets.com\/es\/wp-json\/wp\/v2\/product_brand?post=616"},{"taxonomy":"product_cat","embeddable":true,"href":"https:\/\/www.madridtourstickets.com\/es\/wp-json\/wp\/v2\/product_cat?post=616"},{"taxonomy":"product_tag","embeddable":true,"href":"https:\/\/www.madridtourstickets.com\/es\/wp-json\/wp\/v2\/product_tag?post=616"}],"curies":[{"name":"wp","href":"https:\/\/api.w.org\/{rel}","templated":true}]}}