{"id":608,"date":"2018-04-24T21:30:04","date_gmt":"2018-04-24T21:30:04","guid":{"rendered":"https:\/\/www.madridtourstickets.com\/?post_type=product&#038;p=608"},"modified":"2020-02-24T15:38:43","modified_gmt":"2020-02-24T15:38:43","slug":"el-escorial-valle-de-los-caidos","status":"publish","type":"product","link":"https:\/\/www.madridtourstickets.com\/es\/tours\/el-escorial-valle-de-los-caidos\/","title":{"rendered":"El Escorial &#038; Valle de los Ca\u00eddos Tour"},"content":{"rendered":"<h1 style=\"text-align: justify;\"><strong>El Escorial &amp; Valle de los Ca\u00eddos Tour<\/strong><\/h1>\n<h2 style=\"text-align: justify;\">El Real Monasterio de San Lorenzo de El Escorial<\/h2>\n<p style=\"text-align: justify;\">El Real Monasterio de San Lorenzo de El Escorial es el monumento que mejor resume las aspiraciones ideol\u00f3gicas y culturales del \u201cSiglo de Oro\u201d espa\u00f1ol. Fue edificado en el siglo XVI bajo el mandato del poderoso rey Felipe II, y concebido como residencia, monasterio y pante\u00f3n de la Casa Real, convirti\u00e9ndose en un s\u00edmbolo de la grandeza del imperio espa\u00f1ol. Ha sido declarado conjunto hist\u00f3rico art\u00edstico, y Patrimonio de la Humanidad en el a\u00f1o 1984. Durante el tour visitaremos el interior del Monasterio, el Palacio Real, Pante\u00f3n de los Reyes y de los Infantes, Salas Capitulares, Claustro de los Cuatro Evangelistas y la bas\u00edlica.<\/p>\n<h2 style=\"text-align: justify;\">El Valle de los Ca\u00eddos<\/h2>\n<p style=\"text-align: justify;\">El Valle de los Ca\u00eddos es un impresionante monumento erigido en memoria de los ca\u00eddos durante la Guerra Civil Espa\u00f1ola. Situado en el bello valle de Cuelgamuros, en la sierra de Guadarrama, esta colosal obra consta de la bas\u00edlica y cripta excavada en la roca de una monta\u00f1a, y coronada por la imponente cruz de m\u00e1s de 150 metros de altura. Se incluye la entrada al Valle, y visita al interior de la bas\u00edlica.<\/p>\n<h5 style=\"text-align: justify;\"><strong>Punto de Encuentro y Finalizaci\u00f3n<\/strong><\/h5>\n<p style=\"text-align: justify;\">El Tour sale de Calle San Bernardo, 7. Madrid. Las estaciones de metro m\u00e1s cercanas son Santo Domingo (L\u00ednea 2) y Callao (L\u00edneas 3 y 5), situadas a 2 y 5 minutos a pie de la Terminal, respectivamente.<\/p>\n<h5 style=\"text-align: justify;\"><strong>Horarios<\/strong><\/h5>\n<p style=\"text-align: justify;\">08.45 \/ Domingos, Mi\u00e9rcoles y Viernes<\/p>\n<h5 style=\"text-align: justify;\"><strong>Incluye<\/strong><\/h5>\n<ul style=\"text-align: justify;\">\n<li style=\"list-style-type: none;\">\n<ul>\n<li>Transporte en autob\u00fas.<\/li>\n<li>Entradas a el Valle y Iglesia.<\/li>\n<li>Gu\u00edas locales.<\/li>\n<\/ul>\n<\/li>\n<\/ul>\n<h5 style=\"text-align: justify;\"><strong>Excluye<\/strong><\/h5>\n<p style=\"text-align: justify;\">El regreso a los hoteles<\/p>\n<h5 style=\"text-align: justify;\"><strong>Informaci\u00f3n Adicional<\/strong><\/h5>\n<p style=\"text-align: justify;\"><strong>Duraci\u00f3n: <\/strong>5 hrs.<\/p>\n<p style=\"text-align: justify;\"><strong>Idiomas: <\/strong>Espa\u00f1ol e Ingl\u00e9s<\/p>\n<p style=\"text-align: justify;\"><strong>Lista de precios:<\/strong><\/p>\n<p style=\"text-align: justify;\">Adulto 57\u20ac | Ni\u00f1os (6-15) 40\u20ac | Senior (+65) 48\u20ac<\/p>\n<p style=\"text-align: justify;\">Ni\u00f1os: gratis hasta 5 a\u00f1os (m\u00e1x. 1 ni\u00f1o x adulto. No incluidas consumiciones ni comidas)<\/p>\n<p style=\"text-align: justify;\"><strong><em>Nota: Tenga en cuenta que en esta atracci\u00f3n el voucher impreso y los E-Ticket son validos<\/em><\/strong><\/p>\n<p style=\"text-align: justify;\">Para cualquier petici\u00f3n especial <a href=\"https:\/\/www.madridtourstickets.com\/contac\/\" target=\"_blank\" rel=\"noopener noreferrer\">contacte con nosotros<\/a> o env\u00edenos un mail a info@tourstickets.com<\/p>\n<p style=\"text-align: justify;\">\n","protected":false},"excerpt":{"rendered":"<p style=\"text-align: justify;\">El Real Monasterio de San Lorenzo de El Escorial es el monumento que mejor resume las aspiraciones ideol\u00f3gicas y culturales del \u201cSiglo de Oro\u201d espa\u00f1ol. Fue edificado en el siglo XVI bajo el mandato del poderoso rey Felipe II.<\/p>\n","protected":false},"featured_media":1945,"template":"","meta":{"generate_page_header":""},"product_brand":[],"product_cat":[36],"product_tag":[67,83,41,68],"class_list":{"0":"post-608","1":"product","2":"type-product","3":"status-publish","4":"has-post-thumbnail","6":"product_cat-desde-madrid","7":"product_tag-bus-tours-es","8":"product_tag-el-escorial-es","9":"product_tag-highlights-es","10":"product_tag-sightseeing-es","11":"sales-flash-overlay","12":"woocommerce-text-align-center","13":"woocommerce-image-align-center","14":"do-quantity-buttons","15":"wc-has-gallery","17":"first","18":"instock","19":"virtual","20":"sold-individually","21":"purchasable","22":"product-type-booking"},"_links":{"self":[{"href":"https:\/\/www.madridtourstickets.com\/es\/wp-json\/wp\/v2\/product\/608","targetHints":{"allow":["GET"]}}],"collection":[{"href":"https:\/\/www.madridtourstickets.com\/es\/wp-json\/wp\/v2\/product"}],"about":[{"href":"https:\/\/www.madridtourstickets.com\/es\/wp-json\/wp\/v2\/types\/product"}],"wp:featuredmedia":[{"embeddable":true,"href":"https:\/\/www.madridtourstickets.com\/es\/wp-json\/wp\/v2\/media\/1945"}],"wp:attachment":[{"href":"https:\/\/www.madridtourstickets.com\/es\/wp-json\/wp\/v2\/media?parent=608"}],"wp:term":[{"taxonomy":"product_brand","embeddable":true,"href":"https:\/\/www.madridtourstickets.com\/es\/wp-json\/wp\/v2\/product_brand?post=608"},{"taxonomy":"product_cat","embeddable":true,"href":"https:\/\/www.madridtourstickets.com\/es\/wp-json\/wp\/v2\/product_cat?post=608"},{"taxonomy":"product_tag","embeddable":true,"href":"https:\/\/www.madridtourstickets.com\/es\/wp-json\/wp\/v2\/product_tag?post=608"}],"curies":[{"name":"wp","href":"https:\/\/api.w.org\/{rel}","templated":true}]}}