{"id":577,"date":"2018-04-24T10:27:10","date_gmt":"2018-04-24T10:27:10","guid":{"rendered":"https:\/\/www.madridtourstickets.com\/?post_type=product&#038;p=577"},"modified":"2020-02-03T15:19:02","modified_gmt":"2020-02-03T15:19:02","slug":"el-escorial-valle-de-los-caidos-toledo","status":"publish","type":"product","link":"https:\/\/www.madridtourstickets.com\/es\/tours\/el-escorial-valle-de-los-caidos-toledo\/","title":{"rendered":"El Escorial, Valle de los Ca\u00eddos &#038; Toledo"},"content":{"rendered":"<h1 style=\"text-align: justify;\"><strong>El Escorial, Valle de los Ca\u00eddos y Toledo<\/strong><\/h1>\n<p style=\"text-align: justify;\">Esta excursi\u00f3n incluye: visita de El Escorial y Valle de los Ca\u00eddos por la ma\u00f1ana, y por la tarde, la visita de la ciudad de Toledo. A la llegada se inicia la visita a pie de Toledo con un paseo por la ciudad para llegar a la Plaza del ayuntamiento y Iglesia de Santo Tom\u00e9, Sinagoga de Santa Mar\u00eda la Blanca y una f\u00e1brica de Damasquinado. El almuerzo se realizar\u00e1 en Madrid, en un t\u00edpico restaurante de la ciudad. La Catedral es uno de los monumentos m\u00e1s impresionantes de Toledo y \u00fanica en Espa\u00f1a, la Gran Catedral de Santa Mar\u00eda de Toledo, opera magna del estilo g\u00f3tico en Espa\u00f1a. Es visita imprescindible en el coraz\u00f3n de Toledo.<\/p>\n<h5 style=\"text-align: justify;\"><strong>Punto de Encuentro y Finalizaci\u00f3n<\/strong><\/h5>\n<p style=\"text-align: justify;\">El Tour sale de la Calle San Bernardo, 7. Madrid. Las estaciones de metro m\u00e1s cercanas son Santo Domingo (L\u00ednea 2) y Callao (L\u00edneas 3 y 5), situadas a 2 y 5 minutos a pie de la Terminal, respectivamente. <a href=\"https:\/\/www.google.nl\/maps\/place\/Calle+de+San+Bernardo,+7,+28013+Madrid,+Espa%C3%B1a\/@40.4211343,-3.710429,17z\/data=!3m1!4b1!4m5!3m4!1s0xd42287b6376f909:0x7b3227970870efb1!8m2!3d40.4211343!4d-3.7082403\" target=\"_blank\" rel=\"noopener noreferrer\">Ver mapa<\/a><\/p>\n<h5 style=\"text-align: justify;\"><strong>Horarios<\/strong><\/h5>\n<p style=\"text-align: justify;\">08.45 am. \/ Diaria excepto lunes, mi\u00e9rcoles y Viernes (el 06 y 08 Diciembre si opera).<\/p>\n<h5 style=\"text-align: justify;\"><strong>Incluye<\/strong><\/h5>\n<ul style=\"text-align: justify;\">\n<li style=\"list-style-type: none;\">\n<ul>\n<li>Transporte en autocar.<\/li>\n<li>Entradas a monumentos.<\/li>\n<li>Almuerzo en los d\u00edas completos seg\u00fan programa y gu\u00eda oficial.<\/li>\n<\/ul>\n<\/li>\n<\/ul>\n<h5 style=\"text-align: justify;\"><strong>Excluye<\/strong><\/h5>\n<p style=\"text-align: justify;\">El regreso a los hoteles<\/p>\n<h5 style=\"text-align: justify;\"><strong>Informaci\u00f3n Adicional<\/strong><\/h5>\n<p style=\"text-align: justify;\"><strong>Duraci\u00f3n: <\/strong>11 hrs.<\/p>\n<p style=\"text-align: justify;\"><strong>Idiomas: <\/strong>Espa\u00f1ol e Ingl\u00e9s<\/p>\n<p style=\"text-align: justify;\"><strong>Lista de precios:<\/strong><\/p>\n<p style=\"text-align: justify;\">Sin almuerzo: Adulto 92\u20ac | Ni\u00f1os (6-15) 62\u20ac | Senior (+65) 78\u20ac<\/p>\n<p style=\"text-align: justify;\">Con almuerzo: Adulto 103\u20ac | Ni\u00f1os (6-15) 72\u20ac | Senior (+65) 88\u20ac<\/p>\n<p style=\"text-align: justify;\">Suplemento visita guiada Catedral Toledo \/ 10\u20ac por persona<\/p>\n<p style=\"text-align: justify;\">Ni\u00f1os: gratis hasta 5 a\u00f1os (m\u00e1x. 1 ni\u00f1o x adulto. No incluidas consumiciones ni comidas)<\/p>\n<p style=\"text-align: justify;\"><strong>Note: <em>Nota: Tenga en cuenta que en esta atracci\u00f3n el voucher impreso y los E-Ticket son\u00a0v\u00e1lidos.<\/em><\/strong><\/p>\n<p style=\"text-align: justify;\">Para cualquier petici\u00f3n especial <a href=\"https:\/\/www.madridtourstickets.com\/es\/contacto\/\" target=\"_blank\" rel=\"noopener noreferrer\">contacte con nosotros<\/a> o env\u00edenos un mail a booking@madridtourstickets.com<\/p>\n","protected":false},"excerpt":{"rendered":"<p style=\"text-align: justify;\">Esta excursi\u00f3n incluye: visita de El Escorial y Valle de los Ca\u00eddos por la ma\u00f1ana, y por la tarde, la visita de la ciudad de Toledo.<\/p>\n","protected":false},"featured_media":1947,"template":"","meta":{"generate_page_header":""},"product_brand":[],"product_cat":[33,77],"product_tag":[67,81,80,41,68,78],"class_list":{"0":"post-577","1":"product","2":"type-product","3":"status-publish","4":"has-post-thumbnail","6":"product_cat-uncategorized","7":"product_cat-sin-categorizar","8":"product_tag-bus-tours-es","9":"product_tag-escorial-es","10":"product_tag-food-es","11":"product_tag-highlights-es","12":"product_tag-sightseeing-es","13":"product_tag-toledo-es","14":"sales-flash-overlay","15":"woocommerce-text-align-center","16":"woocommerce-image-align-center","17":"do-quantity-buttons","18":"wc-has-gallery","20":"first","21":"instock","22":"virtual","23":"sold-individually","24":"purchasable","25":"product-type-booking"},"_links":{"self":[{"href":"https:\/\/www.madridtourstickets.com\/es\/wp-json\/wp\/v2\/product\/577","targetHints":{"allow":["GET"]}}],"collection":[{"href":"https:\/\/www.madridtourstickets.com\/es\/wp-json\/wp\/v2\/product"}],"about":[{"href":"https:\/\/www.madridtourstickets.com\/es\/wp-json\/wp\/v2\/types\/product"}],"wp:featuredmedia":[{"embeddable":true,"href":"https:\/\/www.madridtourstickets.com\/es\/wp-json\/wp\/v2\/media\/1947"}],"wp:attachment":[{"href":"https:\/\/www.madridtourstickets.com\/es\/wp-json\/wp\/v2\/media?parent=577"}],"wp:term":[{"taxonomy":"product_brand","embeddable":true,"href":"https:\/\/www.madridtourstickets.com\/es\/wp-json\/wp\/v2\/product_brand?post=577"},{"taxonomy":"product_cat","embeddable":true,"href":"https:\/\/www.madridtourstickets.com\/es\/wp-json\/wp\/v2\/product_cat?post=577"},{"taxonomy":"product_tag","embeddable":true,"href":"https:\/\/www.madridtourstickets.com\/es\/wp-json\/wp\/v2\/product_tag?post=577"}],"curies":[{"name":"wp","href":"https:\/\/api.w.org\/{rel}","templated":true}]}}