{"id":526,"date":"2018-04-20T08:08:47","date_gmt":"2018-04-20T08:08:47","guid":{"rendered":"https:\/\/www.madridtourstickets.com\/?post_type=product&#038;p=526"},"modified":"2020-01-21T03:36:02","modified_gmt":"2020-01-21T03:36:02","slug":"visita-a-madrid-toledo","status":"publish","type":"product","link":"https:\/\/www.madridtourstickets.com\/es\/tours\/visita-a-madrid-toledo\/","title":{"rendered":"Visita a Madrid &#038; Toledo"},"content":{"rendered":"<h1 style=\"text-align: justify;\"><strong>Visita a Madrid\u00a0 &amp; Toledo<\/strong><\/h1>\n<p style=\"text-align: justify;\">Esta excursi\u00f3n incluye: la Panor\u00e1mica a Madrid en bus, y recorrido a pie por el casco antiguo de la ciudad. Recorreremos la Puerta de Alcal\u00e1, el ayuntamiento, la Plaza de Cibeles, Gran V\u00eda, el Paseo de la Castellana, el Paseo del Prado\u2026, continuando hacia el Madrid de los rascacielos y la zona financiera de la ciudad\u2026, continuaremos a pie, aproximadamente durante una hora y media, hacia el casco antiguo de la ciudad, el denominado Madrid de los Austrias. Visitaremos la Plaza Mayor, el Arco de Cuchilleros y las sinuosas calles alrededor de la Plaza de la Villa hasta llegar a la calle Bail\u00e9n para contemplar el exterior neocl\u00e1sico de la Catedral de la Almudena. Finalizamos en la Plaza de Oriente donde se sit\u00faa el Palacio Real.<\/p>\n<p style=\"text-align: justify;\">Por la tarde, la visita de la ciudad de Toledo, que incluye: Iglesia de Santo Tom\u00e9, Sinagoga de Santa Mar\u00eda la Blanca y una f\u00e1brica de Damasquinado. El almuerzo se realizar\u00e1 en Madrid, en un t\u00edpico restaurante de la ciudad.<\/p>\n<h5 style=\"text-align: justify;\"><strong>Punto de Encuentro y Finalizaci\u00f3n<\/strong><\/h5>\n<p style=\"text-align: justify;\">El Tour sale de la Calle San Bernardo, 7. Madrid. Las estaciones de metro m\u00e1s cercanas son Santo Domingo (L\u00ednea 2) y Callao (L\u00edneas 3 y 5), situadas a 2 y 5 minutos a pie de la Terminal, respectivamente.<\/p>\n<h5 style=\"text-align: justify;\"><strong>Horarios<\/strong><\/h5>\n<p style=\"text-align: justify;\">09 am. \/ Diaria excepto mi\u00e9rcoles y viernes (el 06 y 08 Diciembre si opera) .<\/p>\n<h5 style=\"text-align: justify;\"><strong>Incluye<\/strong><\/h5>\n<ul style=\"text-align: justify;\">\n<li style=\"list-style-type: none;\">\n<ul>\n<li>Transporte en autocar.<\/li>\n<li>Entradas a monumentos.<\/li>\n<li>Almuerzo en los d\u00edas completos seg\u00fan programa y gu\u00eda oficial.<\/li>\n<\/ul>\n<\/li>\n<\/ul>\n<h5 style=\"text-align: justify;\"><strong>Excluye<\/strong><\/h5>\n<p style=\"text-align: justify;\">El regreso a los hoteles<\/p>\n<h5 style=\"text-align: justify;\"><strong>Informaci\u00f3n Adicional<\/strong><\/h5>\n<p style=\"text-align: justify;\"><strong>Duraci\u00f3n: <\/strong>8 horas y 30 minutos .<\/p>\n<p style=\"text-align: justify;\"><strong>Idiomas: <\/strong>Espa\u00f1ol e Ingl\u00e9s<\/p>\n<p style=\"text-align: justify;\"><strong>Lista de precios:<\/strong><\/p>\n<p style=\"text-align: justify;\">Sin almuerzo: Adulto 66\u20ac | Ni\u00f1os (6-15) 34\u20ac | Senior (+65) 58\u20ac<\/p>\n<p style=\"text-align: justify;\">Con almuerzo: Adulto 76\u20ac | Ni\u00f1os (6-15) 44\u20ac | Senior (+65) 68\u20ac<\/p>\n<p style=\"text-align: justify;\">Suplemento visita guiada Palacio Real \/ 10\u20ac por persona<\/p>\n<p style=\"text-align: justify;\">Suplemento visita guiada Catedral Toledo \/ 10\u20ac por persona<\/p>\n<p style=\"text-align: justify;\">Ni\u00f1os: gratis hasta 5 a\u00f1os (m\u00e1x. 1 ni\u00f1o x adulto. No incluidas consumiciones ni comidas)<\/p>\n<p style=\"text-align: justify;\"><strong>Note: <em>Nota: Tenga en cuenta que en esta atracci\u00f3n el voucher impreso \u00a0y los E-Ticket son validos<\/em><\/strong><\/p>\n<p style=\"text-align: justify;\">Para cualquier petici\u00f3n especial contacte con nosotros o env\u00edenos un mail a booking@madridtourstickets.com<\/p>\n","protected":false},"excerpt":{"rendered":"<p style=\"text-align: justify;\">Esta excursi\u00f3n incluye: la Panor\u00e1mica a Madrid en bus, y recorrido a pie por el casco antiguo de la ciudad. Por la tarde, la visita de la ciudad de Toledo.<\/p>\n","protected":false},"featured_media":1935,"template":"","meta":{"generate_page_header":""},"product_brand":[],"product_cat":[36,103],"product_tag":[67,41,78],"class_list":{"0":"post-526","1":"product","2":"type-product","3":"status-publish","4":"has-post-thumbnail","6":"product_cat-desde-madrid","7":"product_cat-toledo-es","8":"product_tag-bus-tours-es","9":"product_tag-highlights-es","10":"product_tag-toledo-es","11":"sales-flash-overlay","12":"woocommerce-text-align-center","13":"woocommerce-image-align-center","14":"do-quantity-buttons","15":"wc-has-gallery","17":"first","18":"instock","19":"virtual","20":"sold-individually","21":"purchasable","22":"product-type-booking"},"_links":{"self":[{"href":"https:\/\/www.madridtourstickets.com\/es\/wp-json\/wp\/v2\/product\/526","targetHints":{"allow":["GET"]}}],"collection":[{"href":"https:\/\/www.madridtourstickets.com\/es\/wp-json\/wp\/v2\/product"}],"about":[{"href":"https:\/\/www.madridtourstickets.com\/es\/wp-json\/wp\/v2\/types\/product"}],"wp:featuredmedia":[{"embeddable":true,"href":"https:\/\/www.madridtourstickets.com\/es\/wp-json\/wp\/v2\/media\/1935"}],"wp:attachment":[{"href":"https:\/\/www.madridtourstickets.com\/es\/wp-json\/wp\/v2\/media?parent=526"}],"wp:term":[{"taxonomy":"product_brand","embeddable":true,"href":"https:\/\/www.madridtourstickets.com\/es\/wp-json\/wp\/v2\/product_brand?post=526"},{"taxonomy":"product_cat","embeddable":true,"href":"https:\/\/www.madridtourstickets.com\/es\/wp-json\/wp\/v2\/product_cat?post=526"},{"taxonomy":"product_tag","embeddable":true,"href":"https:\/\/www.madridtourstickets.com\/es\/wp-json\/wp\/v2\/product_tag?post=526"}],"curies":[{"name":"wp","href":"https:\/\/api.w.org\/{rel}","templated":true}]}}