{"id":503,"date":"2018-04-20T07:55:39","date_gmt":"2018-04-20T07:55:39","guid":{"rendered":"https:\/\/www.madridtourstickets.com\/?post_type=product&#038;p=503"},"modified":"2020-02-04T12:03:25","modified_gmt":"2020-02-04T12:03:25","slug":"visita-panoramica-museos-madrid","status":"publish","type":"product","link":"https:\/\/www.madridtourstickets.com\/es\/tours\/visita-panoramica-museos-madrid\/","title":{"rendered":"Visita Panor\u00e1mica &#038; los Museos de Madrid"},"content":{"rendered":"<h1 style=\"text-align: justify;\">Visita Panor\u00e1mica &amp; los Museos de Madrid<\/h1>\n<p style=\"text-align: justify;\">Amplio recorrido, en autob\u00fas, a trav\u00e9s de las m\u00e1s importantes avenidas, plazas y edificios de Madrid con un gu\u00eda oficial que les explicar\u00e1 los monumentos y su historia a trav\u00e9s de las distintas \u00e9pocas, desde el antiguo barrio de los Borbones, donde conoceremos la Puerta de Alcal\u00e1 y el ayuntamiento, la Plaza de Cibeles, Gran V\u00eda, el Paseo de la Castellana, el Paseo del Prado\u2026, continuando hacia el Madrid de los rascacielos y la zona financiera de la ciudad.<\/p>\n<p style=\"text-align: justify;\">Una vez realizada la visita panor\u00e1mica, en bus, te proponemos una visita cultural de algunos de los m\u00e1s importantes museos del mundo, con ACCESO PREFERENCIAL.<br \/>\nLas entradas a los museos permiten acceso preferente (excepto ni\u00f1os) y no incluyen servicio de gu\u00eda en el interior. V\u00e1lidas para visitar las colecciones permanentes. Consulta d\u00edas de cierre. Las entradas a los museos no tienen fecha, por lo que podr\u00e1s elegir cuando quieres visitarlos.<br \/>\nLos clientes regresaran al hotel por su cuenta, al finalizar la visita al museo elegido.<br \/>\n* Una vez finalice la Panor\u00e1mica, se les dejar\u00e1 en el Museo Thyssen-Bornemisza, teniendo que ir a los otros dos por su cuenta. Nota Importante: para realizar la visita es necesario canjear el ticket en la taquilla preferente del Museo Thyssen-Bornemisza, de martes a domingo de 10:00 a 18:30hrs.<\/p>\n<h5 style=\"text-align: justify;\"><strong>Punto de Encuentro y Finalizaci\u00f3n<\/strong><\/h5>\n<p style=\"text-align: justify;\">El Tour sale de Calle San Bernardo, 7. Madrid. Las estaciones de metro m\u00e1s cercanas son Santo Domingo (L\u00ednea 2) y Callao (L\u00edneas 3 y 5), situadas a 2 y 5 minutos a pie de la Terminal, respectivamente.<\/p>\n<h5 style=\"text-align: justify;\"><strong>Horarios<\/strong><\/h5>\n<p style=\"text-align: justify;\">9:00 am. \/ Diaria excepto d\u00edas de cierre del museo.<\/p>\n<h5 style=\"text-align: justify;\"><strong>Incluye<\/strong><\/h5>\n<ul style=\"text-align: justify;\">\n<li style=\"list-style-type: none;\">\n<ul>\n<li>Transporte en autocar.<\/li>\n<li>Entradas a monumentos.<\/li>\n<li>Almuerzo en los d\u00edas completos seg\u00fan programa y gu\u00eda oficial.<\/li>\n<\/ul>\n<\/li>\n<\/ul>\n<h5 style=\"text-align: justify;\"><strong>Excluye<\/strong><\/h5>\n<p style=\"text-align: justify;\">El regreso a los hoteles<\/p>\n<h5 style=\"text-align: justify;\"><strong>Informaci\u00f3n Adicional<\/strong><\/h5>\n<p style=\"text-align: justify;\"><strong>Idiomas: <\/strong>Espa\u00f1ol e Ingl\u00e9s<\/p>\n<p style=\"text-align: justify;\"><strong>Lista de precios:<\/strong><\/p>\n<p style=\"text-align: justify;\">Museo del Prado: Adulto 41\u20ac | Ni\u00f1os (6-15) 16\u20ac | Senior (+65) 37\u20ac<\/p>\n<p style=\"text-align: justify;\">Thyssen-Bornemisza o Reina Sof\u00eda: Adulto 34\u20ac | Ni\u00f1os (6-15) 15\u20ac | Senior (+65) 34\u20ac<\/p>\n<p style=\"text-align: justify;\">Incluidos 3 museos (Museo del Prado, Thyssen-Bornemisza &amp; Reina Sof\u00eda): Adulto 63\u20ac | Ni\u00f1os (6-15) 52\u20ac | Senior (+65) 59\u20ac<\/p>\n<p style=\"text-align: justify;\">Ni\u00f1os: gratis hasta 5 a\u00f1os (m\u00e1x. 1 ni\u00f1o x adulto. No incluidas consumiciones ni comidas)<\/p>\n<p style=\"text-align: justify;\"><strong>Note: <em>Nota: Tenga en cuenta que en esta atracci\u00f3n el voucher impreso y los E-Ticket son validos<\/em><\/strong><\/p>\n<p style=\"text-align: justify;\">Para cualquier petici\u00f3n especial contacte con nosotros o env\u00edenos un mail a info@tourstickets.com<\/p>\n","protected":false},"excerpt":{"rendered":"<p style=\"text-align: justify;\">Una vez realizada la visita panor\u00e1mica, en bus, te proponemos una visita cultural de algunos de los m\u00e1s importantes museos del mundo, con ACCESO PREFERENCIAL.<\/p>\n","protected":false},"featured_media":318,"template":"","meta":{"generate_page_header":""},"product_brand":[],"product_cat":[37],"product_tag":[67,41,68],"class_list":{"0":"post-503","1":"product","2":"type-product","3":"status-publish","4":"has-post-thumbnail","6":"product_cat-highlights-es","7":"product_tag-bus-tours-es","8":"product_tag-highlights-es","9":"product_tag-sightseeing-es","10":"sales-flash-overlay","11":"woocommerce-text-align-center","12":"woocommerce-image-align-center","13":"do-quantity-buttons","14":"wc-has-gallery","16":"first","17":"instock","18":"virtual","19":"sold-individually","20":"purchasable","21":"product-type-booking"},"_links":{"self":[{"href":"https:\/\/www.madridtourstickets.com\/es\/wp-json\/wp\/v2\/product\/503","targetHints":{"allow":["GET"]}}],"collection":[{"href":"https:\/\/www.madridtourstickets.com\/es\/wp-json\/wp\/v2\/product"}],"about":[{"href":"https:\/\/www.madridtourstickets.com\/es\/wp-json\/wp\/v2\/types\/product"}],"wp:featuredmedia":[{"embeddable":true,"href":"https:\/\/www.madridtourstickets.com\/es\/wp-json\/wp\/v2\/media\/318"}],"wp:attachment":[{"href":"https:\/\/www.madridtourstickets.com\/es\/wp-json\/wp\/v2\/media?parent=503"}],"wp:term":[{"taxonomy":"product_brand","embeddable":true,"href":"https:\/\/www.madridtourstickets.com\/es\/wp-json\/wp\/v2\/product_brand?post=503"},{"taxonomy":"product_cat","embeddable":true,"href":"https:\/\/www.madridtourstickets.com\/es\/wp-json\/wp\/v2\/product_cat?post=503"},{"taxonomy":"product_tag","embeddable":true,"href":"https:\/\/www.madridtourstickets.com\/es\/wp-json\/wp\/v2\/product_tag?post=503"}],"curies":[{"name":"wp","href":"https:\/\/api.w.org\/{rel}","templated":true}]}}