{"id":491,"date":"2018-04-20T07:50:15","date_gmt":"2018-04-20T07:50:15","guid":{"rendered":"https:\/\/www.madridtourstickets.com\/?post_type=product&#038;p=491"},"modified":"2018-09-28T08:57:12","modified_gmt":"2018-09-28T08:57:12","slug":"tour-a-pie-por-madrid-historico","status":"publish","type":"product","link":"https:\/\/www.madridtourstickets.com\/es\/tours\/tour-a-pie-por-madrid-historico\/","title":{"rendered":"Tour a Pie por Madrid Hist\u00f3rico"},"content":{"rendered":"<h1 style=\"text-align: justify;\"><strong>Tour a pie por Madrid hist\u00f3rico<\/strong><\/h1>\n<p style=\"text-align: justify;\">Salida a pie, durante aproximadamente una hora y media, hacia el casco antiguo de la ciudad, el denominado Madrid de los Austrias, acompa\u00f1ados por un gu\u00eda para conocer la importante Plaza Mayor, y caminar bajando por el Arco de Cuchilleros y las sinuosas calles al- rededor de la Plaza de la Villa hacia la calle Bail\u00e9n donde veremos el exterior neocl\u00e1sico de la Catedral de la Almudena, finalizando el paseo en la Plaza de Oriente donde se sit\u00faa el Palacio Real.<\/p>\n<p style=\"text-align: justify;\">Si lo desea puede incluir la entrada y visita interior guiada del impresionante Palacio Real, antigua residencia de los Reyes y magn\u00edficamente decorado con muebles y elementos de la \u00e9poca. Se visitan los salones de recepci\u00f3n oficial, los aposentos del rey Carlos III, sal\u00f3n del trono, el \u00e1rea de museos, la capilla real y los aposentos de la reina Isabel II. Duraci\u00f3n de aprox. 1 hora.<\/p>\n<h5 style=\"text-align: justify;\"><strong>Punto de Encuentro y Finalizaci\u00f3n<\/strong><\/h5>\n<p style=\"text-align: justify;\">El Tour sale de Calle San Bernardo, 7. Madrid. Las estaciones de metro m\u00e1s cercanas son Santo Domingo (L\u00ednea 2) y Callao (L\u00edneas 3 y 5), situadas a 2 y 5 minutos a pie de la Terminal, respectivamente.\u00a0<a href=\"https:\/\/www.google.nl\/maps\/place\/Calle+de+San+Bernardo,+7,+28013+Madrid,+Espa%C3%B1a\/@40.4211384,-3.710429,17z\/data=!3m1!4b1!4m5!3m4!1s0xd42287b6376f909:0x7b3227970870efb1!8m2!3d40.4211343!4d-3.7082403\" target=\"_blank\" rel=\"noopener\">Ver mapa aqu\u00ed<\/a><\/p>\n<h5 style=\"text-align: justify;\"><strong>Horarios<\/strong><\/h5>\n<p style=\"text-align: justify;\">11 am. \/ Diaria excepto cierre del Palacio por actos oficiales<\/p>\n<h5 style=\"text-align: justify;\"><strong>Incluye<\/strong><\/h5>\n<ul style=\"text-align: justify;\">\n<li style=\"list-style-type: none;\">\n<ul>\n<li>Transporte en autocar.<\/li>\n<li>Entradas a monumentos.<\/li>\n<li>Almuerzo en los d\u00edas completos seg\u00fan programa y gu\u00eda oficial.<\/li>\n<\/ul>\n<\/li>\n<\/ul>\n<h5 style=\"text-align: justify;\"><strong>Excluye<\/strong><\/h5>\n<p style=\"text-align: justify;\">El regreso a los hoteles<\/p>\n<h5 style=\"text-align: justify;\"><strong>Informaci\u00f3n Adicional<\/strong><\/h5>\n<p style=\"text-align: justify;\"><strong>Duraci\u00f3n: <\/strong>1 hora y 30 minutos.<\/p>\n<p style=\"text-align: justify;\"><strong>Idiomas: <\/strong>Espa\u00f1ol e Ingl\u00e9s<\/p>\n<p style=\"text-align: justify;\"><strong>Lista de precios:<\/strong><\/p>\n<p style=\"text-align: justify;\">Adulto 20\u20ac | Ni\u00f1os (6-15) 12\u20ac | Senior (+65) 18\u20ac<\/p>\n<p style=\"text-align: justify;\">Ni\u00f1os: gratis hasta 5 a\u00f1os (m\u00e1x. 1 ni\u00f1o x adulto. No incluidas consumiciones ni comidas)<\/p>\n<p style=\"text-align: justify;\"><strong><em>Nota: Tenga en cuenta que en esta atracci\u00f3n, ambos, el voucher impreso y los E-Ticket son validos<\/em><\/strong><\/p>\n<p style=\"text-align: justify;\">Para cualquier petici\u00f3n especial <a href=\"https:\/\/www.madridtourstickets.com\/es\/contacto\/\">contacte con nosotros<\/a> o env\u00edenos un mail a booking@madridtourstickets.com<\/p>\n","protected":false},"excerpt":{"rendered":"<p style=\"text-align: justify;\">Salida a pie, durante aproximadamente una hora y media, hacia el casco antiguo de la ciudad, el denominado Madrid de los Austrias, acompa\u00f1ados por un gu\u00eda.<\/p>\n","protected":false},"featured_media":1953,"template":"","meta":{"generate_page_header":""},"product_brand":[],"product_cat":[39],"product_tag":[41,68,69],"class_list":{"0":"post-491","1":"product","2":"type-product","3":"status-publish","4":"has-post-thumbnail","6":"product_cat-tours-a-pie","7":"product_tag-highlights-es","8":"product_tag-sightseeing-es","9":"product_tag-walking-tour-es","10":"sales-flash-overlay","11":"woocommerce-text-align-center","12":"woocommerce-image-align-center","13":"do-quantity-buttons","14":"wc-has-gallery","16":"first","17":"instock","18":"virtual","19":"sold-individually","20":"purchasable","21":"product-type-booking"},"_links":{"self":[{"href":"https:\/\/www.madridtourstickets.com\/es\/wp-json\/wp\/v2\/product\/491","targetHints":{"allow":["GET"]}}],"collection":[{"href":"https:\/\/www.madridtourstickets.com\/es\/wp-json\/wp\/v2\/product"}],"about":[{"href":"https:\/\/www.madridtourstickets.com\/es\/wp-json\/wp\/v2\/types\/product"}],"wp:featuredmedia":[{"embeddable":true,"href":"https:\/\/www.madridtourstickets.com\/es\/wp-json\/wp\/v2\/media\/1953"}],"wp:attachment":[{"href":"https:\/\/www.madridtourstickets.com\/es\/wp-json\/wp\/v2\/media?parent=491"}],"wp:term":[{"taxonomy":"product_brand","embeddable":true,"href":"https:\/\/www.madridtourstickets.com\/es\/wp-json\/wp\/v2\/product_brand?post=491"},{"taxonomy":"product_cat","embeddable":true,"href":"https:\/\/www.madridtourstickets.com\/es\/wp-json\/wp\/v2\/product_cat?post=491"},{"taxonomy":"product_tag","embeddable":true,"href":"https:\/\/www.madridtourstickets.com\/es\/wp-json\/wp\/v2\/product_tag?post=491"}],"curies":[{"name":"wp","href":"https:\/\/api.w.org\/{rel}","templated":true}]}}