{"id":472,"date":"2018-04-15T15:49:48","date_gmt":"2018-04-15T15:49:48","guid":{"rendered":"https:\/\/www.madridtourstickets.com\/tours\/panoramica-de-madrid\/"},"modified":"2018-09-28T09:15:18","modified_gmt":"2018-09-28T09:15:18","slug":"panoramica-de-madrid","status":"publish","type":"product","link":"https:\/\/www.madridtourstickets.com\/es\/tours\/panoramica-de-madrid\/","title":{"rendered":"Visita Panor\u00e1mica de Madrid"},"content":{"rendered":"<h1 style=\"text-align: justify;\"><strong>Panor\u00e1mica de Madrid<\/strong><\/h1>\n<p style=\"text-align: justify;\">Amplio recorrido, en autob\u00fas, a trav\u00e9s de las m\u00e1s importantes avenidas, plazas y edificios de Madrid con un gu\u00eda oficial que les explicar\u00e1 los monumentos y su historia a trav\u00e9s de las distintas \u00e9pocas, desde el antiguo barrio de los Borbones, donde conoceremos la Puerta de Alcal\u00e1 y el ayuntamiento, la Plaza de Cibeles, Gran V\u00eda, el Paseo de la Castellana, el Paseo del Prado\u2026, continuando hacia el Madrid de los rascacielos y la zona financiera de la ciudad.<\/p>\n<h5 style=\"text-align: justify;\"><strong>Punto de Encuentro y Finalizaci\u00f3n<\/strong><\/h5>\n<p style=\"text-align: justify;\">El Tour sale de la Calle San Bernardo, 7. Madrid. Las estaciones de metro m\u00e1s cercanas son Santo Domingo (L\u00ednea 2) y Callao (L\u00edneas 3 y 5), situadas a 2 y 5 minutos a pie de la Terminal, respectivamente.\u00a0<a href=\"https:\/\/www.google.nl\/maps\/place\/Calle+de+San+Bernardo,+7,+28013+Madrid,+Espa%C3%B1a\/@40.4211384,-3.710429,17z\/data=!3m1!4b1!4m5!3m4!1s0xd42287b6376f909:0x7b3227970870efb1!8m2!3d40.4211343!4d-3.7082403\" target=\"_blank\" rel=\"noopener\">Ver mapa aqu\u00ed<\/a><\/p>\n<h5 style=\"text-align: justify;\"><strong>Horarios<\/strong><\/h5>\n<p style=\"text-align: justify;\">09 am. Diaria.<\/p>\n<h5 style=\"text-align: justify;\"><strong>Incluye<\/strong><\/h5>\n<ul style=\"text-align: justify;\">\n<li>Transporte en autocar.<\/li>\n<li>Entradas a monumentos.<\/li>\n<li>Almuerzo en los d\u00edas completos seg\u00fan programa y gu\u00eda oficial.<\/li>\n<\/ul>\n<h5 style=\"text-align: justify;\"><strong>Excluye<\/strong><\/h5>\n<p style=\"text-align: justify;\">El regreso a los hoteles.<\/p>\n<h5 style=\"text-align: justify;\"><strong>Informaci\u00f3n Adicional<\/strong><\/h5>\n<p style=\"text-align: justify;\"><strong>Duraci\u00f3n:\u00a0<\/strong>2 horas.<\/p>\n<p style=\"text-align: justify;\"><strong>Idiomas:\u00a0<\/strong>Espa\u00f1ol e Ingl\u00e9s<br \/>\n<strong>Lista de Precios:<\/strong><br \/>\nAdulto 25\u20ac | Ni\u00f1os (6-15) 13\u20ac | Senior (+65) 21\u20ac<\/p>\n<p style=\"text-align: justify;\">Ni\u00f1os: gratis hasta 5 a\u00f1os (m\u00e1x. 1 ni\u00f1o x adulto. No incluidas consumiciones ni comidas)<\/p>\n<p style=\"text-align: justify;\"><strong>Nota:\u00a0<\/strong><em><strong>Tenga en cuenta que en esta atracci\u00f3n el voucher impreso es necesario (no son\u00a0v\u00e1lidos\u00a0los E-Ticket)<\/strong><\/em><strong>\u00a0<\/strong><\/p>\n<p style=\"text-align: justify;\">Para cualquier petici\u00f3n especial\u00a0<a href=\"https:\/\/www.madridtourstickets.com\/es\/contacto\/\">contacte con nosotros<\/a>\u00a0o env\u00edenos un mail a booking@madridtourstickets.com<\/p>\n","protected":false},"excerpt":{"rendered":"<p style=\"text-align: justify;\">Amplio recorrido, en autob\u00fas, a trav\u00e9s de las m\u00e1s importantes avenidas, plazas y edificios de Madrid con un gu\u00eda oficial.<\/p>\n","protected":false},"featured_media":1955,"template":"","meta":{"generate_page_header":""},"product_brand":[],"product_cat":[37],"product_tag":[67,41,68],"class_list":{"0":"post-472","1":"product","2":"type-product","3":"status-publish","4":"has-post-thumbnail","6":"product_cat-highlights-es","7":"product_tag-bus-tours-es","8":"product_tag-highlights-es","9":"product_tag-sightseeing-es","10":"sales-flash-overlay","11":"woocommerce-text-align-center","12":"woocommerce-image-align-center","13":"do-quantity-buttons","14":"wc-has-gallery","16":"first","17":"instock","18":"virtual","19":"sold-individually","20":"purchasable","21":"product-type-booking"},"_links":{"self":[{"href":"https:\/\/www.madridtourstickets.com\/es\/wp-json\/wp\/v2\/product\/472","targetHints":{"allow":["GET"]}}],"collection":[{"href":"https:\/\/www.madridtourstickets.com\/es\/wp-json\/wp\/v2\/product"}],"about":[{"href":"https:\/\/www.madridtourstickets.com\/es\/wp-json\/wp\/v2\/types\/product"}],"wp:featuredmedia":[{"embeddable":true,"href":"https:\/\/www.madridtourstickets.com\/es\/wp-json\/wp\/v2\/media\/1955"}],"wp:attachment":[{"href":"https:\/\/www.madridtourstickets.com\/es\/wp-json\/wp\/v2\/media?parent=472"}],"wp:term":[{"taxonomy":"product_brand","embeddable":true,"href":"https:\/\/www.madridtourstickets.com\/es\/wp-json\/wp\/v2\/product_brand?post=472"},{"taxonomy":"product_cat","embeddable":true,"href":"https:\/\/www.madridtourstickets.com\/es\/wp-json\/wp\/v2\/product_cat?post=472"},{"taxonomy":"product_tag","embeddable":true,"href":"https:\/\/www.madridtourstickets.com\/es\/wp-json\/wp\/v2\/product_tag?post=472"}],"curies":[{"name":"wp","href":"https:\/\/api.w.org\/{rel}","templated":true}]}}