{"id":468,"date":"2018-04-15T15:29:04","date_gmt":"2018-04-15T15:29:04","guid":{"rendered":"https:\/\/www.madridtourstickets.com\/tours\/visita-a-madrid\/"},"modified":"2018-09-28T09:21:45","modified_gmt":"2018-09-28T09:21:45","slug":"visita-madrid","status":"publish","type":"product","link":"https:\/\/www.madridtourstickets.com\/es\/tours\/visita-madrid\/","title":{"rendered":"Visita a Madrid"},"content":{"rendered":"<h1 style=\"text-align: justify;\"><strong>Visita Madrid<\/strong><\/h1>\n<p style=\"text-align: justify;\">Esta excursi\u00f3n es una combinaci\u00f3n de la Panor\u00e1mica de Madrid y el Paseo a pie por Madrid hist\u00f3rico.<\/p>\n<p style=\"text-align: justify;\">\nIniciamos el recorrido con la visita panor\u00e1mica en bus durante dos horas a trav\u00e9s de las m\u00e1s importantes avenidas, plazas y edificios de Madrid con un gu\u00eda oficial que les explicar\u00e1 los monumentos y su historia a trav\u00e9s de las distintas \u00e9pocas. Recorreremos la Puerta de Alcal\u00e1, el ayuntamiento, la Plaza de Cibeles, Gran V\u00eda, el Paseo de la Castellana, el Paseo del Prado\u2026, continuando hacia el Madrid de los rascacielos y la zona financiera de la ciudad.<\/p>\n<p style=\"text-align: justify;\">Continuaremos a pie, aproximadamente durante una hora y media, hacia el casco antiguo de la ciudad, el denominado Madrid de los Austrias. Visitaremos la Plaza Mayor, el Arco de Cuchilleros y las sinuosas calles alrededor de la Plaza de la Villa hasta llegar a la calle Bail\u00e9n para contemplar el exterior neocl\u00e1sico de la Catedral de la Almudena. Finalizaremos en la Plaza de Oriente donde se sit\u00faa el Palacio Real.<\/p>\n<p style=\"text-align: justify;\">Si lo desea puede incluir la entrada y visita interior guiada del impresionante Palacio Real, antigua residencia de los Reyes y magn\u00edficamente decorado con muebles y elementos de la \u00e9poca. Se visitan los salones de recepci\u00f3n oficial, los aposentos del rey Carlos III, sal\u00f3n del trono, el \u00e1rea de museos, la capilla real y los aposentos de la reina Isabel II. Duraci\u00f3n de aprox. 1 hora.<\/p>\n<h5 style=\"text-align: justify;\"><strong>Punto de Encuentro y Finalizaci\u00f3n\u00a0<\/strong><\/h5>\n<p style=\"text-align: justify;\">El Tour Visita Madrid sale de la Calle San Bernardo, 7. Madrid. Las estaciones de metro m\u00e1s cercanas son Santo Domingo (L\u00ednea 2) y Callao (L\u00edneas 3 y 5), situadas a 2 y 5 minutos a pie de la Terminal, respectivamente.\u00a0<a href=\"https:\/\/www.google.nl\/maps\/place\/Calle+de+San+Bernardo,+7,+28013+Madrid,+Espa%C3%B1a\/@40.4211384,-3.710429,17z\/data=!3m1!4b1!4m5!3m4!1s0xd42287b6376f909:0x7b3227970870efb1!8m2!3d40.4211343!4d-3.7082403\" target=\"_blank\" rel=\"noopener\">Ver mapa<\/a><\/p>\n<h5 style=\"text-align: justify;\"><strong>Horarios<\/strong><\/h5>\n<p style=\"text-align: justify;\">09 am. Diaria excepto cierre del Palacio por actos oficiales.<\/p>\n<h5 style=\"text-align: justify;\"><strong>Incluye<\/strong><\/h5>\n<ul style=\"text-align: justify;\">\n<li>Transporte en autocar.<\/li>\n<li>Entradas a monumentos.<\/li>\n<li>Almuerzo en los d\u00edas completos seg\u00fan programa y gu\u00eda oficial.<\/li>\n<\/ul>\n<h5 style=\"text-align: justify;\"><strong>Excluye<\/strong><\/h5>\n<p style=\"text-align: justify;\">El regreso a los hoteles.<\/p>\n<h5 style=\"text-align: justify;\"><strong>Informaci\u00f3n Adicional<\/strong><\/h5>\n<p style=\"text-align: justify;\"><strong>Duraci\u00f3n:\u00a0<\/strong>3 horas y 30 minutos.<\/p>\n<p style=\"text-align: justify;\"><strong>Idiomas:\u00a0<\/strong>Espa\u00f1ol e Ingl\u00e9s<\/p>\n<p style=\"text-align: justify;\"><strong>Lista de Precios:<\/strong><\/p>\n<p style=\"text-align: justify;\">Adulto 31\u20ac | Ni\u00f1os (6-15) 27\u20ac | Senior (+65) 15\u20ac<\/p>\n<p style=\"text-align: justify;\">Ni\u00f1os: gratis hasta 5 a\u00f1os (m\u00e1x. 1 ni\u00f1o x adulto. No incluidas consumiciones ni comidas)<\/p>\n<p style=\"text-align: justify;\"><strong>Nota:\u00a0<em>Tenga en cuenta que en esta atracci\u00f3n el voucher impreso es necesario (no son\u00a0v\u00e1lidos\u00a0los E-Ticket)<\/em>\u00a0<\/strong><\/p>\n<p style=\"text-align: justify;\">Para cualquier petici\u00f3n especial\u00a0<a href=\"https:\/\/www.madridtourstickets.com\/es\/contacto\/\" target=\"_blank\" rel=\"noopener\">contacte con nosotros<\/a>\u00a0o env\u00edenos un mail a booking@madridtourstickets.com<\/p>\n","protected":false},"excerpt":{"rendered":"<p style=\"text-align: justify;\">Esta excursi\u00f3n es una combinaci\u00f3n de la Panor\u00e1mica de Madrid y el Paseo a pie por Madrid hist\u00f3rico.<br \/>\nIniciamos el recorrido con la visita panor\u00e1mica en bus durante dos horas a trav\u00e9s de las m\u00e1s importantes avenidas, plazas y edificios de Madrid con un gu\u00eda oficial que les explicar\u00e1 los monumentos y su historia a trav\u00e9s de las distintas \u00e9pocas.<\/p>\n","protected":false},"featured_media":1957,"template":"","meta":{"generate_page_header":""},"product_brand":[],"product_cat":[37,39],"product_tag":[67,70,68,69],"class_list":{"0":"post-468","1":"product","2":"type-product","3":"status-publish","4":"has-post-thumbnail","6":"product_cat-highlights-es","7":"product_cat-tours-a-pie","8":"product_tag-bus-tours-es","9":"product_tag-highlight-es","10":"product_tag-sightseeing-es","11":"product_tag-walking-tour-es","12":"sales-flash-overlay","13":"woocommerce-text-align-center","14":"woocommerce-image-align-center","15":"do-quantity-buttons","16":"wc-has-gallery","18":"first","19":"instock","20":"virtual","21":"sold-individually","22":"purchasable","23":"product-type-booking"},"_links":{"self":[{"href":"https:\/\/www.madridtourstickets.com\/es\/wp-json\/wp\/v2\/product\/468","targetHints":{"allow":["GET"]}}],"collection":[{"href":"https:\/\/www.madridtourstickets.com\/es\/wp-json\/wp\/v2\/product"}],"about":[{"href":"https:\/\/www.madridtourstickets.com\/es\/wp-json\/wp\/v2\/types\/product"}],"wp:featuredmedia":[{"embeddable":true,"href":"https:\/\/www.madridtourstickets.com\/es\/wp-json\/wp\/v2\/media\/1957"}],"wp:attachment":[{"href":"https:\/\/www.madridtourstickets.com\/es\/wp-json\/wp\/v2\/media?parent=468"}],"wp:term":[{"taxonomy":"product_brand","embeddable":true,"href":"https:\/\/www.madridtourstickets.com\/es\/wp-json\/wp\/v2\/product_brand?post=468"},{"taxonomy":"product_cat","embeddable":true,"href":"https:\/\/www.madridtourstickets.com\/es\/wp-json\/wp\/v2\/product_cat?post=468"},{"taxonomy":"product_tag","embeddable":true,"href":"https:\/\/www.madridtourstickets.com\/es\/wp-json\/wp\/v2\/product_tag?post=468"}],"curies":[{"name":"wp","href":"https:\/\/api.w.org\/{rel}","templated":true}]}}