{"id":1224,"date":"2018-05-30T06:04:47","date_gmt":"2018-05-30T06:04:47","guid":{"rendered":"https:\/\/www.madridtourstickets.com\/?post_type=product&#038;p=1224"},"modified":"2019-03-21T08:28:45","modified_gmt":"2019-03-21T08:28:45","slug":"tour-en-bici-por-el-parque-del-retiro","status":"publish","type":"product","link":"https:\/\/www.madridtourstickets.com\/es\/tours\/tour-en-bici-por-el-parque-del-retiro\/","title":{"rendered":"Tour en Bici por el Parque del Retiro"},"content":{"rendered":"<h1 style=\"text-align: justify;\"><strong>Tour en Bici por el Parque del Retiro<\/strong><\/h1>\n<p style=\"text-align: justify;\"><span style=\"font-weight: 400;\">El\u00a0Parque del Retiro\u00a0es un oasis verde en el centro de\u00a0Madrid. Con sus jardines clasicistas, el jard\u00edn de rosas, sus parterre franc\u00e9s con cipr\u00e9s calvo de alrededor de 400 a\u00f1os de antig\u00fcedad\u2026Y tambi\u00e9n su arquitectura: el\u00a0Palacio de Vel\u00e1zquez, el\u00a0Palacio de<\/span> <span style=\"font-weight: 400;\">Cristal, el\u00a0Estanque Grande\u2026\u00a1No te lo puedes perder si est\u00e1s en\u00a0Madrid!<\/span><\/p>\n<p style=\"text-align: justify;\"><b>Itinerario<\/b><\/p>\n<p style=\"text-align: justify;\"><span style=\"font-weight: 400;\">Plaza de San Miguel, Plaza de Opera, Monasterio de las Descalzas Reales, Calle Alcal\u00e1, Real Academia de Bellas Artes de San Fernando, C\u00edrculo de Bellas Artes, Fuente de Cibeles, Puerta de Alcal\u00e1, Parque del Retiro, Monumento a Alfonso XII, Palacio de Velazquez, Palacio de Cristal, Jardines de Cecilio Rodriguez, Rosaleda, Estatua del Angel Ca\u00eddo, Estanque, Estaci\u00f3n de Atocha, Museo Caixa Forum, Fuente de Neptuno, Museo Thyssen Bornemisza, Museo del Prado, Puerta del Sol, Plaza Mayor<\/span><span style=\"font-weight: 400;\">, Mercado de San Miguel.<\/span><\/p>\n<h5 style=\"text-align: justify;\"><span style=\"font-weight: 400;\"><b>Punto de encuentro y finalizaci\u00f3n<\/b><\/span><\/h5>\n<p style=\"text-align: justify;\">Plaza de San Miguel, n\u00ba 2<\/p>\n<h5 style=\"text-align: justify;\"><strong>Horarios<\/strong><\/h5>\n<p style=\"text-align: justify;\">10.00 am.\/ 12.00 pm.\/ 18.00 pm.\/Diario.<\/p>\n<h5 style=\"text-align: justify;\"><strong>Incluye<\/strong><\/h5>\n<ul style=\"text-align: justify;\">\n<li style=\"list-style-type: none;\">\n<ul>\n<li><span style=\"font-weight: 400;\">Se proporciona casco.<\/span><\/li>\n<li>Chubasqueros en caso de lluvia.<\/li>\n<li>Incluye seguro de responsabilidad civil.<\/li>\n<\/ul>\n<\/li>\n<\/ul>\n<h5 style=\"text-align: justify;\"><strong>Excluye<\/strong><\/h5>\n<p style=\"text-align: justify;\">Seguro de accidentes (Se puede contratar por 1.85\u20ac)<\/p>\n<p style=\"text-align: justify;\">Comidas y\/o bebidas.<\/p>\n<h5 style=\"text-align: justify;\"><strong>Informaci\u00f3n Adicional:<\/strong><\/h5>\n<p style=\"text-align: justify;\"><strong>Duraci\u00f3n:<\/strong>\u00a02 &#8211; 3 horas.<\/p>\n<p style=\"text-align: justify;\"><strong>Idiomas:\u00a0<\/strong>Espa\u00f1ol e Ingl\u00e9s. Otros idiomas ( Franc\u00e9s, Italiano, Ruso) bajo pedido.<\/p>\n<p style=\"text-align: justify;\"><strong>Lista de precios:<\/strong><\/p>\n<p style=\"text-align: justify;\">2 horas bici: 19.90\u20ac<\/p>\n<p style=\"text-align: justify;\">3 horas bici: 29.90\u20ac<\/p>\n<p style=\"text-align: justify;\">2 horas e-bici: 29\u20ac<\/p>\n<p style=\"text-align: justify;\">3 horas e-bici: 39\u20ac<\/p>\n<p style=\"text-align: justify;\">Seguro de Accidentes: 1.85\u20ac<\/p>\n<p style=\"text-align: justify;\">*Precios por persona.<\/p>\n<p style=\"text-align: justify;\"><strong>Requisitos:<\/strong><\/p>\n<p style=\"text-align: justify;\"><span style=\"font-weight: 400;\">Reservar m\u00ednimo 24 horas de antelaci\u00f3n.<\/span><\/p>\n<p style=\"text-align: justify;\">Los ni\u00f1os deben pesar como m\u00ednimo 30kg.<\/p>\n<p style=\"text-align: justify;\">Los adultos deben pesar como m\u00e1ximo 110kg.<\/p>\n<p style=\"text-align: justify;\"><span style=\"font-weight: 400;\">*En caso de cancelaci\u00f3n del tour, no se devuelve el dinero.<\/span><\/p>\n<p style=\"text-align: justify;\"><strong>Note:\u00a0<em>Nota: Tenga en cuenta que en esta atracci\u00f3n el voucher impreso es necesario (no son v\u00e1lidos los E-Ticket)<\/em><\/strong><\/p>\n<p style=\"text-align: justify;\">Para cualquier petici\u00f3n especial contacte con nosotros o env\u00edenos un mail a booking@madridtourstickets.com<\/p>\n<p style=\"text-align: justify;\">\n","protected":false},"excerpt":{"rendered":"<p style=\"text-align: justify;\"><strong>El\u00a0Parque de El Retiro\u00a0es un oasis verde en el centro de\u00a0Madrid. Con sus jardines clasicistas, el jard\u00edn de rosas, sus parterre franc\u00e9s con cipr\u00e9s calvo de alrededor de 400 a\u00f1os de antig\u00fcedad\u2026Y tambi\u00e9n su arquitectura: el\u00a0Palacio de Vel\u00e1zquez, el\u00a0Palacio de Cristal, el\u00a0Estanque Grande\u2026\u00a1No te lo puedes perder si est\u00e1s en\u00a0Madrid!.<\/strong><\/p>\n","protected":false},"featured_media":1708,"template":"","meta":{"generate_page_header":""},"product_brand":[],"product_cat":[34],"product_tag":[43,41,40,68],"class_list":{"0":"post-1224","1":"product","2":"type-product","3":"status-publish","4":"has-post-thumbnail","6":"product_cat-tours-en-bici","7":"product_tag-bicicletas","8":"product_tag-highlights-es","9":"product_tag-madrid-es","10":"product_tag-sightseeing-es","11":"sales-flash-overlay","12":"woocommerce-text-align-center","13":"woocommerce-image-align-center","14":"do-quantity-buttons","15":"wc-has-gallery","17":"first","18":"instock","19":"virtual","20":"sold-individually","21":"purchasable","22":"product-type-booking"},"_links":{"self":[{"href":"https:\/\/www.madridtourstickets.com\/es\/wp-json\/wp\/v2\/product\/1224","targetHints":{"allow":["GET"]}}],"collection":[{"href":"https:\/\/www.madridtourstickets.com\/es\/wp-json\/wp\/v2\/product"}],"about":[{"href":"https:\/\/www.madridtourstickets.com\/es\/wp-json\/wp\/v2\/types\/product"}],"wp:featuredmedia":[{"embeddable":true,"href":"https:\/\/www.madridtourstickets.com\/es\/wp-json\/wp\/v2\/media\/1708"}],"wp:attachment":[{"href":"https:\/\/www.madridtourstickets.com\/es\/wp-json\/wp\/v2\/media?parent=1224"}],"wp:term":[{"taxonomy":"product_brand","embeddable":true,"href":"https:\/\/www.madridtourstickets.com\/es\/wp-json\/wp\/v2\/product_brand?post=1224"},{"taxonomy":"product_cat","embeddable":true,"href":"https:\/\/www.madridtourstickets.com\/es\/wp-json\/wp\/v2\/product_cat?post=1224"},{"taxonomy":"product_tag","embeddable":true,"href":"https:\/\/www.madridtourstickets.com\/es\/wp-json\/wp\/v2\/product_tag?post=1224"}],"curies":[{"name":"wp","href":"https:\/\/api.w.org\/{rel}","templated":true}]}}