{"id":1198,"date":"2018-05-29T08:54:03","date_gmt":"2018-05-29T08:54:03","guid":{"rendered":"https:\/\/www.madridtourstickets.com\/?post_type=product&#038;p=1198"},"modified":"2018-09-26T11:19:44","modified_gmt":"2018-09-26T11:19:44","slug":"tour-en-segway-por-santiago-bernabeu","status":"publish","type":"product","link":"https:\/\/www.madridtourstickets.com\/es\/tours\/tour-en-segway-por-santiago-bernabeu\/","title":{"rendered":"Tour en Segway por Santiago Bernabeu"},"content":{"rendered":"<h1><strong>Tour en Segway por Santiago Bernabeu<\/strong><\/h1>\n<p><span style=\"font-weight: 400;\">Si eres aficionado al f\u00fatbol y quieres visitar el estadio del mejor equipo del mundo, \u00a1este es tu tour! Durante aproximadamente 3 horas, y despu\u00e9s de un breve entrenamiento en el uso del segway, comenzaremos un recorrido que nos llevar\u00e1 a uno de los estadios m\u00e1s famosos del planeta f\u00fatbol.<\/span><\/p>\n<p><b>Itinerario<\/b><\/p>\n<p><span style=\"font-weight: 400;\">Plaza de San Miguel, Calle Mayor<\/span><span style=\"font-weight: 400;\">, Puerta del Sol, Calle Alcal\u00e1, Cibeles, Paseo de la Castellana, Estadio Santiago Bernab\u00e9u,\u00a0<\/span>Retorno a Plaza de San Miguel.<\/p>\n<h5><span style=\"font-weight: 400;\"><b>Punto de encuentro y finalizaci\u00f3n<\/b><\/span><\/h5>\n<p>Plaza de San Miguel, n\u00ba 2<\/p>\n<h5><strong>Horarios<\/strong><\/h5>\n<p>10.00 am. \/ Diario.<\/p>\n<h5><strong>Incluye<\/strong><\/h5>\n<ul>\n<li style=\"list-style-type: none;\">\n<ul>\n<li><span style=\"font-weight: 400;\">Se proporciona casco (uso obligatorio).<\/span><\/li>\n<li>Peque\u00f1o adiestramiento en el manejo del segway.<\/li>\n<li>Chubasqueros en caso de lluvia.<\/li>\n<li>Incluye seguro de responsabilidad civil.<\/li>\n<\/ul>\n<\/li>\n<\/ul>\n<h5><strong>Excluye<\/strong><\/h5>\n<p>Seguro de accidentes (Se puede contratar por 1.85\u20ac)<\/p>\n<p>Comidas y\/o bebidas.<\/p>\n<h5><strong>Informaci\u00f3n Adicional:<\/strong><\/h5>\n<p><strong>Duraci\u00f3n:<\/strong>\u00a03 horas.<\/p>\n<p><strong>Idiomas:\u00a0<\/strong>Espa\u00f1ol e Ingl\u00e9s. Otros idiomas ( Franc\u00e9s, Italiano, Ruso) bajo pedido.<\/p>\n<p><strong>Lista de precios:<\/strong><\/p>\n<p>Adulto: 94\u20ac<\/p>\n<p>Ni\u00f1os (8-12): 89\u20ac<\/p>\n<p>Seguro de Accidentes: 1.85\u20ac<\/p>\n<p>*Precios por persona.<\/p>\n<p><strong>Requisitos:<\/strong><\/p>\n<p><span style=\"font-weight: 400;\">Reservar m\u00ednimo 24 horas de antelaci\u00f3n.<\/span><\/p>\n<p>Los ni\u00f1os deben pesar como m\u00ednimo 30kg.<\/p>\n<p>Los adultos deben pesar como m\u00e1ximo 110kg.<\/p>\n<p><span style=\"font-weight: 400;\">*En caso de cancelaci\u00f3n del tour, no se devuelve el dinero.<\/span><\/p>\n<p><strong>Note:\u00a0<em>Nota: Tenga en cuenta que en esta atracci\u00f3n el voucher impreso es necesario (no son v\u00e1lidos los E-Ticket)<\/em><\/strong><\/p>\n<p>Para cualquier petici\u00f3n especial contacte con nosotros o env\u00edenos un mail a booking@madridtourstickets.com<\/p>\n<p>&nbsp;<\/p>\n","protected":false},"excerpt":{"rendered":"<p><strong>Si eres aficionado al f\u00fatbol y quieres visitar el estadio del mejor equipo del mundo, \u00a1este es tu tour! Durante aproximadamente 3 horas, y despu\u00e9s de un breve entrenamiento en el uso del segway, comenzaremos un recorrido que nos llevar\u00e1 a uno de los estadios m\u00e1s famosos del planeta f\u00fatbol.<\/strong><\/p>\n","protected":false},"featured_media":1736,"template":"","meta":{"generate_page_header":""},"product_brand":[],"product_cat":[38],"product_tag":[41,40,42,68],"class_list":{"0":"post-1198","1":"product","2":"type-product","3":"status-publish","4":"has-post-thumbnail","6":"product_cat-segway-tours-es","7":"product_tag-highlights-es","8":"product_tag-madrid-es","9":"product_tag-segway-es","10":"product_tag-sightseeing-es","11":"sales-flash-overlay","12":"woocommerce-text-align-center","13":"woocommerce-image-align-center","14":"do-quantity-buttons","15":"wc-has-gallery","17":"first","18":"instock","19":"virtual","20":"sold-individually","21":"purchasable","22":"product-type-booking"},"_links":{"self":[{"href":"https:\/\/www.madridtourstickets.com\/es\/wp-json\/wp\/v2\/product\/1198","targetHints":{"allow":["GET"]}}],"collection":[{"href":"https:\/\/www.madridtourstickets.com\/es\/wp-json\/wp\/v2\/product"}],"about":[{"href":"https:\/\/www.madridtourstickets.com\/es\/wp-json\/wp\/v2\/types\/product"}],"wp:featuredmedia":[{"embeddable":true,"href":"https:\/\/www.madridtourstickets.com\/es\/wp-json\/wp\/v2\/media\/1736"}],"wp:attachment":[{"href":"https:\/\/www.madridtourstickets.com\/es\/wp-json\/wp\/v2\/media?parent=1198"}],"wp:term":[{"taxonomy":"product_brand","embeddable":true,"href":"https:\/\/www.madridtourstickets.com\/es\/wp-json\/wp\/v2\/product_brand?post=1198"},{"taxonomy":"product_cat","embeddable":true,"href":"https:\/\/www.madridtourstickets.com\/es\/wp-json\/wp\/v2\/product_cat?post=1198"},{"taxonomy":"product_tag","embeddable":true,"href":"https:\/\/www.madridtourstickets.com\/es\/wp-json\/wp\/v2\/product_tag?post=1198"}],"curies":[{"name":"wp","href":"https:\/\/api.w.org\/{rel}","templated":true}]}}