{"id":1173,"date":"2018-05-29T08:05:56","date_gmt":"2018-05-29T08:05:56","guid":{"rendered":"https:\/\/www.madridtourstickets.com\/?post_type=product&#038;p=1173"},"modified":"2018-09-26T11:35:08","modified_gmt":"2018-09-26T11:35:08","slug":"tour-en-segway-por-el-parque-del-retiro","status":"publish","type":"product","link":"https:\/\/www.madridtourstickets.com\/es\/tours\/tour-en-segway-por-el-parque-del-retiro\/","title":{"rendered":"Tour en Segway por el Parque de El Retiro"},"content":{"rendered":"<h1 style=\"text-align: justify;\"><strong>Tour en Segway por el Parque de El Retiro<\/strong><\/h1>\n<p style=\"text-align: justify;\"><span style=\"font-weight: 400;\">Disfruta de uno de los parques m\u00e1s bellos de Espa\u00f1a, el Retiro con nuestro<a href=\"https:\/\/www.madridtourstickets.com\/es\/categoria-producto\/segway-tours-es\/\"> Tour en Segway<\/a>. Usado antiguamente para el recreo de la corte.<\/span><\/p>\n<p style=\"text-align: justify;\"><b>Itinerario<\/b><\/p>\n<p style=\"text-align: justify;\"><span style=\"font-weight: 400;\">Plaza de San Miguel,\u00a0<\/span><span style=\"font-weight: 400;\">Plaza Mayor, Barrio de las Letras<\/span><span style=\"font-weight: 400;\">,\u00a0<\/span><span style=\"font-weight: 400;\">Paseo del Prado,<\/span>Parque del Retiro,\u00a0<span style=\"font-weight: 400;\">Puerta de Alcal\u00e1,\u00a0Plaza de Cibeles,\u00a0Calle Alcal\u00e1,\u00a0Puerta del Sol,\u00a0Retorno a Plaza de San Miguel.<\/span><\/p>\n<h5 style=\"text-align: justify;\"><span style=\"font-weight: 400;\"><b>Punto de encuentro y finalizaci\u00f3n<\/b><\/span><\/h5>\n<p style=\"text-align: justify;\">Plaza de San Miguel, n\u00ba 2<\/p>\n<h5 style=\"text-align: justify;\"><strong>Horarios<\/strong><\/h5>\n<p style=\"text-align: justify;\">10.00 am.\/ 11.00 am.\/ 12.00 am.\/ 13.00 am.\/ 04.00 pm.\/ 05.00 pm.\/ 06.00 pm.\/ Diario.<\/p>\n<h5 style=\"text-align: justify;\"><strong>Incluye<\/strong><\/h5>\n<ul style=\"text-align: justify;\">\n<li style=\"list-style-type: none;\">\n<ul>\n<li><span style=\"font-weight: 400;\">Se proporciona casco (uso obligatorio).<\/span><\/li>\n<li>Peque\u00f1o adiestramiento en el manejo del segway.<\/li>\n<li>Chubasqueros en caso de lluvia.<\/li>\n<li>Incluye seguro de responsabilidad civil.<\/li>\n<\/ul>\n<\/li>\n<\/ul>\n<h5 style=\"text-align: justify;\"><strong>Excluye<\/strong><\/h5>\n<p style=\"text-align: justify;\">Seguro de accidentes (Se puede contratar por 1.85\u20ac)<\/p>\n<p style=\"text-align: justify;\">Comidas y\/o bebidas.<\/p>\n<h5 style=\"text-align: justify;\"><strong>Informaci\u00f3n Adicional:<\/strong><\/h5>\n<p style=\"text-align: justify;\"><strong>Duraci\u00f3n:<\/strong>\u00a01 hora y 30 minutos.<\/p>\n<p style=\"text-align: justify;\"><strong>Idiomas:\u00a0<\/strong>Espa\u00f1ol e Ingl\u00e9s. Otros idiomas ( Franc\u00e9s, Italiano, Ruso) bajo pedido.<\/p>\n<p style=\"text-align: justify;\"><strong>Lista de precios:<\/strong><\/p>\n<p style=\"text-align: justify;\">1 hora y 30 minutos: 35\u20ac<\/p>\n<p style=\"text-align: justify;\">Seguro de Accidentes: 1.85\u20ac<\/p>\n<p style=\"text-align: justify;\">*Precios por persona.<\/p>\n<p style=\"text-align: justify;\"><strong>Requisitos:<\/strong><\/p>\n<p style=\"text-align: justify;\"><span style=\"font-weight: 400;\">Reservar m\u00ednimo 24 horas de antelaci\u00f3n.<\/span><\/p>\n<p style=\"text-align: justify;\">Los ni\u00f1os deben pesar como m\u00ednimo 30kg.<\/p>\n<p style=\"text-align: justify;\">Los adultos deben pesar como m\u00e1ximo 110kg.<\/p>\n<p style=\"text-align: justify;\"><span style=\"font-weight: 400;\">*En caso de cancelaci\u00f3n del tour, no se devuelve el dinero.<\/span><\/p>\n<p style=\"text-align: justify;\"><strong>Note:\u00a0<em>Nota: Tenga en cuenta que en esta atracci\u00f3n el voucher impreso es necesario (no son v\u00e1lidos los E-Ticket)<\/em><\/strong><\/p>\n<p style=\"text-align: justify;\">Para cualquier petici\u00f3n especial contacte con nosotros o env\u00edenos un mail a booking@madridtourstickets.com<\/p>\n<p style=\"text-align: justify;\">\n","protected":false},"excerpt":{"rendered":"<p style=\"text-align: justify;\"><strong>Disfruta de uno de los parques m\u00e1s bellos de Espa\u00f1a, el Retiro. Usado antiguamente para el recreo de la corte.<\/strong><\/p>\n","protected":false},"featured_media":1891,"template":"","meta":{"generate_page_header":""},"product_brand":[],"product_cat":[38],"product_tag":[41,42,68,84],"class_list":{"0":"post-1173","1":"product","2":"type-product","3":"status-publish","4":"has-post-thumbnail","6":"product_cat-segway-tours-es","7":"product_tag-highlights-es","8":"product_tag-segway-es","9":"product_tag-sightseeing-es","10":"product_tag-tours-es","11":"sales-flash-overlay","12":"woocommerce-text-align-center","13":"woocommerce-image-align-center","14":"do-quantity-buttons","15":"wc-has-gallery","17":"first","18":"instock","19":"virtual","20":"sold-individually","21":"purchasable","22":"product-type-booking"},"_links":{"self":[{"href":"https:\/\/www.madridtourstickets.com\/es\/wp-json\/wp\/v2\/product\/1173","targetHints":{"allow":["GET"]}}],"collection":[{"href":"https:\/\/www.madridtourstickets.com\/es\/wp-json\/wp\/v2\/product"}],"about":[{"href":"https:\/\/www.madridtourstickets.com\/es\/wp-json\/wp\/v2\/types\/product"}],"wp:featuredmedia":[{"embeddable":true,"href":"https:\/\/www.madridtourstickets.com\/es\/wp-json\/wp\/v2\/media\/1891"}],"wp:attachment":[{"href":"https:\/\/www.madridtourstickets.com\/es\/wp-json\/wp\/v2\/media?parent=1173"}],"wp:term":[{"taxonomy":"product_brand","embeddable":true,"href":"https:\/\/www.madridtourstickets.com\/es\/wp-json\/wp\/v2\/product_brand?post=1173"},{"taxonomy":"product_cat","embeddable":true,"href":"https:\/\/www.madridtourstickets.com\/es\/wp-json\/wp\/v2\/product_cat?post=1173"},{"taxonomy":"product_tag","embeddable":true,"href":"https:\/\/www.madridtourstickets.com\/es\/wp-json\/wp\/v2\/product_tag?post=1173"}],"curies":[{"name":"wp","href":"https:\/\/api.w.org\/{rel}","templated":true}]}}