{"id":1158,"date":"2018-05-29T05:28:02","date_gmt":"2018-05-29T05:28:02","guid":{"rendered":"https:\/\/www.madridtourstickets.com\/?post_type=product&#038;p=1158"},"modified":"2018-09-26T11:38:27","modified_gmt":"2018-09-26T11:38:27","slug":"tour-en-segway-panoramico","status":"publish","type":"product","link":"https:\/\/www.madridtourstickets.com\/es\/tours\/tour-en-segway-panoramico\/","title":{"rendered":"Tour en Segway Panor\u00e1mico"},"content":{"rendered":"<h1 style=\"text-align: justify;\">Tour en Segway Panor\u00e1mico<\/h1>\n<p style=\"text-align: justify;\"><span style=\"font-weight: 400;\">Un<a href=\"https:\/\/www.madridtourstickets.com\/es\/categoria-producto\/segway-tours-es\/\"> tour en segway<\/a> conociendo los lugares tur\u00edsticos m\u00e1s emblem\u00e1ticos de la ciudad de Madrid, su historia, an\u00e9cdotas y paisajes \u00fanicos.<\/span><\/p>\n<p style=\"text-align: justify;\"><b>Itinerario<\/b><\/p>\n<p style=\"text-align: justify;\"><span style=\"font-weight: 400;\">Plaza de San Miguel,\u00a0<\/span><span style=\"font-weight: 400;\">Plaza de la Villa,\u00a0<\/span><span style=\"font-weight: 400;\">Catedral de la Almudena,\u00a0<\/span><span style=\"font-weight: 400;\">Palacio Real,\u00a0<\/span><span style=\"font-weight: 400;\">Jardines de Sabatini,\u00a0<\/span><span style=\"font-weight: 400;\">Teatro Real,\u00a0<\/span><span style=\"font-weight: 400;\">Plaza de Opera,\u00a0<\/span><span style=\"font-weight: 400;\">Puerta del Sol,\u00a0<\/span><span style=\"font-weight: 400;\">Plaza Mayor.<\/span><\/p>\n<p style=\"text-align: justify;\"><span style=\"font-weight: 400;\">Si has escogido el tour de\u00a02 o 3 horas\u00a0el recorrido se extiende hasta lugares como el\u00a0Parque del Retiro\u00a0o el\u00a0Paseo del Prado.<\/span><\/p>\n<h5 style=\"text-align: justify;\"><span style=\"font-weight: 400;\"><b>Punto de encuentro y finalizaci\u00f3n<\/b><\/span><\/h5>\n<p style=\"text-align: justify;\">Plaza de San Miguel, n\u00ba 2<\/p>\n<h5 style=\"text-align: justify;\"><strong>Horarios<\/strong><\/h5>\n<p style=\"text-align: justify;\">10.00 am.\/ 11.00 am.\/ 12.00 am.\/ 13.00 am.\/ 04.00 pm.\/ 05.00 pm.\/ 06.00 pm.\/ Diario.<\/p>\n<h5 style=\"text-align: justify;\"><strong>Incluye<\/strong><\/h5>\n<ul style=\"text-align: justify;\">\n<li style=\"list-style-type: none;\">\n<ul>\n<li><span style=\"font-weight: 400;\">Se proporciona casco (uso obligatorio).<\/span><\/li>\n<li>Peque\u00f1o adiestramiento en el manejo del segway.<\/li>\n<li>Chubasqueros en caso de lluvia.<\/li>\n<li>Incluye seguro de responsabilidad civil.<\/li>\n<\/ul>\n<\/li>\n<\/ul>\n<h5 style=\"text-align: justify;\"><strong>Excluye<\/strong><\/h5>\n<p style=\"text-align: justify;\">Seguro de accidentes (Se puede contratar por 1.85\u20ac)<\/p>\n<p style=\"text-align: justify;\">Comidas y\/o bebidas.<\/p>\n<h5 style=\"text-align: justify;\"><strong>Informaci\u00f3n Adicional:<\/strong><\/h5>\n<p style=\"text-align: justify;\"><strong>Duraci\u00f3n:<\/strong>\u00a01 hora &#8211; 3 horas.<\/p>\n<p style=\"text-align: justify;\"><strong>Idiomas:\u00a0<\/strong>Espa\u00f1ol e Ingl\u00e9s. Otros idiomas ( Franc\u00e9s, Italiano, Ruso) bajo pedido.<\/p>\n<p style=\"text-align: justify;\"><strong>Lista de precios:<\/strong><\/p>\n<p style=\"text-align: justify;\">1 hora: 25\u20ac<\/p>\n<p style=\"text-align: justify;\">1 hora y 30 minutos: 35\u20ac<\/p>\n<p style=\"text-align: justify;\">2 horas: 45\u20ac<\/p>\n<p style=\"text-align: justify;\">3 horas: 59\u20ac<\/p>\n<p style=\"text-align: justify;\">Seguro de Accidentes: 1.85\u20ac<\/p>\n<p style=\"text-align: justify;\">*Precios por persona.<\/p>\n<p style=\"text-align: justify;\"><strong>Requisitos:<\/strong><\/p>\n<p style=\"text-align: justify;\"><span style=\"font-weight: 400;\">Reservar m\u00ednimo 24 horas de antelaci\u00f3n.<\/span><\/p>\n<p style=\"text-align: justify;\">Los ni\u00f1os deben pesar como m\u00ednimo 30kg.<\/p>\n<p style=\"text-align: justify;\">Los adultos deben pesar como m\u00e1ximo 110kg.<\/p>\n<p style=\"text-align: justify;\"><span style=\"font-weight: 400;\">*En caso de cancelaci\u00f3n del tour, no se devuelve el dinero.<\/span><\/p>\n<p style=\"text-align: justify;\"><strong>Note:\u00a0<em>Nota: Tenga en cuenta que en esta atracci\u00f3n el voucher impreso es necesario (no son v\u00e1lidos los E-Ticket)<\/em><\/strong><\/p>\n<p style=\"text-align: justify;\">Para cualquier petici\u00f3n especial contacte con nosotros o env\u00edenos un mail a booking@madridtourstickets.com<\/p>\n<p style=\"text-align: justify;\">\n","protected":false},"excerpt":{"rendered":"<p><strong>Un tour en segway conociendo los lugares tur\u00edsticos m\u00e1s emblem\u00e1ticos de la ciudad de Madrid, su historia, an\u00e9cdotas y paisajes \u00fanicos.<\/strong><\/p>\n","protected":false},"featured_media":1765,"template":"","meta":{"generate_page_header":""},"product_brand":[],"product_cat":[38],"product_tag":[41,42,68,84],"class_list":{"0":"post-1158","1":"product","2":"type-product","3":"status-publish","4":"has-post-thumbnail","6":"product_cat-segway-tours-es","7":"product_tag-highlights-es","8":"product_tag-segway-es","9":"product_tag-sightseeing-es","10":"product_tag-tours-es","11":"sales-flash-overlay","12":"woocommerce-text-align-center","13":"woocommerce-image-align-center","14":"do-quantity-buttons","15":"wc-has-gallery","17":"first","18":"instock","19":"virtual","20":"sold-individually","21":"purchasable","22":"product-type-booking"},"_links":{"self":[{"href":"https:\/\/www.madridtourstickets.com\/es\/wp-json\/wp\/v2\/product\/1158","targetHints":{"allow":["GET"]}}],"collection":[{"href":"https:\/\/www.madridtourstickets.com\/es\/wp-json\/wp\/v2\/product"}],"about":[{"href":"https:\/\/www.madridtourstickets.com\/es\/wp-json\/wp\/v2\/types\/product"}],"wp:featuredmedia":[{"embeddable":true,"href":"https:\/\/www.madridtourstickets.com\/es\/wp-json\/wp\/v2\/media\/1765"}],"wp:attachment":[{"href":"https:\/\/www.madridtourstickets.com\/es\/wp-json\/wp\/v2\/media?parent=1158"}],"wp:term":[{"taxonomy":"product_brand","embeddable":true,"href":"https:\/\/www.madridtourstickets.com\/es\/wp-json\/wp\/v2\/product_brand?post=1158"},{"taxonomy":"product_cat","embeddable":true,"href":"https:\/\/www.madridtourstickets.com\/es\/wp-json\/wp\/v2\/product_cat?post=1158"},{"taxonomy":"product_tag","embeddable":true,"href":"https:\/\/www.madridtourstickets.com\/es\/wp-json\/wp\/v2\/product_tag?post=1158"}],"curies":[{"name":"wp","href":"https:\/\/api.w.org\/{rel}","templated":true}]}}