{"id":1153,"date":"2018-05-28T06:14:58","date_gmt":"2018-05-28T06:14:58","guid":{"rendered":"https:\/\/www.madridtourstickets.com\/?post_type=product&#038;p=1153"},"modified":"2018-10-25T12:01:42","modified_gmt":"2018-10-25T12:01:42","slug":"degustacion-de-vinos-en-madrid","status":"publish","type":"product","link":"https:\/\/www.madridtourstickets.com\/es\/tours\/degustacion-de-vinos-en-madrid\/","title":{"rendered":"Degustaci\u00f3n de\u00a0Vinos en Madrid"},"content":{"rendered":"<h1><strong>Degustaci\u00f3n de<\/strong><strong>\u00a0Vinos en Madrid<\/strong><\/h1>\n<p style=\"text-align: justify;\"><span style=\"font-weight: 400;\">Un brindis por Madrid y los maravillosos vinos que podemos disfrutar en la capital espa\u00f1ola. Visitaremos una de las cl\u00e1sicas tabernas familiares que llevan en activo desde 1931. Esta vinoteca es perfecta para degustar los sabores del vino, donde realizaremos una peque\u00f1a introducci\u00f3n de los vinos espa\u00f1oles y aprenderemos las principales Denominaciones de Origen. Diferentes regiones y uvas ser\u00e1n degustadas en la cata. Desde el gustoso Rioja o los inconfundibles Riberas del Duero\u00a0 hasta los vinos espumosos y cavas del noreste de Espa\u00f1a. La selecci\u00f3n de vinos est\u00e1 dirigida por la mano del experto gu\u00eda Mario, quien os recomendar\u00e1 algunos vinos. La degustaci\u00f3n vendr\u00e1 acompa\u00f1ada de explicaciones de cada vino y una selecci\u00f3n de productos espa\u00f1oles como queso y jam\u00f3n. Despu\u00e9s de esta experiencia introductoria al mundo del vino, podr\u00e1s sumergirte tu mismo a descubrir nuevos sabores.<\/span><\/p>\n<p style=\"text-align: justify;\"><span style=\"font-weight: 400;\">Reserva ahora!<\/span><\/p>\n<p style=\"text-align: justify;\"><span style=\"font-weight: 400;\">Nuestra Degustaci\u00f3n de Vinos en Madrid es una de las mejores maneras de introducirte al universo del vino. Con la visita de una tradicional taberna del viejo Madrid y la degustaci\u00f3n de cinco vinos de diferentes regiones.<\/span><\/p>\n<p style=\"text-align: justify;\"><b>Itinerario<\/b><\/p>\n<p style=\"text-align: justify;\"><span style=\"font-weight: 400;\">Plaza de Santa Ana, Calle de las Huertas, Puerta del Sol. Barrio de las Letras.<\/span><\/p>\n<h5 style=\"text-align: justify;\"><span style=\"font-weight: 400;\"><b><br \/>\nPunto de encuentro y finalizaci\u00f3n<br \/>\n<\/b><\/span><\/h5>\n<p style=\"text-align: justify;\">Plaza de Santa Ana, junto la estatua de Calder\u00f3n de la Barca. Os esperamos con un paraguas rojo.<br \/>\nPlaza del Sol<\/p>\n<h5 style=\"text-align: justify;\"><strong>Horario<\/strong><\/h5>\n<p style=\"text-align: justify;\">12.30 pm.\/Diario.<\/p>\n<h5 style=\"text-align: justify;\"><strong>Incluye<\/strong><\/h5>\n<ul style=\"text-align: justify;\">\n<li style=\"list-style-type: none;\">\n<ul>\n<li><span style=\"font-weight: 400;\">Aperitivo y\u00a0 5 Vinos Espa\u00f1oles.<\/span><\/li>\n<\/ul>\n<\/li>\n<\/ul>\n<h5 style=\"text-align: justify;\"><strong>Excluye<\/strong><\/h5>\n<p style=\"text-align: justify;\">Vuelta al hotel. C\u00f3cteles y espirituosos.<\/p>\n<p style=\"text-align: justify;\"><b>Informaci\u00f3n Adicional:<\/b><\/p>\n<p style=\"text-align: justify;\"><span style=\"font-weight: 400;\">S\u00f3lo para adultos. Mayores de 18 a\u00f1os.<\/span><\/p>\n<p style=\"text-align: justify;\"><strong>Duraci\u00f3n:<\/strong>\u00a01 hora y 30 minutos.<\/p>\n<p style=\"text-align: justify;\"><strong>Idiomas: <\/strong>Espa\u00f1ol e Ingl\u00e9s.<\/p>\n<p style=\"text-align: justify;\"><strong>Lista de Precios:\u00a0<\/strong>29.99\u20ac<\/p>\n<p style=\"text-align: justify;\"><b>N\u00famero de Personas por grupo:<\/b>\u00a012 m\u00e1ximo, 2 m\u00ednimo.<\/p>\n<ul style=\"text-align: justify;\">\n<li>Reservar m\u00ednimo 24 horas de antelaci\u00f3n.<\/li>\n<\/ul>\n<p style=\"text-align: justify;\"><strong><em>Nota: Tenga en cuenta que en esta atracci\u00f3n el voucher impreso es necesario (no son v\u00e1lidos los E-Ticket)<\/em><\/strong><\/p>\n<p style=\"text-align: justify;\">Para cualquier petici\u00f3n especial <a href=\"https:\/\/www.madridtourstickets.com\/es\/nosotros\/\">contacte con nosotros<\/a> o env\u00edenos un mail a booking@madridtourstickets.com.<\/p>\n","protected":false},"excerpt":{"rendered":"<p style=\"text-align: justify;\"><span style=\"font-weight: 400;\">Un brindis por Madrid y los maravillosos vinos que podemos disfrutar en la capital espa\u00f1ola. Visitaremos una de las cl\u00e1sicas tabernas familiares que llevan en activo desde 1931. Esta vinoteca es perfecta para degustar los sabores del vino. Donde realizaremos una peque\u00f1a introducci\u00f3n de los vinos espa\u00f1oles y aprenderemos las principales Denominaciones de Origen. <\/span><\/p>\n","protected":false},"featured_media":1689,"template":"","meta":{"generate_page_header":""},"product_brand":[],"product_cat":[39],"product_tag":[80,40,85,86,69],"class_list":{"0":"post-1153","1":"product","2":"type-product","3":"status-publish","4":"has-post-thumbnail","6":"product_cat-tours-a-pie","7":"product_tag-food-es","8":"product_tag-madrid-es","9":"product_tag-tapas-es","10":"product_tag-vino","11":"product_tag-walking-tour-es","12":"sales-flash-overlay","13":"woocommerce-text-align-center","14":"woocommerce-image-align-center","15":"do-quantity-buttons","16":"wc-has-gallery","18":"first","19":"instock","20":"virtual","21":"sold-individually","22":"purchasable","23":"product-type-booking"},"_links":{"self":[{"href":"https:\/\/www.madridtourstickets.com\/es\/wp-json\/wp\/v2\/product\/1153","targetHints":{"allow":["GET"]}}],"collection":[{"href":"https:\/\/www.madridtourstickets.com\/es\/wp-json\/wp\/v2\/product"}],"about":[{"href":"https:\/\/www.madridtourstickets.com\/es\/wp-json\/wp\/v2\/types\/product"}],"wp:featuredmedia":[{"embeddable":true,"href":"https:\/\/www.madridtourstickets.com\/es\/wp-json\/wp\/v2\/media\/1689"}],"wp:attachment":[{"href":"https:\/\/www.madridtourstickets.com\/es\/wp-json\/wp\/v2\/media?parent=1153"}],"wp:term":[{"taxonomy":"product_brand","embeddable":true,"href":"https:\/\/www.madridtourstickets.com\/es\/wp-json\/wp\/v2\/product_brand?post=1153"},{"taxonomy":"product_cat","embeddable":true,"href":"https:\/\/www.madridtourstickets.com\/es\/wp-json\/wp\/v2\/product_cat?post=1153"},{"taxonomy":"product_tag","embeddable":true,"href":"https:\/\/www.madridtourstickets.com\/es\/wp-json\/wp\/v2\/product_tag?post=1153"}],"curies":[{"name":"wp","href":"https:\/\/api.w.org\/{rel}","templated":true}]}}