{"id":1146,"date":"2018-05-28T06:04:52","date_gmt":"2018-05-28T06:04:52","guid":{"rendered":"https:\/\/www.madridtourstickets.com\/?post_type=product&#038;p=1146"},"modified":"2018-09-26T11:47:19","modified_gmt":"2018-09-26T11:47:19","slug":"tour-de-tapas-por-madrid","status":"publish","type":"product","link":"https:\/\/www.madridtourstickets.com\/es\/tours\/tour-de-tapas-por-madrid\/","title":{"rendered":"Tour de Tapas por Madrid"},"content":{"rendered":"<h1><b>Tour de Tapas por Madrid<\/b><\/h1>\n<p style=\"text-align: justify;\" data-mce-style=\"text-align: justify;\"><span style=\"font-weight: 400;\" data-mce-style=\"font-weight: 400;\">Numerosos viajeros ya han probado el mejor Madrid de la mano de nuestros gu\u00edas nativos. Para empezar este tour, haremos una peque\u00f1a y pr\u00e1ctica introducci\u00f3n sobre Madrid. Nuestro gu\u00eda os dar\u00e1 consejos para tener una experiencia como si fuerais aut\u00e9nticos locales. El recorrido nos llevar\u00e1 desde las m\u00e1s antiguas tabernas hasta los lugares m\u00e1s &#8220;cool&#8221; de la ciudad, ofreciendo siempre las tapas m\u00e1s creativas.<\/span><\/p>\n<p style=\"text-align: justify;\" data-mce-style=\"text-align: justify;\"><span style=\"font-weight: 400;\" data-mce-style=\"font-weight: 400;\">Debido al buen tiempo de Madrid, disfrutar\u00e1s de un tour de tapas \u00fanico en Madrid. Adem\u00e1s, nuestro experto gu\u00eda os aconsejar\u00e1 sobre la vida en&nbsp; la capital y lo que hacer en ella.<\/span><\/p>\n<p style=\"text-align: justify;\" data-mce-style=\"text-align: justify;\"><span style=\"font-weight: 400;\" data-mce-style=\"font-weight: 400;\">\u00bfQu\u00e9 es una tapa o raci\u00f3n? y un pintxo, \u00bfqu\u00e9 es un pintxo? Al final del d\u00eda los diferenciar\u00e1s sin ninguna duda. Adem\u00e1s, de haber probado tapas, pintxos y raciones, tambi\u00e9n disfrutar\u00e1s de los mejores vinos espa\u00f1oles.<\/span><\/p>\n<p style=\"text-align: justify;\" data-mce-style=\"text-align: justify;\"><span style=\"font-weight: 400;\" data-mce-style=\"font-weight: 400;\">Si tienes alguna necesidad alimentaria, por favor comun\u00edcanoslo con antelaci\u00f3n. No todos los tours son iguales porque cada grupo es diferente.<\/span><\/p>\n<p style=\"text-align: justify;\" data-mce-style=\"text-align: justify;\"><span style=\"font-weight: 400;\" data-mce-style=\"font-weight: 400;\">Ven y disfruta con nosotros!<\/span><\/p>\n<p style=\"text-align: justify;\" data-mce-style=\"text-align: justify;\"><b>Itinerario<\/b><br \/><span style=\"font-weight: 400;\" data-mce-style=\"font-weight: 400;\">Puerta del Sol, Plaza de Santa Ana, Calle de las Huertas, Plaza del \u00c1ngel, Plaza Jacinto Benavente, Plaza de la Santa Cruz, Plaza Mayor, Cava de San Miguel, Calle Cuchilleros, calle Toledo, la Latina.<\/span><\/p>\n<h5 style=\"text-align: justify;\" data-mce-style=\"text-align: justify;\">Punto de Encuentro y Finalizaci\u00f3n<\/h5>\n<p style=\"text-align: justify;\" data-mce-style=\"text-align: justify;\">Plaza Puerta del Sol, junto la estatua ecuestre del Rey Carlos III. Os esperamos con un paraguas rojo.<\/p>\n<h5 style=\"text-align: justify;\" data-mce-style=\"text-align: justify;\"><strong>Horarios<\/strong><\/h5>\n<p style=\"text-align: justify;\" data-mce-style=\"text-align: justify;\">07.30 pm.\/Diario excepto Lunes.<\/p>\n<h5 style=\"text-align: justify;\" data-mce-style=\"text-align: justify;\"><strong>Incluye<\/strong><\/h5>\n<ul style=\"text-align: justify;\" data-mce-style=\"text-align: justify;\">\n<li style=\"list-style-type: none;\" data-mce-style=\"list-style-type: none;\">\n<ul>\n<li><span style=\"font-weight: 400;\" data-mce-style=\"font-weight: 400;\">Comida (raciones y tapas), bebida (1 vino, sangr\u00eda, cerveza o refresco)<\/span><\/li>\n<\/ul>\n<\/li>\n<\/ul>\n<h5 style=\"text-align: justify;\" data-mce-style=\"text-align: justify;\"><strong>Excluye<\/strong><\/h5>\n<p style=\"text-align: justify;\" data-mce-style=\"text-align: justify;\">Vuelta al hotel. C\u00f3cteles y espirituosos.<\/p>\n<h5 style=\"text-align: justify;\" data-mce-style=\"text-align: justify;\"><strong>Informaci\u00f3n Adicional:<\/strong><\/h5>\n<p style=\"text-align: justify;\" data-mce-style=\"text-align: justify;\"><span style=\"font-weight: 400;\" data-mce-style=\"font-weight: 400;\">Prueba el mejor tour de tapas en Madrid. S\u00f3lo para adultos!<\/span><\/p>\n<p style=\"text-align: justify;\" data-mce-style=\"text-align: justify;\"><span style=\"font-weight: 400;\" data-mce-style=\"font-weight: 400;\">El tour se hace andando<\/span><\/p>\n<p style=\"text-align: justify;\" data-mce-style=\"text-align: justify;\"><strong>Duraci\u00f3n:<\/strong>&nbsp;3 horas.<\/p>\n<p style=\"text-align: justify;\" data-mce-style=\"text-align: justify;\"><strong>Idiomas: <\/strong>Espa\u00f1ol e Ingl\u00e9s.<\/p>\n<p style=\"text-align: justify;\" data-mce-style=\"text-align: justify;\"><strong>Lista de Precios:&nbsp;<\/strong>70\u20ac<\/p>\n<p style=\"text-align: justify;\" data-mce-style=\"text-align: justify;\"><b>N\u00famero de Personas por grupo:<\/b><span style=\"font-weight: 400;\" data-mce-style=\"font-weight: 400;\"> 10 m\u00e1ximo, 2 m\u00ednimo.<\/span><\/p>\n<ul style=\"text-align: justify;\" data-mce-style=\"text-align: justify;\">\n<li>Reservar m\u00ednimo 24 horas de antelaci\u00f3n.<\/li>\n<\/ul>\n<p style=\"text-align: justify;\" data-mce-style=\"text-align: justify;\"><strong><em>Nota: Tenga en cuenta que en esta atracci\u00f3n el voucher impreso es necesario (no son v\u00e1lidos los E-Ticket)<\/em><\/strong><\/p>\n<p style=\"text-align: justify;\" data-mce-style=\"text-align: justify;\">Para cualquier petici\u00f3n especial contacte con nosotros o env\u00edenos un mail a booking@madridtourstickets.com.<\/p>\n<p style=\"text-align: justify;\" data-mce-style=\"text-align: justify;\"><\/p>\n","protected":false},"excerpt":{"rendered":"<p style=\"text-align: justify;\" data-mce-style=\"text-align: justify;\"><span style=\"font-weight: 400;\" data-mce-style=\"font-weight: 400;\">Numerosos viajeros ya han probado el mejor Madrid de la mano de nuestros gu\u00edas nativos. Para empezar este tour, haremos una peque\u00f1a y pr\u00e1ctica introducci\u00f3n sobre Madrid. Nuestro gu\u00eda os dar\u00e1 consejos para tener una experiencia como si fuerais un aut\u00e9ntico local. El recorrido nos llevar\u00e1 desde las m\u00e1s antiguas tabernas hasta los lugares m\u00e1s &#8220;cool&#8221; de la ciudad, ofreciendo siempre las tapas m\u00e1s creativas.<\/span><\/p>\n<p><\/p>\n","protected":false},"featured_media":1750,"template":"","meta":{"generate_page_header":""},"product_brand":[],"product_cat":[39],"product_tag":[80,85,84,86,69],"class_list":{"0":"post-1146","1":"product","2":"type-product","3":"status-publish","4":"has-post-thumbnail","6":"product_cat-tours-a-pie","7":"product_tag-food-es","8":"product_tag-tapas-es","9":"product_tag-tours-es","10":"product_tag-vino","11":"product_tag-walking-tour-es","12":"sales-flash-overlay","13":"woocommerce-text-align-center","14":"woocommerce-image-align-center","15":"do-quantity-buttons","16":"wc-has-gallery","18":"first","19":"instock","20":"virtual","21":"sold-individually","22":"purchasable","23":"product-type-booking"},"_links":{"self":[{"href":"https:\/\/www.madridtourstickets.com\/es\/wp-json\/wp\/v2\/product\/1146","targetHints":{"allow":["GET"]}}],"collection":[{"href":"https:\/\/www.madridtourstickets.com\/es\/wp-json\/wp\/v2\/product"}],"about":[{"href":"https:\/\/www.madridtourstickets.com\/es\/wp-json\/wp\/v2\/types\/product"}],"wp:featuredmedia":[{"embeddable":true,"href":"https:\/\/www.madridtourstickets.com\/es\/wp-json\/wp\/v2\/media\/1750"}],"wp:attachment":[{"href":"https:\/\/www.madridtourstickets.com\/es\/wp-json\/wp\/v2\/media?parent=1146"}],"wp:term":[{"taxonomy":"product_brand","embeddable":true,"href":"https:\/\/www.madridtourstickets.com\/es\/wp-json\/wp\/v2\/product_brand?post=1146"},{"taxonomy":"product_cat","embeddable":true,"href":"https:\/\/www.madridtourstickets.com\/es\/wp-json\/wp\/v2\/product_cat?post=1146"},{"taxonomy":"product_tag","embeddable":true,"href":"https:\/\/www.madridtourstickets.com\/es\/wp-json\/wp\/v2\/product_tag?post=1146"}],"curies":[{"name":"wp","href":"https:\/\/api.w.org\/{rel}","templated":true}]}}