{"id":1136,"date":"2018-05-28T05:45:55","date_gmt":"2018-05-28T05:45:55","guid":{"rendered":"https:\/\/www.madridtourstickets.com\/?post_type=product&#038;p=1136"},"modified":"2018-09-26T11:51:29","modified_gmt":"2018-09-26T11:51:29","slug":"tour-de-tapas-en-familia","status":"publish","type":"product","link":"https:\/\/www.madridtourstickets.com\/es\/tours\/tour-de-tapas-en-familia\/","title":{"rendered":"Tour de Tapas en Familia"},"content":{"rendered":"<h1 style=\"text-align: justify;\"><strong>Tour de Tapas en Familia<\/strong><\/h1>\n<p style=\"text-align: justify;\"><span style=\"font-weight: 400;\">Trae a tu familia a la incre\u00edble experiencia del tapeo. Durante tres horas disfrutaremos de una deliciosa jornada donde los m\u00e1s peque\u00f1os est\u00e1n m\u00e1s que bienvenidos para saborear la gastronom\u00eda de la ciudad.<\/span><\/p>\n<p style=\"text-align: justify;\"><span style=\"font-weight: 400;\">Despu\u00e9s de una pr\u00e1ctica introducci\u00f3n al antiguo Madrid, nuestro gu\u00eda local nos llevar\u00e1 por un perfecto recorrido donde nos dar\u00e1 recomendaciones y consejos de las especialidades culinarias que puede ofrecer a tu familia.<\/span><\/p>\n<p style=\"text-align: justify;\"><span style=\"font-weight: 400;\">\u00bfQu\u00e9 es una tapa o raci\u00f3n? y un pintxo, \u00bfqu\u00e9 es un pintxo? Al final del d\u00eda los diferenciar\u00e1s sin ninguna duda. Adem\u00e1s, de haber probado tapas, pintxos y raciones y disfrutar un d\u00eda en familia.<\/span><br \/>\n<b><\/b><\/p>\n<p style=\"text-align: justify;\">Ven, aprende y disfruta!<\/p>\n<p style=\"text-align: justify;\"><b>Itinerario<\/b><br \/>\n<span style=\"font-weight: 400;\">Puerta del Sol, Plaza de Santa Ana, Calle de las Huertas, Plaza del \u00c1ngel, Plaza Jacinto Benavente, Plaza de la Santa Cruz, Plaza Mayor, Cava de San Miguel, Calle Cuchilleros, calle Toledo, la Latina.<\/span><\/p>\n<h5 style=\"text-align: justify;\">Punto de Encuentro y Finalizaci\u00f3n<\/h5>\n<p style=\"text-align: justify;\">Plaza Puerta del Sol, junto la estatua ecuestre del Rey Carlos III. Os esperamos con un paraguas rojo.<\/p>\n<h5 style=\"text-align: justify;\"><strong>Horarios<\/strong><\/h5>\n<p style=\"text-align: justify;\">01.0 pm.\/Diario excepto Lunes.<\/p>\n<h5 style=\"text-align: justify;\"><strong>Incluye<\/strong><\/h5>\n<ul style=\"text-align: justify;\">\n<li style=\"list-style-type: none;\">\n<ul>\n<li><span style=\"font-weight: 400;\">Comida (raciones and tapas), bebida (1 vino, sangr\u00eda, cerveza o refresco)<\/span><b>,<\/b><span style=\"font-weight: 400;\">\u00a0postre.<\/span><\/li>\n<\/ul>\n<\/li>\n<\/ul>\n<h5 style=\"text-align: justify;\"><strong>Excluye<\/strong><\/h5>\n<p style=\"text-align: justify;\">Vuelta al hotel. C\u00f3cteles y espirituosos.<\/p>\n<h5 style=\"text-align: justify;\"><strong>Informaci\u00f3n Adicional<\/strong><\/h5>\n<p style=\"text-align: justify;\">Prueba el mejor tour de tapas en Madrid para familia<\/p>\n<p style=\"text-align: justify;\">El tour se hace andando.<\/p>\n<p style=\"text-align: justify;\"><strong>Duraci\u00f3n:<\/strong>\u00a03 horas.<\/p>\n<p style=\"text-align: justify;\"><strong>Idiomas:\u00a0<\/strong>Espa\u00f1ol e Ingl\u00e9s.<\/p>\n<p style=\"text-align: justify;\"><strong>Lista de Precios:<\/strong><\/p>\n<p style=\"text-align: justify;\">Adulto 69.99\u20ac | Senior (+65) 64.99\u20ac\u00a0 | Adolescente (12-17)54.99\u20ac | Ni\u00f1os (5-11) 44.99\u20ac\u00a0 | Beb\u00e9s (0-4) Gratis<\/p>\n<p style=\"text-align: justify;\"><span style=\"font-weight: 400;\"><b>N\u00famero de Personas por grupo:<\/b>\u00a0 12 m\u00e1ximo, 2 m\u00ednimo.<\/span><\/p>\n<ul style=\"text-align: justify;\">\n<li>Reservar m\u00ednimo 24 horas de antelaci\u00f3n.<\/li>\n<\/ul>\n<p style=\"text-align: justify;\"><strong><em>Nota: Tenga en cuenta que en esta atracci\u00f3n el voucher impreso es necesario (no son v\u00e1lidos los E-Ticket)<\/em><\/strong><\/p>\n<p style=\"text-align: justify;\">Para cualquier petici\u00f3n especial contacte con nosotros o env\u00edenos un mail a booking@madridtourstickets.com.<\/p>\n","protected":false},"excerpt":{"rendered":"<p style=\"text-align: justify;\"><span style=\"font-weight: 400;\">Trae a tu familia a la incre\u00edble experiencia del tapeo. Durante tres horas disfrutaremos de una deliciosa jornada donde los m\u00e1s peque\u00f1os est\u00e1n m\u00e1s que bienvenidos para saborear la gastronom\u00eda de la ciudad.<\/span><\/p>\n<p>&nbsp;<\/p>\n<p>&nbsp;<\/p>\n","protected":false},"featured_media":1559,"template":"","meta":{"generate_page_header":""},"product_brand":[],"product_cat":[39],"product_tag":[80,85,84,86,69],"class_list":{"0":"post-1136","1":"product","2":"type-product","3":"status-publish","4":"has-post-thumbnail","6":"product_cat-tours-a-pie","7":"product_tag-food-es","8":"product_tag-tapas-es","9":"product_tag-tours-es","10":"product_tag-vino","11":"product_tag-walking-tour-es","12":"sales-flash-overlay","13":"woocommerce-text-align-center","14":"woocommerce-image-align-center","15":"do-quantity-buttons","16":"wc-has-gallery","18":"first","19":"instock","20":"virtual","21":"sold-individually","22":"purchasable","23":"product-type-booking"},"_links":{"self":[{"href":"https:\/\/www.madridtourstickets.com\/es\/wp-json\/wp\/v2\/product\/1136","targetHints":{"allow":["GET"]}}],"collection":[{"href":"https:\/\/www.madridtourstickets.com\/es\/wp-json\/wp\/v2\/product"}],"about":[{"href":"https:\/\/www.madridtourstickets.com\/es\/wp-json\/wp\/v2\/types\/product"}],"wp:featuredmedia":[{"embeddable":true,"href":"https:\/\/www.madridtourstickets.com\/es\/wp-json\/wp\/v2\/media\/1559"}],"wp:attachment":[{"href":"https:\/\/www.madridtourstickets.com\/es\/wp-json\/wp\/v2\/media?parent=1136"}],"wp:term":[{"taxonomy":"product_brand","embeddable":true,"href":"https:\/\/www.madridtourstickets.com\/es\/wp-json\/wp\/v2\/product_brand?post=1136"},{"taxonomy":"product_cat","embeddable":true,"href":"https:\/\/www.madridtourstickets.com\/es\/wp-json\/wp\/v2\/product_cat?post=1136"},{"taxonomy":"product_tag","embeddable":true,"href":"https:\/\/www.madridtourstickets.com\/es\/wp-json\/wp\/v2\/product_tag?post=1136"}],"curies":[{"name":"wp","href":"https:\/\/api.w.org\/{rel}","templated":true}]}}