{"id":1118,"date":"2018-05-21T06:43:03","date_gmt":"2018-05-21T06:43:03","guid":{"rendered":"https:\/\/www.madridtourstickets.com\/?post_type=product&#038;p=1118"},"modified":"2018-09-26T11:57:22","modified_gmt":"2018-09-26T11:57:22","slug":"espectaculo-flamenco-con-tapas","status":"publish","type":"product","link":"https:\/\/www.madridtourstickets.com\/es\/tours\/espectaculo-flamenco-con-tapas\/","title":{"rendered":"Espect\u00e1culo Flamenco con Tapas"},"content":{"rendered":"<h1><strong>Espect\u00e1culo Flamenco con Tapas<\/strong><\/h1>\n<p style=\"text-align: justify;\"><span style=\"font-weight: 400;\">Tenemos la combinaci\u00f3n de Flamenco y Tapas en una m\u00e1gica noche. Empezaremos con una amplia explicaci\u00f3n de la gastronom\u00eda espa\u00f1ola y sus tapas para continuar degust\u00e1ndolas durante nuestro tour. Para terminar viviremos un espect\u00e1culo en directo de Flamenco en las Carboneras, donde tomaremos el postre con una copa para darle broche final a esta noche.<\/span><\/p>\n<p style=\"text-align: justify;\"><span style=\"font-weight: 400;\">Despu\u00e9s de una pr\u00e1ctica informaci\u00f3n sobre el Viejo Madrid de njuetsro gu\u00eda local, nos llevar\u00e1 andando por sus estrechas calles. Durante el recorrido nos dar\u00e1 recomendaciones para probar las mejores especialidades de la capital.<\/span><\/p>\n<p style=\"text-align: justify;\">\u00bfQu\u00e9 es una tapa o raci\u00f3n? y un pintxo, \u00bfqu\u00e9 es un pintxo? Al final del d\u00eda los diferenciar\u00e1s sin ninguna duda. Adem\u00e1s, de haber probado tapas, pintxos y raciones y disfrutar un d\u00eda en familia.<br \/>\n<b><\/b><\/p>\n<p style=\"text-align: justify;\"><span style=\"font-weight: 400;\">\u00bfQu\u00e9 es el Flamenco? \u00bfCu\u00e1ndo comenz\u00f3? \u00bfPor qu\u00e9 est\u00e1 protegido como Patrimonio Cultural Inmaterial de la Humanidad<span style=\"font-size: 13.3333px;\">?<\/span><\/span><\/p>\n<p style=\"text-align: justify;\"><span style=\"font-weight: 400;\">\u00a1Ven, aprende y disfruta de la cultura espa\u00f1ola!<\/span><\/p>\n<p style=\"text-align: justify;\"><b>Itinerario<\/b><\/p>\n<p style=\"text-align: justify;\">Puerta del Sol, Plaza de Santa Ana, Calle de las Huertas, Plaza del \u00c1ngel, Plaza Jacinto Benavente, Plaza de la Santa Cruz, Plaza Mayor, Cava de San Miguel, Calle Cuchilleros, Calle Toledo, La Latina.<\/p>\n<h5 style=\"text-align: justify;\">Punto de Encuentro y Finalizaci\u00f3n<\/h5>\n<p style=\"text-align: justify;\">Plaza Puerta del Sol, junto la estatua ecuestre del Rey Carlos III. Os esperamos con un paraguas rojo.<\/p>\n<h5 style=\"text-align: justify;\"><strong>Horarios<\/strong><\/h5>\n<p style=\"text-align: justify;\">09.30 pm.\/Diario excepto Domingos y Lunes.<\/p>\n<h5 style=\"text-align: justify;\"><strong>Incluye<\/strong><\/h5>\n<ul style=\"text-align: justify;\">\n<li>Comida (raciones and tapas), bebida (1 vino, sangr\u00eda, cerveza o refresco), 50\u00a0<span style=\"font-weight: 400;\">min de espect\u00e1culo Flamenco con\u00a0 postre y combinado.<\/span><\/li>\n<li style=\"list-style-type: none;\"><\/li>\n<\/ul>\n<h5 style=\"text-align: justify;\"><strong>Excluye<\/strong><\/h5>\n<p style=\"text-align: justify;\">Vuelta al hotel. C\u00f3cteles y espirituosos.<\/p>\n<h5 style=\"text-align: justify;\"><strong>Informaci\u00f3n Adicional<\/strong><\/h5>\n<p style=\"text-align: justify;\">Prueba el mejor tour de tapas en Madrid. S\u00f3lo para adultos.<\/p>\n<p style=\"text-align: justify;\">El tour se hace andando.<\/p>\n<p style=\"text-align: justify;\"><strong>Duraci\u00f3n: <\/strong>4 horas.<\/p>\n<p style=\"text-align: justify;\"><strong>Idiomas:\u00a0<\/strong>Espa\u00f1ol e Ingl\u00e9s.<\/p>\n<p style=\"text-align: justify;\"><strong>Lista de Precios:<\/strong><\/p>\n<p style=\"text-align: justify;\">Adulto 104.99\u20ac | Senior (+65) 94.99\u20ac<\/p>\n<p style=\"text-align: justify;\"><b>N\u00famero de personas por grupo:<\/b><span style=\"font-weight: 400;\">\u00a010 m\u00e1ximo, 2 m\u00ednimo<\/span><\/p>\n<ul style=\"text-align: justify;\">\n<li>Reservar m\u00ednimo 24 horas de antelaci\u00f3n.<\/li>\n<\/ul>\n<p style=\"text-align: justify;\"><strong><em>Nota: Tenga en cuenta que en esta atracci\u00f3n el voucher impreso es necesario (no son v\u00e1lidos los E-Ticket)<\/em><\/strong><\/p>\n<p style=\"text-align: justify;\">Para cualquier petici\u00f3n especial contacte con nosotros o env\u00edenos un mail a booking@madridtourstickets.com.<\/p>\n","protected":false},"excerpt":{"rendered":"<p style=\"text-align: justify;\"><span style=\"font-weight: 400;\">Tenemos la combinaci\u00f3n de Flamenco y Tapas en una m\u00e1gica noche. Empezaremos con una amplia explicaci\u00f3n de la gastronom\u00eda espa\u00f1ola y sus tapas para continuar degust\u00e1ndolas durante nuestro tour. Para terminar viviremos un espect\u00e1culo en directo de Flamenco en las Carboneras, donde tomaremos el postre con una copa para darle broche final a esta noche.<\/span><\/p>\n<p>&nbsp;<\/p>\n","protected":false},"featured_media":1897,"template":"","meta":{"generate_page_header":""},"product_brand":[],"product_cat":[35],"product_tag":[87,85,84],"class_list":{"0":"post-1118","1":"product","2":"type-product","3":"status-publish","4":"has-post-thumbnail","6":"product_cat-flamenco-show-es","7":"product_tag-flamenco-es","8":"product_tag-tapas-es","9":"product_tag-tours-es","10":"sales-flash-overlay","11":"woocommerce-text-align-center","12":"woocommerce-image-align-center","13":"do-quantity-buttons","14":"wc-has-gallery","16":"first","17":"instock","18":"virtual","19":"sold-individually","20":"purchasable","21":"product-type-booking"},"_links":{"self":[{"href":"https:\/\/www.madridtourstickets.com\/es\/wp-json\/wp\/v2\/product\/1118","targetHints":{"allow":["GET"]}}],"collection":[{"href":"https:\/\/www.madridtourstickets.com\/es\/wp-json\/wp\/v2\/product"}],"about":[{"href":"https:\/\/www.madridtourstickets.com\/es\/wp-json\/wp\/v2\/types\/product"}],"wp:featuredmedia":[{"embeddable":true,"href":"https:\/\/www.madridtourstickets.com\/es\/wp-json\/wp\/v2\/media\/1897"}],"wp:attachment":[{"href":"https:\/\/www.madridtourstickets.com\/es\/wp-json\/wp\/v2\/media?parent=1118"}],"wp:term":[{"taxonomy":"product_brand","embeddable":true,"href":"https:\/\/www.madridtourstickets.com\/es\/wp-json\/wp\/v2\/product_brand?post=1118"},{"taxonomy":"product_cat","embeddable":true,"href":"https:\/\/www.madridtourstickets.com\/es\/wp-json\/wp\/v2\/product_cat?post=1118"},{"taxonomy":"product_tag","embeddable":true,"href":"https:\/\/www.madridtourstickets.com\/es\/wp-json\/wp\/v2\/product_tag?post=1118"}],"curies":[{"name":"wp","href":"https:\/\/api.w.org\/{rel}","templated":true}]}}