{"id":1110,"date":"2018-05-21T06:00:30","date_gmt":"2018-05-21T06:00:30","guid":{"rendered":"https:\/\/www.madridtourstickets.com\/?post_type=product&#038;p=1110"},"modified":"2020-02-21T16:42:58","modified_gmt":"2020-02-21T16:42:58","slug":"tours-en-ave-sevilla","status":"publish","type":"product","link":"https:\/\/www.madridtourstickets.com\/es\/tours\/tours-en-ave-sevilla\/","title":{"rendered":"Tours en AVE &#8211; Sevilla"},"content":{"rendered":"<h1 style=\"text-align: justify;\"><strong>Tour en AVE<\/strong><\/h1>\n<p style=\"text-align: justify;\">Incluye billetes de tren (ida y vuelta en clase turista) desde la estaci\u00f3n de Atocha y visita de la ciudad elegida. Reserva obligatoria.<\/p>\n<h2 style=\"text-align: justify;\"><strong>Tour en AVE a\u00a0<\/strong><strong>Sevilla<\/strong><\/h2>\n<p style=\"text-align: justify;\">En la visita de la ciudad de Sevilla, con gu\u00eda local, se conocer\u00e1n sus monumentos m\u00e1s importantes como la Universidad, la Antigua F\u00e1brica de Tabacos, la Plaza de Espa\u00f1a, el Palacio de San Telmo, la Torre del oro y el Puente de Isabel II sobre el r\u00edo Guadalquivir, posteriormente se caminar\u00e1 por el viejo barrio de Santa Cruz, antigua Juder\u00eda, con estrechas y pintorescas calles. Tarde libre, hasta tomar el tren de regreso, para visitar opcionalmente el interior de los Reales Alc\u00e1zares y la Catedral con su torre Giralda.<\/p>\n<h5 style=\"text-align: justify;\"><strong>Punto de Encuentro y Finalizaci\u00f3n<\/strong><\/h5>\n<p style=\"text-align: justify;\">Desde la estaci\u00f3n de trenes de Atocha.<\/p>\n<h5 style=\"text-align: justify;\"><strong>Horarios<\/strong><\/h5>\n<p style=\"text-align: justify;\">07.00 am.\/ Diaria.\u00a0Acudir 30 min antes de la hora acordada a la estaci\u00f3n de Atocha.<\/p>\n<h5 style=\"text-align: justify;\"><strong>Incluye<\/strong><\/h5>\n<ul style=\"text-align: justify;\">\n<li style=\"list-style-type: none;\">\n<ul>\n<li>Transporte en autocar.<\/li>\n<li>Entradas a monumentos.<\/li>\n<li>Almuerzo en los d\u00edas completos seg\u00fan programa y gu\u00eda oficial.<\/li>\n<\/ul>\n<\/li>\n<\/ul>\n<h5 style=\"text-align: justify;\"><strong>Excluye<\/strong><\/h5>\n<p style=\"text-align: justify;\">El regreso a los hoteles<\/p>\n<h5 style=\"text-align: justify;\"><strong>Informaci\u00f3n Adicional<\/strong><\/h5>\n<p style=\"text-align: justify;\"><strong>Duraci\u00f3n: <\/strong>12 horas.<\/p>\n<p style=\"text-align: justify;\"><strong>Idiomas: <\/strong>Espa\u00f1ol e Ingl\u00e9s<\/p>\n<p style=\"text-align: justify;\"><strong>Lista de precios:<\/strong><\/p>\n<p style=\"text-align: justify;\">Adulto 190\u20ac | Ni\u00f1os (6-15) 145\u20ac | Senior (+65) 185\u20ac<\/p>\n<p style=\"text-align: justify;\">Ni\u00f1os: gratis hasta 5 a\u00f1os (m\u00e1x. 1 ni\u00f1o x adulto. No incluidas consumiciones ni comidas)<\/p>\n<p style=\"text-align: justify;\">*Una vez confirmado el tour, no admite cambios y\/o devoluciones.<\/p>\n<p style=\"text-align: justify;\"><strong><em>Nota: Tenga en cuenta que en esta atracci\u00f3n el voucher impreso es necesario (no son v\u00e1lidos los E-Ticket)<\/em><\/strong><\/p>\n<p style=\"text-align: justify;\">Para cualquier petici\u00f3n especial contacte con nosotros o env\u00edenos un mail a booking@madridtourstickets.com<\/p>\n<p style=\"text-align: justify;\">\n","protected":false},"excerpt":{"rendered":"<p style=\"text-align: justify;\"><strong>Incluye billetes de tren (ida y vuelta en clase turista) desde la estaci\u00f3n de Atocha y visita de la ciudad elegida. Reserva obligatoria.<\/strong><\/p>\n","protected":false},"featured_media":1899,"template":"","meta":{"generate_page_header":""},"product_brand":[],"product_cat":[33],"product_tag":[],"class_list":{"0":"post-1110","1":"product","2":"type-product","3":"status-publish","4":"has-post-thumbnail","6":"product_cat-uncategorized","7":"sales-flash-overlay","8":"woocommerce-text-align-center","9":"woocommerce-image-align-center","10":"do-quantity-buttons","11":"wc-has-gallery","13":"first","14":"instock","15":"virtual","16":"sold-individually","17":"purchasable","18":"product-type-booking"},"_links":{"self":[{"href":"https:\/\/www.madridtourstickets.com\/es\/wp-json\/wp\/v2\/product\/1110","targetHints":{"allow":["GET"]}}],"collection":[{"href":"https:\/\/www.madridtourstickets.com\/es\/wp-json\/wp\/v2\/product"}],"about":[{"href":"https:\/\/www.madridtourstickets.com\/es\/wp-json\/wp\/v2\/types\/product"}],"wp:featuredmedia":[{"embeddable":true,"href":"https:\/\/www.madridtourstickets.com\/es\/wp-json\/wp\/v2\/media\/1899"}],"wp:attachment":[{"href":"https:\/\/www.madridtourstickets.com\/es\/wp-json\/wp\/v2\/media?parent=1110"}],"wp:term":[{"taxonomy":"product_brand","embeddable":true,"href":"https:\/\/www.madridtourstickets.com\/es\/wp-json\/wp\/v2\/product_brand?post=1110"},{"taxonomy":"product_cat","embeddable":true,"href":"https:\/\/www.madridtourstickets.com\/es\/wp-json\/wp\/v2\/product_cat?post=1110"},{"taxonomy":"product_tag","embeddable":true,"href":"https:\/\/www.madridtourstickets.com\/es\/wp-json\/wp\/v2\/product_tag?post=1110"}],"curies":[{"name":"wp","href":"https:\/\/api.w.org\/{rel}","templated":true}]}}