{"id":1082,"date":"2018-05-17T08:30:16","date_gmt":"2018-05-17T08:30:16","guid":{"rendered":"https:\/\/www.madridtourstickets.com\/?post_type=product&#038;p=1082"},"modified":"2018-09-26T12:15:28","modified_gmt":"2018-09-26T12:15:28","slug":"espectaculo-flamenco-corral-de-la-moreria","status":"publish","type":"product","link":"https:\/\/www.madridtourstickets.com\/es\/tours\/espectaculo-flamenco-corral-de-la-moreria\/","title":{"rendered":"Espect\u00e1culo Flamenco en el Corral de la Morer\u00eda"},"content":{"rendered":"<h1>Espect\u00e1culo Flamenco en el Corral de la Morer\u00eda<\/h1>\n<p style=\"text-align: justify;\">Emplazado en un lugar privilegiado del coraz\u00f3n de Madrid, junto al Palacio Real, es considerado como la Catedral del Arte Flamenco en Espa\u00f1a. Frecuentemente visitado por muchas de las altas personalidades que pasan por Madrid, as\u00ed es que no resultar\u00e1 dif\u00edcil encontrarse en la mesa de al lado con Reyes, Presidentes de Gobierno o famosos artistas internacionales.<\/p>\n<h5 style=\"text-align: justify;\"><strong>Punto de Encuentro y Finalizaci\u00f3n<\/strong><\/h5>\n<p style=\"text-align: justify;\">El Tour sale de la terminal de Trapsatur, Calle San Bernardo, 7. Madrid. Las estaciones de metro m\u00e1s cercanas son Santo Domingo (L\u00ednea 2) y Callao (L\u00edneas 3 y 5), situadas a 2 y 5 minutos a pie de la Terminal, respectivamente.<\/p>\n<h5 style=\"text-align: justify;\"><strong>Horarios<\/strong><\/h5>\n<p style=\"text-align: justify;\"><em>1\u00ba espect\u00e1culo:<\/em> 08.00 pm.<\/p>\n<p style=\"text-align: justify;\"><em>2\u00ba espect\u00e1culo<\/em>: de domingo a jueves a las 10.00 pm. Viernes y s\u00e1bado a las 10.30 pm.<\/p>\n<p style=\"text-align: justify;\"><em>1\u00ba turno cena: 06.00 pm.<\/em>.<\/p>\n<p style=\"text-align: justify;\"><em>2\u00ba turno cena: 09.35 pm.<\/em><\/p>\n<h5 style=\"text-align: justify;\"><strong>Incluye<\/strong><\/h5>\n<ul style=\"text-align: justify;\">\n<li style=\"list-style-type: none;\">\n<ul>\n<li>Transporte en autocar.<\/li>\n<li>Almuerzo en los d\u00edas completos seg\u00fan programa y gu\u00eda oficial.<\/li>\n<\/ul>\n<\/li>\n<\/ul>\n<h5 style=\"text-align: justify;\"><strong>Excluye<\/strong><\/h5>\n<p style=\"text-align: justify;\">El regreso a los hoteles<\/p>\n<h5 style=\"text-align: justify;\"><strong>Informaci\u00f3n Adicional<\/strong><\/h5>\n<p style=\"text-align: justify;\"><strong>Idiomas: <\/strong>Espa\u00f1ol e Ingl\u00e9s<\/p>\n<p style=\"text-align: justify;\"><strong>Lista de precios:<\/strong><\/p>\n<p style=\"text-align: justify;\">Flamenco Show con bebida 48\u20ac*<\/p>\n<p style=\"text-align: justify;\">Flamenco Show y cena 95\u20ac*<\/p>\n<p style=\"text-align: justify;\">*Precios por persona. Men\u00fa Morer\u00eda.<\/p>\n<p style=\"text-align: justify;\">Ni\u00f1os: gratis hasta 5 a\u00f1os (m\u00e1x. 1 ni\u00f1o x adulto. No incluidas consumiciones ni comidas)<\/p>\n<p style=\"text-align: justify;\"><strong>Note: <em>Nota: Tenga en cuenta que en esta atracci\u00f3n el voucher impreso es necesario (no son v\u00e1lidos los E-Ticket)<\/em><\/strong><\/p>\n<p style=\"text-align: justify;\">Para cualquier petici\u00f3n especial contacte con nosotros o env\u00edenos un mail a booking@madridtourstickets.com<\/p>\n<p style=\"text-align: justify;\">\n","protected":false},"excerpt":{"rendered":"<p style=\"text-align: justify;\">Emplazado en un lugar privilegiado del coraz\u00f3n de Madrid, junto al Palacio Real, es considerado como la Catedral del Arte Flamenco en Espa\u00f1a. Frecuentemente visitado por muchas de las altas personalidades que pasan por Madrid, as\u00ed es que no resultar\u00e1 dif\u00edcil encontrarse en la mesa de al lado con Reyes, Presidentes de Gobierno o famosos artistas internacionales.<\/p>\n","protected":false},"featured_media":1861,"template":"","meta":{"generate_page_header":""},"product_brand":[],"product_cat":[35],"product_tag":[87,80,85,86],"class_list":{"0":"post-1082","1":"product","2":"type-product","3":"status-publish","4":"has-post-thumbnail","6":"product_cat-flamenco-show-es","7":"product_tag-flamenco-es","8":"product_tag-food-es","9":"product_tag-tapas-es","10":"product_tag-vino","11":"sales-flash-overlay","12":"woocommerce-text-align-center","13":"woocommerce-image-align-center","14":"do-quantity-buttons","15":"wc-has-gallery","17":"first","18":"instock","19":"virtual","20":"sold-individually","21":"purchasable","22":"product-type-booking"},"_links":{"self":[{"href":"https:\/\/www.madridtourstickets.com\/es\/wp-json\/wp\/v2\/product\/1082","targetHints":{"allow":["GET"]}}],"collection":[{"href":"https:\/\/www.madridtourstickets.com\/es\/wp-json\/wp\/v2\/product"}],"about":[{"href":"https:\/\/www.madridtourstickets.com\/es\/wp-json\/wp\/v2\/types\/product"}],"wp:featuredmedia":[{"embeddable":true,"href":"https:\/\/www.madridtourstickets.com\/es\/wp-json\/wp\/v2\/media\/1861"}],"wp:attachment":[{"href":"https:\/\/www.madridtourstickets.com\/es\/wp-json\/wp\/v2\/media?parent=1082"}],"wp:term":[{"taxonomy":"product_brand","embeddable":true,"href":"https:\/\/www.madridtourstickets.com\/es\/wp-json\/wp\/v2\/product_brand?post=1082"},{"taxonomy":"product_cat","embeddable":true,"href":"https:\/\/www.madridtourstickets.com\/es\/wp-json\/wp\/v2\/product_cat?post=1082"},{"taxonomy":"product_tag","embeddable":true,"href":"https:\/\/www.madridtourstickets.com\/es\/wp-json\/wp\/v2\/product_tag?post=1082"}],"curies":[{"name":"wp","href":"https:\/\/api.w.org\/{rel}","templated":true}]}}