{"id":1048,"date":"2018-05-17T05:45:39","date_gmt":"2018-05-17T05:45:39","guid":{"rendered":"https:\/\/www.madridtourstickets.com\/?post_type=product&#038;p=1048"},"modified":"2018-10-08T07:16:26","modified_gmt":"2018-10-08T07:16:26","slug":"tours-en-privado","status":"publish","type":"product","link":"https:\/\/www.madridtourstickets.com\/es\/tours\/tours-en-privado\/","title":{"rendered":"Tours en Privado"},"content":{"rendered":"<h1><strong>Tours en privado <\/strong><\/h1>\n<p>Trapsatur pone a su disposici\u00f3n un servicio privado y exclusivo para sus visitas. Le recogeremos en su hotel, con un experto gu\u00eda local y un coche privado. Una vez finalice la visita, le trasladaremos a su hotel, para que pueda seguir disfrutando de la ciudad.<\/p>\n<h2><strong>Visita a Madrid<\/strong><\/h2>\n<p>Esta excursi\u00f3n es una combinaci\u00f3n de la Panor\u00e1mica de Madrid y el Paseo a pie por Madrid hist\u00f3rico.<\/p>\n<p>Iniciamos el recorrido con la visita panor\u00e1mica en bus durante dos horas a trav\u00e9s de las m\u00e1s importantes avenidas, plazas y edificios de Madrid con un gu\u00eda oficial que les explicar\u00e1 los monumentos y su historia a trav\u00e9s de las distintas \u00e9pocas. Recorreremos la Puerta de Alcal\u00e1, el ayuntamiento, la Plaza de Cibeles, Gran V\u00eda, el Paseo de la Castellana, el Paseo del Prado\u2026, continuando hacia el Madrid de los rascacielos y la zona financiera de la ciudad&#8230;, continuaremos a pie, aproximadamente durante una hora y media, hacia el casco antiguo de la ciudad, el denominado Madrid de los Austrias. Visitaremos la Plaza Mayor, el Arco de Cuchilleros y las sinuosas calles alrededor de la Plaza de la Villa hasta llegar a la calle Bail\u00e9n para contemplar el exterior neocl\u00e1sico de la Catedral de la Almudena. Finalizaremos en la Plaza de Oriente donde se sit\u00faa el Palacio Real.<\/p>\n<p>Si lo desea puede incluir la entrada y visita interior guiada del impresionante Palacio Real, antigua residencia de los Reyes y magn\u00edficamente decorado con muebles y elementos de la \u00e9poca. Se visitan los salones de recepci\u00f3n oficial, los aposentos del rey Carlos III, sal\u00f3n del trono, el \u00e1rea de museos, la capilla real y los aposentos de la reina Isabel II. Duraci\u00f3n de aprox. 1 hora.<\/p>\n<p><strong>El Escorial &amp; Valle de los Ca\u00eddos<\/strong><\/p>\n<p>El Real Monasterio de San Lorenzo de El Escorial es el monumento que mejor resume las aspiraciones ideol\u00f3gicas y culturales del \u201cSiglo de Oro\u201d espa\u00f1ol. Fue edificado en el siglo XVI bajo el mandato del poderoso rey Felipe II, y concebido como residencia, monasterio y pante\u00f3n de la Casa Real, convirti\u00e9ndose en un s\u00edmbolo de la grandeza del imperio espa\u00f1ol. Ha sido declarado conjunto hist\u00f3rico art\u00edstico, y Patrimonio de la Humanidad en el a\u00f1o 1984. Durante el tour visitaremos el interior del Monasterio, el Palacio Real, Pante\u00f3n de los Reyes y de los Infantes, Salas Capitulares, Claustro de los Cuatro Evangelistas y la bas\u00edlica. El Valle de los Ca\u00eddos es un impresionante monumento erigido en memoria de los ca\u00eddos durante la Guerra Civil Espa\u00f1ola. Situado en el bello valle de Cuelgamuros, en la sierra de Guadarrama, esta colosal obra consta de la bas\u00edlica y cripta excavada en la roca de una monta\u00f1a, y coronada por la imponente cruz de m\u00e1s de 150 metros de altura. Se incluye la entrada al Valle, y visita al interior de la bas\u00edlica.<\/p>\n<p><strong>Toledo medio d\u00eda con catedral<\/strong><\/p>\n<p>A la llegada se inicia la visita a pie de Toledo con un paseo por la ciudad para llegar a la Plaza del ayuntamiento y visita al interior de la Catedral Primada. Si no tiene incluida la Catedral, tendr\u00e1 tiempo libre. Continuaci\u00f3n hacia el Palacio de Justicia y el ayuntamiento. Caminaremos por las estrechas calles del antiguo Barrio Jud\u00edo para entrar en la Iglesia de Santo Tom\u00e9, y admirar el monumental cuadro \u201cEl entierro del Conde Orgaz\u201d, obra cumbre de El Greco. Continuaremos para visitar la Sinagoga de Santa Mar\u00eda la Blanca, testigo de la convivencia de las \u201cTres Culturas\u201d, Posteriormente visita a una f\u00e1brica de Damasquinado, conocido arte toledano heredado de los antiguos artesanos.<\/p>\n<p><em>Visita de la Catedral<\/em><\/p>\n<p>Es uno de los monumentos m\u00e1s impresionantes de Toledo y \u00fanica en Espa\u00f1a, la Gran Catedral de Santa Mar\u00eda de Toledo, opera magna del estilo g\u00f3tico en Espa\u00f1a. Es visita imprescindible en el coraz\u00f3n de Toledo. Una espectacular pieza de la arquitectura y el arte espa\u00f1ol.<\/p>\n<p><strong>Toledo d\u00eda completo con catedral sin almuerzo<\/strong><\/p>\n<p>Comenzamos una panor\u00e1mica de Toledo, y un paseo por la ciudad para llegar a la Plaza del ayuntamiento y visita al interior de la Catedral Primada. Caminaremos por el antiguo Barrio Jud\u00edo para entrar en la Iglesia de Santo Tom\u00e9, y admirar el monumental cuadro \u201cEl entierro del Conde Orgaz\u201d. Continuaremos para visitar la Sinagoga de Santa Mar\u00eda la Blanca, el Monasterio de San Juan de los Reyes y la Ermita del Cristo de la Luz. Visita panor\u00e1mica en el autob\u00fas, con parada para admirar el paisaje urbano desde el otro lado del r\u00edo. Posteriormente visita a una f\u00e1brica de Damasquinado.<\/p>\n<p><strong>\u00c1vila y Segovia sin almuerzo<\/strong><\/p>\n<p>\u00c1vila, ciudad hist\u00f3rica de Espa\u00f1a, con sus magn\u00edficas murallas del siglo XII. La ciudad es cuna de Santa Teresa de Jes\u00fas. Se visitan los exteriores de la Catedral, Plaza Mayor o Mercado Chico, Plaza de San Juan de la Cruz, y los interiores de la Bas\u00edlica Rom\u00e1nica de San Vicente, la Iglesia de San Juan Bautista y la Casa Convento de Santa Teresa de Jes\u00fas.<\/p>\n<p>Segovia es rica en monumentos hist\u00f3ricos, destacando su majestuoso Acueducto Romano. Se visitan los interiores de la Catedral G\u00f3tica, y el Alc\u00e1zar del siglo XII, espectacular construcci\u00f3n fortificada. Ambas ciudades son Ciudades Patrimonio de la Humanidad. La comida se realiza en Segovia.<\/p>\n<h5><strong>Punto de Encuentro y Finalizaci\u00f3n<\/strong><\/h5>\n<p>El Tour sale de la terminal de Trapsatur, Calle San Bernardo, 7. Madrid. Las estaciones de metro m\u00e1s cercanas son Santo Domingo (L\u00ednea 2) y Callao (L\u00edneas 3 y 5), situadas a 2 y 5 minutos a pie de la Terminal, respectivamente.<\/p>\n<h5><strong>Horarios<\/strong><\/h5>\n<p>09.00 am.<\/p>\n<p><strong>Incluye<\/strong><\/p>\n<ul>\n<li style=\"list-style-type: none;\">\n<ul>\n<li>Transporte en autocar.<\/li>\n<li>Entradas a monumentos.<\/li>\n<li>Almuerzo en los d\u00edas completos seg\u00fan programa y gu\u00eda oficial.<\/li>\n<\/ul>\n<\/li>\n<\/ul>\n<h5><strong>Excluye<\/strong><\/h5>\n<p>El regreso a los hoteles<\/p>\n<h5><strong>Informaci\u00f3n Adicional<\/strong><\/h5>\n<p><strong>Idiomas: <\/strong>Espa\u00f1ol e Ingl\u00e9s<\/p>\n<p><strong>Lista de precios:<\/strong><\/p>\n<p>Visita a Madrid: 2-3 personas 115\u20ac | 4-5 personas 65\u20ac | 6-8 personas 50\u20ac<\/p>\n<p>El Escorial &amp; Valle de los Ca\u00eddos : 2-3 personas 160\u20ac | 4-5 personas 90\u20ac | 6-8 personas 70\u20ac<\/p>\n<p>Toledo medio d\u00eda con catedral : 2-3 personas 155\u20ac | 4-5 personas 90\u20ac | 6-8 personas 75\u20ac<\/p>\n<p>Toledo d\u00eda completo con catedral sin almuerzo : 2-3 personas 195\u20ac | 4-5 personas 120\u20ac | 6-8 personas 95\u20ac<\/p>\n<p>\u00c1vila y Segovia sin almuerzo : 2-3 personas 275\u20ac | 4-5 personas 150\u20ac | 6-8 personas 110\u20ac<\/p>\n<p>Ni\u00f1os: gratis hasta 5 a\u00f1os (m\u00e1x. 1 ni\u00f1o x adulto. No incluidas consumiciones ni comidas)<\/p>\n<p>*Precios por persona. Suplemento del 20% para fin de semana, festivos y nocturno. Por favor, cons\u00faltenos para diferentes capacidades de veh\u00edculos. Una vez confirmado el tour, no admite cambios y\/o anulaciones.<\/p>\n<p><strong><em>Nota: Tenga en cuenta que en esta atracci\u00f3n el voucher impreso es necesario (no son v\u00e1lidos los E-Ticket)<\/em><\/strong><\/p>\n<p>Para cualquier petici\u00f3n especial contacte con nosotros o env\u00edenos un mail a booking@madridtourstickets.com<\/p>\n<p>&nbsp;<\/p>\n","protected":false},"excerpt":{"rendered":"<p><strong>Trapsatur pone a su disposici\u00f3n un servicio privado y exclusivo para sus visitas. Le recogeremos en su hotel, con un experto gu\u00eda local y un coche privado. Una vez finalice la visita, le trasladaremos a su hotel, para que pueda seguir disfrutando de la ciudad.<\/strong><\/p>\n","protected":false},"featured_media":320,"template":"","meta":{"generate_page_header":""},"product_brand":[],"product_cat":[37],"product_tag":[41,40],"class_list":{"0":"post-1048","1":"product","2":"type-product","3":"status-publish","4":"has-post-thumbnail","6":"product_cat-highlights-es","7":"product_tag-highlights-es","8":"product_tag-madrid-es","9":"sales-flash-overlay","10":"woocommerce-text-align-center","11":"woocommerce-image-align-center","12":"do-quantity-buttons","13":"wc-has-gallery","15":"first","16":"instock","17":"virtual","18":"sold-individually","19":"purchasable","20":"product-type-booking"},"_links":{"self":[{"href":"https:\/\/www.madridtourstickets.com\/es\/wp-json\/wp\/v2\/product\/1048","targetHints":{"allow":["GET"]}}],"collection":[{"href":"https:\/\/www.madridtourstickets.com\/es\/wp-json\/wp\/v2\/product"}],"about":[{"href":"https:\/\/www.madridtourstickets.com\/es\/wp-json\/wp\/v2\/types\/product"}],"wp:featuredmedia":[{"embeddable":true,"href":"https:\/\/www.madridtourstickets.com\/es\/wp-json\/wp\/v2\/media\/320"}],"wp:attachment":[{"href":"https:\/\/www.madridtourstickets.com\/es\/wp-json\/wp\/v2\/media?parent=1048"}],"wp:term":[{"taxonomy":"product_brand","embeddable":true,"href":"https:\/\/www.madridtourstickets.com\/es\/wp-json\/wp\/v2\/product_brand?post=1048"},{"taxonomy":"product_cat","embeddable":true,"href":"https:\/\/www.madridtourstickets.com\/es\/wp-json\/wp\/v2\/product_cat?post=1048"},{"taxonomy":"product_tag","embeddable":true,"href":"https:\/\/www.madridtourstickets.com\/es\/wp-json\/wp\/v2\/product_tag?post=1048"}],"curies":[{"name":"wp","href":"https:\/\/api.w.org\/{rel}","templated":true}]}}