{"id":1028,"date":"2018-05-17T05:15:55","date_gmt":"2018-05-17T05:15:55","guid":{"rendered":"https:\/\/www.madridtourstickets.com\/?post_type=product&#038;p=1028"},"modified":"2020-02-25T12:41:14","modified_gmt":"2020-02-25T12:41:14","slug":"tours-en-ave-barcelona","status":"publish","type":"product","link":"https:\/\/www.madridtourstickets.com\/es\/tours\/tours-en-ave-barcelona\/","title":{"rendered":"Tour en AVE &#8211; Barcelona"},"content":{"rendered":"<h1 style=\"text-align: justify;\"><strong>Tour en AVE<\/strong><\/h1>\n<p style=\"text-align: justify;\">Incluye billetes de tren (ida y vuelta en clase turista) desde la estaci\u00f3n de Atocha y visita de la ciudad elegida. Reserva obligatoria.<\/p>\n<h2 style=\"text-align: justify;\"><strong>Tour en AVE a\u00a0<\/strong><strong>Barcelona<\/strong><\/h2>\n<p style=\"text-align: justify;\">La visita incluye un recorrido en autob\u00fas descubierto de doble piso, \u201cBarcelona Bus Tur\u00edstic\u201d, en el que podr\u00e1 subir y bajar a su aire durante todo el d\u00eda, disfrutando de una de las ciudades m\u00e1s visitadas de Espa\u00f1a, con una historia de las m\u00e1s antiguas de Europa y llena de numerosos encantos. Tiempo libre hasta tomar el tren de regreso.<\/p>\n<h5 style=\"text-align: justify;\"><strong>Punto de Encuentro y Finalizaci\u00f3n<\/strong><\/h5>\n<p style=\"text-align: justify;\">Desde la estaci\u00f3n de tren de Atocha<\/p>\n<h5 style=\"text-align: justify;\"><strong>Horarios<\/strong><\/h5>\n<p style=\"text-align: justify;\">08.00 am.\/ Diaria.\u00a0Acudir 30 min antes de la hora acordada a la estaci\u00f3n de Atocha.<\/p>\n<h5 style=\"text-align: justify;\"><strong>Incluye<\/strong><\/h5>\n<ul style=\"text-align: justify;\">\n<li style=\"list-style-type: none;\">\n<ul>\n<li>Transporte en autocar.<\/li>\n<li>Entradas a monumentos.<\/li>\n<li>Almuerzo en los d\u00edas completos seg\u00fan programa y gu\u00eda oficial.<\/li>\n<\/ul>\n<\/li>\n<\/ul>\n<h5 style=\"text-align: justify;\"><strong>Excluye<\/strong><\/h5>\n<p style=\"text-align: justify;\">El regreso a los hoteles<\/p>\n<h5 style=\"text-align: justify;\"><strong>Informaci\u00f3n Adicional<\/strong><\/h5>\n<p style=\"text-align: justify;\"><strong>Duraci\u00f3n: <\/strong>12 horas.<\/p>\n<p style=\"text-align: justify;\"><strong>Idiomas: <\/strong>Espa\u00f1ol e Ingl\u00e9s<\/p>\n<p style=\"text-align: justify;\"><strong>Lista de precios:<\/strong><\/p>\n<p style=\"text-align: justify;\">Adulto 260\u20ac | Ni\u00f1os (6-15) 200\u20ac | Senior (+65) 250\u20ac<\/p>\n<p style=\"text-align: justify;\">Ni\u00f1os: gratis hasta 5 a\u00f1os (m\u00e1x. 1 ni\u00f1o x adulto. No incluidas consumiciones ni comidas)<\/p>\n<p style=\"text-align: justify;\">*Una vez confirmado el tour, no admite cambios y\/o devoluciones.<\/p>\n<p style=\"text-align: justify;\"><strong><em>Nota: Tenga en cuenta que en esta atracci\u00f3n el voucher impreso es necesario (no son v\u00e1lidos los E-Ticket)<\/em><\/strong><\/p>\n<p style=\"text-align: justify;\">Para cualquier petici\u00f3n especial\u00a0<a href=\"https:\/\/www.madridtourstickets.com\/es\/contacto\/\">contacte\u00a0con nosotros<\/a>\u00a0o env\u00edenos un mail a booking@madridtourstickets.com<\/p>\n<p style=\"text-align: justify;\">\n","protected":false},"excerpt":{"rendered":"<p style=\"text-align: justify;\"><strong>Incluye billetes de tren (ida y vuelta en clase turista) desde la estaci\u00f3n de Atocha y visita de la ciudad elegida. Reserva obligatoria.<\/strong><\/p>\n","protected":false},"featured_media":1680,"template":"","meta":{"generate_page_header":""},"product_brand":[],"product_cat":[33],"product_tag":[92,89],"class_list":{"0":"post-1028","1":"product","2":"type-product","3":"status-publish","4":"has-post-thumbnail","6":"product_cat-uncategorized","7":"product_tag-barcelona-es","8":"product_tag-train-es","9":"sales-flash-overlay","10":"woocommerce-text-align-center","11":"woocommerce-image-align-center","12":"do-quantity-buttons","13":"wc-has-gallery","15":"first","16":"instock","17":"virtual","18":"sold-individually","19":"purchasable","20":"product-type-booking"},"_links":{"self":[{"href":"https:\/\/www.madridtourstickets.com\/es\/wp-json\/wp\/v2\/product\/1028","targetHints":{"allow":["GET"]}}],"collection":[{"href":"https:\/\/www.madridtourstickets.com\/es\/wp-json\/wp\/v2\/product"}],"about":[{"href":"https:\/\/www.madridtourstickets.com\/es\/wp-json\/wp\/v2\/types\/product"}],"wp:featuredmedia":[{"embeddable":true,"href":"https:\/\/www.madridtourstickets.com\/es\/wp-json\/wp\/v2\/media\/1680"}],"wp:attachment":[{"href":"https:\/\/www.madridtourstickets.com\/es\/wp-json\/wp\/v2\/media?parent=1028"}],"wp:term":[{"taxonomy":"product_brand","embeddable":true,"href":"https:\/\/www.madridtourstickets.com\/es\/wp-json\/wp\/v2\/product_brand?post=1028"},{"taxonomy":"product_cat","embeddable":true,"href":"https:\/\/www.madridtourstickets.com\/es\/wp-json\/wp\/v2\/product_cat?post=1028"},{"taxonomy":"product_tag","embeddable":true,"href":"https:\/\/www.madridtourstickets.com\/es\/wp-json\/wp\/v2\/product_tag?post=1028"}],"curies":[{"name":"wp","href":"https:\/\/api.w.org\/{rel}","templated":true}]}}