{"id":1024,"date":"2018-05-17T05:03:40","date_gmt":"2018-05-17T05:03:40","guid":{"rendered":"https:\/\/www.madridtourstickets.com\/?post_type=product&#038;p=1024"},"modified":"2018-09-26T12:41:27","modified_gmt":"2018-09-26T12:41:27","slug":"desayuno-y-almuerzo-mercado-de-abastos","status":"publish","type":"product","link":"https:\/\/www.madridtourstickets.com\/es\/tours\/desayuno-y-almuerzo-mercado-de-abastos\/","title":{"rendered":"Desayuno y almuerzo en el Mayor Mercado de Abastos de Espa\u00f1a"},"content":{"rendered":"<h1 style=\"text-align: justify;\"><strong>Desayuno y almuerzo en el mayor mercado de abastos de Espa\u00f1a<\/strong><\/h1>\n<p style=\"text-align: justify;\">Con un gu\u00eda especializado degustaremos productos frescos de diferentes partes de Espa\u00f1a en la visita. Los mercados son parte de la cultura de Madrid, visite el m\u00e1s grande y compru\u00e9belo. Degustaci\u00f3n de comida y bebida reci\u00e9n comprada en los establecimientos del mercado como Jam\u00f3n Ib\u00e9rico, Quesos, Mariscos, etc\u2026 Viaje \/ Tickets de Metro incluidos.<\/p>\n<h5 style=\"text-align: justify;\"><strong>Punto de Encuentro y Finalizaci\u00f3n<\/strong><\/h5>\n<p style=\"text-align: justify;\">El Tour sale de la terminal de Trapsatur, Calle San Bernardo, 7. Madrid. Las estaciones de metro m\u00e1s cercanas son Santo Domingo (L\u00ednea 2) y Callao (L\u00edneas 3 y 5), situadas a 2 y 5 minutos a pie de la Terminal, respectivamente.<\/p>\n<h5 style=\"text-align: justify;\"><strong>Horarios<\/strong><\/h5>\n<p style=\"text-align: justify;\">10.00 am.\/ Martes, jueves y s\u00e1bados.<\/p>\n<p style=\"text-align: justify;\">Se requiere reserva previa.<\/p>\n<h5 style=\"text-align: justify;\"><strong>Incluye<\/strong><\/h5>\n<ul style=\"text-align: justify;\">\n<li style=\"list-style-type: none;\">\n<ul>\n<li>Transporte en autocar.<\/li>\n<li>Entradas a monumentos.<\/li>\n<li>Almuerzo en los d\u00edas completos seg\u00fan programa y gu\u00eda oficial.<\/li>\n<\/ul>\n<\/li>\n<\/ul>\n<h5 style=\"text-align: justify;\"><strong>Excluye<\/strong><\/h5>\n<p style=\"text-align: justify;\">El regreso a los hoteles<\/p>\n<h5 style=\"text-align: justify;\"><strong>Informaci\u00f3n Adicional<\/strong><\/h5>\n<p style=\"text-align: justify;\"><strong>Duraci\u00f3n: <\/strong>03 horas.<\/p>\n<p style=\"text-align: justify;\"><strong>Idiomas: <\/strong>Espa\u00f1ol e Ingl\u00e9s<\/p>\n<p style=\"text-align: justify;\"><strong>Lista de precios:<\/strong><\/p>\n<p style=\"text-align: justify;\">Adulto 60\u20ac<\/p>\n<p style=\"text-align: justify;\">Ni\u00f1os: gratis hasta 5 a\u00f1os (m\u00e1x. 1 ni\u00f1o x adulto. No incluidas consumiciones ni comidas)<\/p>\n<p style=\"text-align: justify;\"><strong>Note: <em>Nota: Tenga en cuenta que en esta atracci\u00f3n el voucher impreso es necesario (no son v\u00e1lidos los E-Ticket)<\/em><\/strong><\/p>\n<p style=\"text-align: justify;\">Para cualquier petici\u00f3n especial <a href=\"https:\/\/www.madridtourstickets.com\/es\/contacto\/\">contacte con nosotros<\/a> o env\u00edenos un mail a booking@madridtourstickets.com<\/p>\n<p style=\"text-align: justify;\">\n","protected":false},"excerpt":{"rendered":"<p><strong>Con un gu\u00eda especializado degustaremos productos frescos de diferentes partes de Espa\u00f1a en la visita. Los mercados son parte de la cultura de Madrid<\/strong>, visite el m\u00e1s grande y compru\u00e9belo.<\/p>\n","protected":false},"featured_media":1676,"template":"","meta":{"generate_page_header":""},"product_brand":[],"product_cat":[39],"product_tag":[80,41,40,69],"class_list":{"0":"post-1024","1":"product","2":"type-product","3":"status-publish","4":"has-post-thumbnail","6":"product_cat-tours-a-pie","7":"product_tag-food-es","8":"product_tag-highlights-es","9":"product_tag-madrid-es","10":"product_tag-walking-tour-es","11":"sales-flash-overlay","12":"woocommerce-text-align-center","13":"woocommerce-image-align-center","14":"do-quantity-buttons","15":"wc-has-gallery","17":"first","18":"instock","19":"virtual","20":"sold-individually","21":"purchasable","22":"product-type-booking"},"_links":{"self":[{"href":"https:\/\/www.madridtourstickets.com\/es\/wp-json\/wp\/v2\/product\/1024","targetHints":{"allow":["GET"]}}],"collection":[{"href":"https:\/\/www.madridtourstickets.com\/es\/wp-json\/wp\/v2\/product"}],"about":[{"href":"https:\/\/www.madridtourstickets.com\/es\/wp-json\/wp\/v2\/types\/product"}],"wp:featuredmedia":[{"embeddable":true,"href":"https:\/\/www.madridtourstickets.com\/es\/wp-json\/wp\/v2\/media\/1676"}],"wp:attachment":[{"href":"https:\/\/www.madridtourstickets.com\/es\/wp-json\/wp\/v2\/media?parent=1024"}],"wp:term":[{"taxonomy":"product_brand","embeddable":true,"href":"https:\/\/www.madridtourstickets.com\/es\/wp-json\/wp\/v2\/product_brand?post=1024"},{"taxonomy":"product_cat","embeddable":true,"href":"https:\/\/www.madridtourstickets.com\/es\/wp-json\/wp\/v2\/product_cat?post=1024"},{"taxonomy":"product_tag","embeddable":true,"href":"https:\/\/www.madridtourstickets.com\/es\/wp-json\/wp\/v2\/product_tag?post=1024"}],"curies":[{"name":"wp","href":"https:\/\/api.w.org\/{rel}","templated":true}]}}