{"id":1014,"date":"2018-05-10T10:37:33","date_gmt":"2018-05-10T10:37:33","guid":{"rendered":"https:\/\/www.madridtourstickets.com\/?post_type=product&#038;p=1014"},"modified":"2018-09-27T06:45:46","modified_gmt":"2018-09-27T06:45:46","slug":"tour-gourmet-de-tapas-e-historia-por-madrid","status":"publish","type":"product","link":"https:\/\/www.madridtourstickets.com\/es\/tours\/tour-gourmet-de-tapas-e-historia-por-madrid\/","title":{"rendered":"Tour Gourmet de Tapas e Historia por Madrid"},"content":{"rendered":"<h1 style=\"text-align: justify;\"><strong>Tour Gourmet de Tapas e Historia por Madrid<\/strong><\/h1>\n<p style=\"text-align: justify;\">Tour Gourmet de Tapas e Historia por Madrid con nuestro tour disfrute de una experiencia 2 en 1. Un tour de historia a pie por el viejo Madrid, combinado con un tour de tapas gourmet. Se probar\u00e1n m\u00e1s de 16 sabores, as\u00ed como diferentes vinos espa\u00f1oles. Finalizaremos el tour con el mejor chocolate con churros de Madrid. Suficiente para almorzar o cenar. Visitaremos 4 bares \/ restaurantes t\u00edpicos. Tapas y bebida incluidas en cada sitio. Recorrido guiado a pie. Gu\u00eda espa\u00f1ol experto en gastronom\u00eda e historia. Grupos reducidos<\/p>\n<p style=\"text-align: justify;\"><strong>Punto de Encuentro y Finalizaci\u00f3n<\/strong><\/p>\n<p style=\"text-align: justify;\">Salida desde la Plaza Isabel II (Metro Opera)<\/p>\n<p style=\"text-align: justify;\"><strong>Horarios<\/strong><\/p>\n<p style=\"text-align: justify;\">11.45 am.\/ Lunes, mi\u00e9rcoles, viernes y domingos<\/p>\n<p style=\"text-align: justify;\">07.00 pm.\/ Diaria<\/p>\n<p style=\"text-align: justify;\">Se requiere reserva previa.<\/p>\n<p style=\"text-align: justify;\"><strong>Incluye<\/strong><\/p>\n<ul style=\"text-align: justify;\">\n<li style=\"list-style-type: none;\">\n<ul>\n<li>Transporte en autocar.<\/li>\n<li>Entradas a monumentos.<\/li>\n<li>Almuerzo en los d\u00edas completos seg\u00fan programa y gu\u00eda oficial.<\/li>\n<\/ul>\n<\/li>\n<\/ul>\n<p style=\"text-align: justify;\"><strong>Excluye<\/strong><\/p>\n<p style=\"text-align: justify;\">El regreso a los hoteles<\/p>\n<p style=\"text-align: justify;\"><strong>Informaci\u00f3n Adicional<\/strong><\/p>\n<p style=\"text-align: justify;\"><strong>Duraci\u00f3n: <\/strong>03 horas y 30 minutos<\/p>\n<p style=\"text-align: justify;\"><strong>Idiomas: <\/strong>Espa\u00f1ol e Ingl\u00e9s<\/p>\n<p style=\"text-align: justify;\"><strong>Lista de precios:<\/strong><\/p>\n<p style=\"text-align: justify;\">Adulto 79\u20ac<\/p>\n<p style=\"text-align: justify;\">Ni\u00f1os: gratis hasta 5 a\u00f1os (m\u00e1x. 1 ni\u00f1o x adulto. No incluidas consumiciones ni comidas)<\/p>\n<p style=\"text-align: justify;\"><strong>Note: <em>Nota: Tenga en cuenta que en esta atracci\u00f3n el voucher impreso es necesario (no son v\u00e1lidos los E-Ticket)<\/em><\/strong><\/p>\n<p style=\"text-align: justify;\">Para cualquier petici\u00f3n especial contacte con nosotros o env\u00edenos un mail a booking@madridtourstickets.com<\/p>\n<p style=\"text-align: justify;\">\n","protected":false},"excerpt":{"rendered":"<p><strong>Disfrute de una experiencia 2 en 1. Un tour de historia a pie por el viejo Madrid, combinado con un tour de tapas gourmet.<\/strong> Se probar\u00e1n m\u00e1s de 16 sabores, as\u00ed como diferentes vinos espa\u00f1oles.<\/p>\n","protected":false},"featured_media":317,"template":"","meta":{"generate_page_header":""},"product_brand":[],"product_cat":[39],"product_tag":[80,40,85,86,69],"class_list":{"0":"post-1014","1":"product","2":"type-product","3":"status-publish","4":"has-post-thumbnail","6":"product_cat-tours-a-pie","7":"product_tag-food-es","8":"product_tag-madrid-es","9":"product_tag-tapas-es","10":"product_tag-vino","11":"product_tag-walking-tour-es","12":"sales-flash-overlay","13":"woocommerce-text-align-center","14":"woocommerce-image-align-center","15":"do-quantity-buttons","16":"wc-has-gallery","18":"first","19":"instock","20":"virtual","21":"sold-individually","22":"purchasable","23":"product-type-booking"},"_links":{"self":[{"href":"https:\/\/www.madridtourstickets.com\/es\/wp-json\/wp\/v2\/product\/1014","targetHints":{"allow":["GET"]}}],"collection":[{"href":"https:\/\/www.madridtourstickets.com\/es\/wp-json\/wp\/v2\/product"}],"about":[{"href":"https:\/\/www.madridtourstickets.com\/es\/wp-json\/wp\/v2\/types\/product"}],"wp:featuredmedia":[{"embeddable":true,"href":"https:\/\/www.madridtourstickets.com\/es\/wp-json\/wp\/v2\/media\/317"}],"wp:attachment":[{"href":"https:\/\/www.madridtourstickets.com\/es\/wp-json\/wp\/v2\/media?parent=1014"}],"wp:term":[{"taxonomy":"product_brand","embeddable":true,"href":"https:\/\/www.madridtourstickets.com\/es\/wp-json\/wp\/v2\/product_brand?post=1014"},{"taxonomy":"product_cat","embeddable":true,"href":"https:\/\/www.madridtourstickets.com\/es\/wp-json\/wp\/v2\/product_cat?post=1014"},{"taxonomy":"product_tag","embeddable":true,"href":"https:\/\/www.madridtourstickets.com\/es\/wp-json\/wp\/v2\/product_tag?post=1014"}],"curies":[{"name":"wp","href":"https:\/\/api.w.org\/{rel}","templated":true}]}}