{"id":873,"date":"2018-01-12T14:41:31","date_gmt":"2018-01-12T14:41:31","guid":{"rendered":"https:\/\/www.madridtourstickets.com\/nosotros\/"},"modified":"2018-06-12T16:58:04","modified_gmt":"2018-06-12T16:58:04","slug":"nosotros","status":"publish","type":"page","link":"https:\/\/www.madridtourstickets.com\/es\/nosotros\/","title":{"rendered":"NOSOTROS"},"content":{"rendered":"\t\t<div data-elementor-type=\"wp-post\" data-elementor-id=\"873\" class=\"elementor elementor-873\">\n\t\t\t\t\t\t<section class=\"elementor-section elementor-top-section elementor-element elementor-element-fd778ec elementor-section-stretched elementor-section-full_width elementor-section-height-default elementor-section-height-default\" data-id=\"fd778ec\" data-element_type=\"section\" data-settings=\"{&quot;stretch_section&quot;:&quot;section-stretched&quot;,&quot;background_background&quot;:&quot;classic&quot;}\">\n\t\t\t\t\t\t<div class=\"elementor-container elementor-column-gap-default\">\n\t\t\t\t\t<div class=\"elementor-column elementor-col-100 elementor-top-column elementor-element elementor-element-5f608cc\" data-id=\"5f608cc\" data-element_type=\"column\">\n\t\t\t<div class=\"elementor-widget-wrap elementor-element-populated\">\n\t\t\t\t\t\t<div class=\"elementor-element elementor-element-d6e2e49 elementor-widget elementor-widget-heading\" data-id=\"d6e2e49\" data-element_type=\"widget\" data-widget_type=\"heading.default\">\n\t\t\t\t<div class=\"elementor-widget-container\">\n\t\t\t\t\t<h1 class=\"elementor-heading-title elementor-size-default\">Nosotros<\/h1>\t\t\t\t<\/div>\n\t\t\t\t<\/div>\n\t\t\t\t\t<\/div>\n\t\t<\/div>\n\t\t\t\t\t<\/div>\n\t\t<\/section>\n\t\t\t\t<section class=\"elementor-section elementor-top-section elementor-element elementor-element-356ddb7 elementor-section-boxed elementor-section-height-default elementor-section-height-default\" data-id=\"356ddb7\" data-element_type=\"section\">\n\t\t\t\t\t\t<div class=\"elementor-container elementor-column-gap-default\">\n\t\t\t\t\t<div class=\"elementor-column elementor-col-100 elementor-top-column elementor-element elementor-element-57dfa8b\" data-id=\"57dfa8b\" data-element_type=\"column\">\n\t\t\t<div class=\"elementor-widget-wrap elementor-element-populated\">\n\t\t\t\t\t\t<div class=\"elementor-element elementor-element-728cb57 elementor-widget elementor-widget-heading\" data-id=\"728cb57\" data-element_type=\"widget\" data-widget_type=\"heading.default\">\n\t\t\t\t<div class=\"elementor-widget-container\">\n\t\t\t\t\t<h3 class=\"elementor-heading-title elementor-size-default\">\"Un cliente es la m\u00e1s importante de nuestras premisas, el es parte de nuestro negocio y el prop\u00f3sito del mismo.\u201d <\/h3>\t\t\t\t<\/div>\n\t\t\t\t<\/div>\n\t\t\t\t<div class=\"elementor-element elementor-element-cecbc79 elementor-widget elementor-widget-text-editor\" data-id=\"cecbc79\" data-element_type=\"widget\" data-widget_type=\"text-editor.default\">\n\t\t\t\t<div class=\"elementor-widget-container\">\n\t\t\t\t\t\t\t\t\t<p><i>Mahatma\u00a0Gandhi<\/i><\/p>\n\t\t\t\t\t\t\t\t<\/div>\n\t\t\t\t<\/div>\n\t\t\t\t<div class=\"elementor-element elementor-element-0e18d1c elementor-widget elementor-widget-text-editor\" data-id=\"0e18d1c\" data-element_type=\"widget\" data-widget_type=\"text-editor.default\">\n\t\t\t\t<div class=\"elementor-widget-container\">\n\t\t\t\t\t\t\t\t\t<p>En<a href=\"https:\/\/www.madridtourstickets.com\/es\/tour\/\" target=\"_blank\" rel=\"noopener\"><em> Madrid Tours &amp; Tickets<\/em><\/a> creemos que los recuerdos de tu viaje son lo m\u00e1s importante. Nuestro equipo cuenta con m\u00e1s de 10 a\u00f1os de experiencia en el \u00e1mbito del turismo y del transporte de pasajeros. Y buscamos continuamente la incorporaci\u00f3n de nuevos servicios, de la m\u00e1s alta calidad, a nuestro cat\u00e1logo de productos para proveer de nuevas experiencias en turismo, cultura, gastronom\u00eda y ocio a nuestros clientes. <strong>Nuestra misi\u00f3n es ofrecer a nuestros clientes una visi\u00f3n inolvidable del coraz\u00f3n de ESPA\u00d1A.<\/strong>\u00a0Nos encantar\u00eda contribuir a que usted viva y disfrute una experiencia incre\u00edble. Somos especialista en proveer un alto rango de tours dentro y fuera de Madrid.<\/p>\n\t\t\t\t\t\t\t\t<\/div>\n\t\t\t\t<\/div>\n\t\t\t\t<div class=\"elementor-element elementor-element-e9f79c0 elementor-widget elementor-widget-text-editor\" data-id=\"e9f79c0\" data-element_type=\"widget\" data-widget_type=\"text-editor.default\">\n\t\t\t\t<div class=\"elementor-widget-container\">\n\t\t\t\t\t\t\t\t\t<h3><strong>\u00bfPor qu\u00e9 reservar con nosotros?:<\/strong><\/h3>\n<ul>\n<li>Experiencia y especializaci\u00f3n<\/li>\n<li>Calidad y servicio<\/li>\n<li>Un toque personal<\/li>\n<li>Expertos locales<\/li>\n<li>Fiabilidad<\/li>\n<\/ul>\n<p><strong>Nuestra compa\u00f1\u00eda puede ayudarle a planificar el viaje perfecto. Usted puede reservar sus tours, transfers y eventos con nosotros. Estamos ansiosos por recibir sus propuestas!\u00a0<\/strong><\/p>\n\t\t\t\t\t\t\t\t<\/div>\n\t\t\t\t<\/div>\n\t\t\t\t\t<\/div>\n\t\t<\/div>\n\t\t\t\t\t<\/div>\n\t\t<\/section>\n\t\t\t\t<section class=\"elementor-section elementor-top-section elementor-element elementor-element-d5a1126 elementor-section-stretched elementor-section-full_width elementor-section-height-default elementor-section-height-default\" data-id=\"d5a1126\" data-element_type=\"section\" data-settings=\"{&quot;stretch_section&quot;:&quot;section-stretched&quot;,&quot;background_background&quot;:&quot;classic&quot;}\">\n\t\t\t\t\t\t<div class=\"elementor-container elementor-column-gap-default\">\n\t\t\t\t\t<div class=\"elementor-column elementor-col-100 elementor-top-column elementor-element elementor-element-e1c251b\" data-id=\"e1c251b\" data-element_type=\"column\">\n\t\t\t<div class=\"elementor-widget-wrap elementor-element-populated\">\n\t\t\t\t\t\t<section class=\"elementor-section elementor-inner-section elementor-element elementor-element-dc15266 elementor-section-boxed elementor-section-height-default elementor-section-height-default\" data-id=\"dc15266\" data-element_type=\"section\">\n\t\t\t\t\t\t<div class=\"elementor-container elementor-column-gap-default\">\n\t\t\t\t\t<div class=\"elementor-column elementor-col-50 elementor-inner-column elementor-element elementor-element-62802ad\" data-id=\"62802ad\" data-element_type=\"column\">\n\t\t\t<div class=\"elementor-widget-wrap elementor-element-populated\">\n\t\t\t\t\t\t<div class=\"elementor-element elementor-element-fe92c29 elementor-widget elementor-widget-heading\" data-id=\"fe92c29\" data-element_type=\"widget\" data-widget_type=\"heading.default\">\n\t\t\t\t<div class=\"elementor-widget-container\">\n\t\t\t\t\t<h2 class=\"elementor-heading-title elementor-size-default\">Madrid Tours &amp; Tickets<\/h2>\t\t\t\t<\/div>\n\t\t\t\t<\/div>\n\t\t\t\t\t<\/div>\n\t\t<\/div>\n\t\t\t\t<div class=\"elementor-column elementor-col-50 elementor-inner-column elementor-element elementor-element-abcdbfe\" data-id=\"abcdbfe\" data-element_type=\"column\">\n\t\t\t<div class=\"elementor-widget-wrap elementor-element-populated\">\n\t\t\t\t\t\t<div class=\"elementor-element elementor-element-8b3089c elementor-align-right elementor-widget elementor-widget-button\" data-id=\"8b3089c\" data-element_type=\"widget\" data-widget_type=\"button.default\">\n\t\t\t\t<div class=\"elementor-widget-container\">\n\t\t\t\t\t\t\t\t\t<div class=\"elementor-button-wrapper\">\n\t\t\t\t\t<a class=\"elementor-button elementor-button-link elementor-size-xl\" href=\"#\">\n\t\t\t\t\t\t<span class=\"elementor-button-content-wrapper\">\n\t\t\t\t\t\t\t\t\t<span class=\"elementor-button-text\">Take a loook to our Tours<\/span>\n\t\t\t\t\t<\/span>\n\t\t\t\t\t<\/a>\n\t\t\t\t<\/div>\n\t\t\t\t\t\t\t\t<\/div>\n\t\t\t\t<\/div>\n\t\t\t\t\t<\/div>\n\t\t<\/div>\n\t\t\t\t\t<\/div>\n\t\t<\/section>\n\t\t\t\t\t<\/div>\n\t\t<\/div>\n\t\t\t\t\t<\/div>\n\t\t<\/section>\n\t\t\t\t<\/div>\n\t\t","protected":false},"excerpt":{"rendered":"<p>Nosotros &#8220;Un cliente es la m\u00e1s importante de nuestras premisas, el es parte de nuestro negocio y el prop\u00f3sito del mismo.\u201d Mahatma\u00a0Gandhi En Madrid Tours &amp; Tickets creemos que los recuerdos de tu viaje son lo m\u00e1s importante. Nuestro equipo cuenta con m\u00e1s de 10 a\u00f1os de experiencia en el \u00e1mbito del turismo y del &#8230; <a title=\"NOSOTROS\" class=\"read-more\" href=\"https:\/\/www.madridtourstickets.com\/es\/nosotros\/\">Leer m\u00e1s<\/a><\/p>\n","protected":false},"author":10,"featured_media":0,"parent":0,"menu_order":2,"comment_status":"closed","ping_status":"closed","template":"","meta":{"generate_page_header":"","footnotes":""},"class_list":["post-873","page","type-page","status-publish"],"_links":{"self":[{"href":"https:\/\/www.madridtourstickets.com\/es\/wp-json\/wp\/v2\/pages\/873","targetHints":{"allow":["GET"]}}],"collection":[{"href":"https:\/\/www.madridtourstickets.com\/es\/wp-json\/wp\/v2\/pages"}],"about":[{"href":"https:\/\/www.madridtourstickets.com\/es\/wp-json\/wp\/v2\/types\/page"}],"author":[{"embeddable":true,"href":"https:\/\/www.madridtourstickets.com\/es\/wp-json\/wp\/v2\/users\/10"}],"replies":[{"embeddable":true,"href":"https:\/\/www.madridtourstickets.com\/es\/wp-json\/wp\/v2\/comments?post=873"}],"version-history":[{"count":6,"href":"https:\/\/www.madridtourstickets.com\/es\/wp-json\/wp\/v2\/pages\/873\/revisions"}],"predecessor-version":[{"id":1353,"href":"https:\/\/www.madridtourstickets.com\/es\/wp-json\/wp\/v2\/pages\/873\/revisions\/1353"}],"wp:attachment":[{"href":"https:\/\/www.madridtourstickets.com\/es\/wp-json\/wp\/v2\/media?parent=873"}],"curies":[{"name":"wp","href":"https:\/\/api.w.org\/{rel}","templated":true}]}}